{"id":126459,"date":"2025-07-16T15:14:28","date_gmt":"2025-07-16T13:14:28","guid":{"rendered":"https:\/\/www.recreatie-vakbeurs.nl\/freizeitdorf\/"},"modified":"2025-10-20T09:58:50","modified_gmt":"2025-10-20T07:58:50","slug":"freizeitdorf","status":"publish","type":"page","link":"https:\/\/www.recreatie-vakbeurs.nl\/de\/freizeitdorf\/","title":{"rendered":"Recreatie Dorp"},"content":{"rendered":"\t\t<div data-elementor-type=\"wp-page\" data-elementor-id=\"126459\" class=\"elementor elementor-126459 elementor-91229\" data-elementor-post-type=\"page\">\n\t\t\t\t\t\t<section class=\"elementor-section elementor-top-section elementor-element elementor-element-ea11300 elementor-section-boxed elementor-section-height-default elementor-section-height-default\" data-id=\"ea11300\" data-element_type=\"section\">\n\t\t\t\t\t\t<div class=\"elementor-container elementor-column-gap-default\">\n\t\t\t\t\t<div class=\"elementor-column elementor-col-100 elementor-top-column elementor-element elementor-element-b90e3d3\" data-id=\"b90e3d3\" data-element_type=\"column\">\n\t\t\t<div class=\"elementor-widget-wrap elementor-element-populated\">\n\t\t\t\t\t\t<div class=\"elementor-element elementor-element-0313906 elementor-widget elementor-widget-heading\" data-id=\"0313906\" data-element_type=\"widget\" data-widget_type=\"heading.default\">\n\t\t\t\t<div class=\"elementor-widget-container\">\n\t\t\t\t\t<h2 class=\"elementor-heading-title elementor-size-default\">RECREATIE DORP<\/h2>\t\t\t\t<\/div>\n\t\t\t\t<\/div>\n\t\t\t\t<div class=\"elementor-element elementor-element-a8dde8d elementor-widget elementor-widget-text-editor\" data-id=\"a8dde8d\" data-element_type=\"widget\" data-widget_type=\"text-editor.default\">\n\t\t\t\t<div class=\"elementor-widget-container\">\n\t\t\t\t\t\t\t\t\t<article class=\"text-token-text-primary w-full\" dir=\"auto\" data-testid=\"conversation-turn-224\" data-scroll-anchor=\"true\">\n<div class=\"text-base my-auto mx-auto pb-10 [--thread-content-margin:--spacing(4)] @[37rem]:[--thread-content-margin:--spacing(6)] @[72rem]:[--thread-content-margin:--spacing(16)] px-(--thread-content-margin)\">\n<div class=\"[--thread-content-max-width:32rem] @[34rem]:[--thread-content-max-width:40rem] @[64rem]:[--thread-content-max-width:48rem] mx-auto flex max-w-(--thread-content-max-width) flex-1 text-base gap-4 md:gap-5 lg:gap-6 group\/turn-messages focus-visible:outline-hidden\" tabindex=\"-1\">\n<div class=\"group\/conversation-turn relative flex w-full min-w-0 flex-col agent-turn\">\n<div class=\"relative flex-col gap-1 md:gap-3\">\n<div class=\"flex max-w-full flex-col grow\">\n<div class=\"min-h-8 text-message relative flex w-full flex-col items-end gap-2 text-start break-words whitespace-normal [.text-message+&amp;]:mt-5\" dir=\"auto\" data-message-author-role=\"assistant\" data-message-id=\"cede6dab-baf2-425a-927f-3075e9a6ab2e\" data-message-model-slug=\"gpt-4-1-mini\">\n<div class=\"flex w-full flex-col gap-1 empty:hidden first:pt-[3px]\">\n<div class=\"markdown prose dark:prose-invert w-full break-words light\">\n<p data-start=\"0\" data-end=\"536\" data-is-last-node=\"\" data-is-only-node=\"\">Im kommenden November kehrt das \u201e<strong>Recreatie Dorp<\/strong>\u201c als einer der Publikumsmagneten der Messe zur\u00fcck. Das Dorf erstreckt sich \u00fcber mehr als 1.000 m\u00b2 und besteht aus einem \u00fcberdachten, beheizten Zelt mit einem gem\u00fctlichen Restaurant als Mittelpunkt. Rund um das Zelt sind verschiedene Unterk\u00fcnfte aufgestellt \u2013 von luxuri\u00f6sen Chalets bis hin zu kompakten Tiny Houses. Eine inspirierende Umgebung, in der Sie das echte Outdoor-Feeling in einer realistischen Kulisse erleben k\u00f6nnen!<\/p>\n<\/div>\n<\/div>\n<\/div>\n<\/div>\n<\/div>\n<\/div>\n<\/div>\n<\/div>\n<\/article>\n\t\t\t\t\t\t\t\t<\/div>\n\t\t\t\t<\/div>\n\t\t\t\t\t<\/div>\n\t\t<\/div>\n\t\t\t\t\t<\/div>\n\t\t<\/section>\n\t\t\t\t<section class=\"elementor-section elementor-top-section elementor-element elementor-element-69cb99a elementor-section-boxed elementor-section-height-default elementor-section-height-default\" data-id=\"69cb99a\" data-element_type=\"section\">\n\t\t\t\t\t\t<div class=\"elementor-container elementor-column-gap-default\">\n\t\t\t\t\t<div class=\"elementor-column elementor-col-100 elementor-top-column elementor-element elementor-element-4245962\" data-id=\"4245962\" data-element_type=\"column\">\n\t\t\t<div class=\"elementor-widget-wrap elementor-element-populated\">\n\t\t\t\t\t\t<div class=\"elementor-element elementor-element-f179565 elementor-widget elementor-widget-heading\" data-id=\"f179565\" data-element_type=\"widget\" data-widget_type=\"heading.default\">\n\t\t\t\t<div class=\"elementor-widget-container\">\n\t\t\t\t\t<h2 class=\"elementor-heading-title elementor-size-default\">TEILNEHMER<\/h2>\t\t\t\t<\/div>\n\t\t\t\t<\/div>\n\t\t\t\t\t<\/div>\n\t\t<\/div>\n\t\t\t\t\t<\/div>\n\t\t<\/section>\n\t\t\t\t<section class=\"elementor-section elementor-top-section elementor-element elementor-element-64ebaff elementor-section-boxed elementor-section-height-default elementor-section-height-default\" data-id=\"64ebaff\" data-element_type=\"section\">\n\t\t\t\t\t\t<div class=\"elementor-container elementor-column-gap-default\">\n\t\t\t\t\t<div class=\"elementor-column elementor-col-50 elementor-top-column elementor-element elementor-element-18e1a8f\" data-id=\"18e1a8f\" data-element_type=\"column\">\n\t\t\t<div class=\"elementor-widget-wrap elementor-element-populated\">\n\t\t\t\t\t\t<div class=\"elementor-element elementor-element-b1d4cf8 elementor-widget elementor-widget-text-editor\" data-id=\"b1d4cf8\" data-element_type=\"widget\" data-widget_type=\"text-editor.default\">\n\t\t\t\t<div class=\"elementor-widget-container\">\n\t\t\t\t\t\t\t\t\t<ul><li><a href=\"https:\/\/www.recreatie-vakbeurs.nl\/exhibitors\/eurostretchtents-220919\/\">Mobi House<\/a><\/li><li><a href=\"https:\/\/www.recreatie-vakbeurs.nl\/de\/exhibitors\/woown-222272\/\">WOOWN<\/a><\/li><li><a href=\"https:\/\/www.recreatie-vakbeurs.nl\/de\/exhibitors\/woown-222272\/\">Eurostretch<\/a><\/li><li><a href=\"https:\/\/www.recreatie-vakbeurs.nl\/de\/exhibitors\/lumegroup-bv-225271\/\">Lume Traveller<\/a><\/li><\/ul>\t\t\t\t\t\t\t\t<\/div>\n\t\t\t\t<\/div>\n\t\t\t\t\t<\/div>\n\t\t<\/div>\n\t\t\t\t<div class=\"elementor-column elementor-col-50 elementor-top-column elementor-element elementor-element-a3a4e75\" data-id=\"a3a4e75\" data-element_type=\"column\">\n\t\t\t<div class=\"elementor-widget-wrap elementor-element-populated\">\n\t\t\t\t\t\t<div class=\"elementor-element elementor-element-51f328e elementor-widget elementor-widget-text-editor\" data-id=\"51f328e\" data-element_type=\"widget\" data-widget_type=\"text-editor.default\">\n\t\t\t\t<div class=\"elementor-widget-container\">\n\t\t\t\t\t\t\t\t\t<ul><li><a href=\"https:\/\/www.recreatie-vakbeurs.nl\/de\/exhibitors\/nexhus-einar-216128\/\">Nexhus<\/a><\/li><li><a href=\"https:\/\/www.recreatie-vakbeurs.nl\/de\/exhibitors\/linpro-220404\/\">Linpro<\/a><\/li><li><a href=\"https:\/\/www.recreatie-vakbeurs.nl\/exhibitors\/12springs-trampolines-b-v-201213\/\">12 Spring Trampolines<\/a><\/li><li><a href=\"https:\/\/www.recreatie-vakbeurs.nl\/de\/exhibitors\/wesseling-waterbehandeling-technieken-bv-200915\/\">Wesseling Zwembaden<\/a><\/li><\/ul>\t\t\t\t\t\t\t\t<\/div>\n\t\t\t\t<\/div>\n\t\t\t\t\t<\/div>\n\t\t<\/div>\n\t\t\t\t\t<\/div>\n\t\t<\/section>\n\t\t\t\t<section class=\"elementor-section elementor-top-section elementor-element elementor-element-dc994e2 elementor-section-boxed elementor-section-height-default elementor-section-height-default\" data-id=\"dc994e2\" data-element_type=\"section\">\n\t\t\t\t\t\t<div class=\"elementor-container elementor-column-gap-default\">\n\t\t\t\t\t<div class=\"elementor-column elementor-col-100 elementor-top-column elementor-element elementor-element-e0fba67\" data-id=\"e0fba67\" data-element_type=\"column\">\n\t\t\t<div class=\"elementor-widget-wrap elementor-element-populated\">\n\t\t\t\t\t\t<div class=\"elementor-element elementor-element-898a475 elementor-arrows-position-inside elementor-pagination-position-outside elementor-widget elementor-widget-image-carousel\" data-id=\"898a475\" data-element_type=\"widget\" data-settings=\"{&quot;slides_to_show&quot;:&quot;2&quot;,&quot;navigation&quot;:&quot;both&quot;,&quot;autoplay&quot;:&quot;yes&quot;,&quot;pause_on_hover&quot;:&quot;yes&quot;,&quot;pause_on_interaction&quot;:&quot;yes&quot;,&quot;autoplay_speed&quot;:5000,&quot;infinite&quot;:&quot;yes&quot;,&quot;speed&quot;:500}\" data-widget_type=\"image-carousel.default\">\n\t\t\t\t<div class=\"elementor-widget-container\">\n\t\t\t\t\t\t\t<div class=\"elementor-image-carousel-wrapper swiper\" role=\"region\" aria-roledescription=\"carousel\" aria-label=\"Carrousel afbeelding\" dir=\"ltr\">\n\t\t\t<div class=\"elementor-image-carousel swiper-wrapper\" aria-live=\"off\">\n\t\t\t\t\t\t\t\t<div class=\"swiper-slide\" role=\"group\" aria-roledescription=\"slide\" aria-label=\"1 of 8\"><figure class=\"swiper-slide-inner\"><img decoding=\"async\" class=\"swiper-slide-image\" src=\"https:\/\/easyfairsassets.com\/sites\/201\/2024\/10\/5-300x212.png\" alt=\"Mobi House\" \/><\/figure><\/div><div class=\"swiper-slide\" role=\"group\" aria-roledescription=\"slide\" aria-label=\"2 of 8\"><figure class=\"swiper-slide-inner\"><img decoding=\"async\" class=\"swiper-slide-image\" src=\"https:\/\/easyfairsassets.com\/sites\/201\/2025\/08\/Exp-2025_RV24-25-300x212.png\" alt=\"Woown\" \/><\/figure><\/div><div class=\"swiper-slide\" role=\"group\" aria-roledescription=\"slide\" aria-label=\"3 of 8\"><figure class=\"swiper-slide-inner\"><img decoding=\"async\" class=\"swiper-slide-image\" src=\"https:\/\/easyfairsassets.com\/sites\/201\/2025\/08\/Exp-2025_RV24-25-1-300x212.png\" alt=\"Eurostretch\" \/><\/figure><\/div><div class=\"swiper-slide\" role=\"group\" aria-roledescription=\"slide\" aria-label=\"4 of 8\"><figure class=\"swiper-slide-inner\"><img decoding=\"async\" class=\"swiper-slide-image\" src=\"https:\/\/easyfairsassets.com\/sites\/201\/2025\/08\/Exp-2025_RV24-25-2-300x212.png\" alt=\"Nexhus\" \/><\/figure><\/div><div class=\"swiper-slide\" role=\"group\" aria-roledescription=\"slide\" aria-label=\"5 of 8\"><figure class=\"swiper-slide-inner\"><img decoding=\"async\" class=\"swiper-slide-image\" src=\"https:\/\/easyfairsassets.com\/sites\/201\/2025\/08\/Exp-2025_RV24-25-3-300x212.png\" alt=\"Linpro\" \/><\/figure><\/div><div class=\"swiper-slide\" role=\"group\" aria-roledescription=\"slide\" aria-label=\"6 of 8\"><figure class=\"swiper-slide-inner\"><img decoding=\"async\" class=\"swiper-slide-image\" src=\"https:\/\/easyfairsassets.com\/sites\/201\/2025\/08\/Exp-2025_RV24-25-4-300x212.png\" alt=\"Exp 2025_RV24-25 (4)\" \/><\/figure><\/div><div class=\"swiper-slide\" role=\"group\" aria-roledescription=\"slide\" aria-label=\"7 of 8\"><figure class=\"swiper-slide-inner\"><img decoding=\"async\" class=\"swiper-slide-image\" src=\"https:\/\/easyfairsassets.com\/sites\/201\/2025\/10\/C4814A90-C4BF-FBCA-B285-DA7D04C79ACC-300x169.png\" alt=\"C4814A90-C4BF-FBCA-B285-DA7D04C79ACC\" \/><\/figure><\/div><div class=\"swiper-slide\" role=\"group\" aria-roledescription=\"slide\" aria-label=\"8 of 8\"><figure class=\"swiper-slide-inner\"><img decoding=\"async\" class=\"swiper-slide-image\" src=\"https:\/\/easyfairsassets.com\/sites\/201\/2025\/10\/lumetraveler_logo.jpg\" alt=\"lumetraveler_logo\" \/><\/figure><\/div>\t\t\t<\/div>\n\t\t\t\t\t\t\t\t\t\t\t\t<div class=\"elementor-swiper-button elementor-swiper-button-prev\" role=\"button\" tabindex=\"0\">\n\t\t\t\t\t\t<i aria-hidden=\"true\" class=\"eicon-chevron-left\"><\/i>\t\t\t\t\t<\/div>\n\t\t\t\t\t<div class=\"elementor-swiper-button elementor-swiper-button-next\" role=\"button\" tabindex=\"0\">\n\t\t\t\t\t\t<i aria-hidden=\"true\" class=\"eicon-chevron-right\"><\/i>\t\t\t\t\t<\/div>\n\t\t\t\t\n\t\t\t\t\t\t\t\t\t<div class=\"swiper-pagination\"><\/div>\n\t\t\t\t\t\t\t\t\t<\/div>\n\t\t\t\t\t\t<\/div>\n\t\t\t\t<\/div>\n\t\t\t\t\t<\/div>\n\t\t<\/div>\n\t\t\t\t\t<\/div>\n\t\t<\/section>\n\t\t\t\t<section class=\"elementor-section elementor-top-section elementor-element elementor-element-2d62bc2 elementor-section-boxed elementor-section-height-default elementor-section-height-default\" data-id=\"2d62bc2\" data-element_type=\"section\">\n\t\t\t\t\t\t<div class=\"elementor-container elementor-column-gap-default\">\n\t\t\t\t\t\t<\/div>\n\t\t<\/section>\n\t\t\t\t<section class=\"elementor-section elementor-top-section elementor-element elementor-element-6bc3b46 elementor-section-boxed elementor-section-height-default elementor-section-height-default\" data-id=\"6bc3b46\" data-element_type=\"section\">\n\t\t\t\t\t\t<div class=\"elementor-container elementor-column-gap-default\">\n\t\t\t\t\t<div class=\"elementor-column elementor-col-100 elementor-top-column elementor-element elementor-element-3118904\" data-id=\"3118904\" data-element_type=\"column\">\n\t\t\t<div class=\"elementor-widget-wrap elementor-element-populated\">\n\t\t\t\t\t\t<div class=\"elementor-element elementor-element-3eaa4ab elementor-widget elementor-widget-heading\" data-id=\"3eaa4ab\" data-element_type=\"widget\" data-widget_type=\"heading.default\">\n\t\t\t\t<div class=\"elementor-widget-container\">\n\t\t\t\t\t<h2 class=\"elementor-heading-title elementor-size-default\">Standort<\/h2>\t\t\t\t<\/div>\n\t\t\t\t<\/div>\n\t\t\t\t\t<\/div>\n\t\t<\/div>\n\t\t\t\t\t<\/div>\n\t\t<\/section>\n\t\t\t\t<section class=\"elementor-section elementor-top-section elementor-element elementor-element-19f404e elementor-section-boxed elementor-section-height-default elementor-section-height-default\" data-id=\"19f404e\" data-element_type=\"section\">\n\t\t\t\t\t\t<div class=\"elementor-container elementor-column-gap-default\">\n\t\t\t\t\t<div class=\"elementor-column elementor-col-33 elementor-top-column elementor-element elementor-element-c013c3c\" data-id=\"c013c3c\" data-element_type=\"column\">\n\t\t\t<div class=\"elementor-widget-wrap\">\n\t\t\t\t\t\t\t<\/div>\n\t\t<\/div>\n\t\t\t\t<div class=\"elementor-column elementor-col-33 elementor-top-column elementor-element elementor-element-4db23db\" data-id=\"4db23db\" data-element_type=\"column\">\n\t\t\t<div class=\"elementor-widget-wrap elementor-element-populated\">\n\t\t\t\t\t\t<div class=\"elementor-element elementor-element-d974512 elementor-widget elementor-widget-image\" data-id=\"d974512\" data-element_type=\"widget\" data-widget_type=\"image.default\">\n\t\t\t\t<div class=\"elementor-widget-container\">\n\t\t\t\t\t\t\t\t\t\t\t\t<figure class=\"wp-caption\">\n\t\t\t\t\t\t\t\t\t\t\t<a href=\"https:\/\/map.mapsindoors.com\/?apiKey=ed05c003871f4e6e8e2d5bdc\" target=\"_blank\">\n\t\t\t\t\t\t\t<img fetchpriority=\"high\" decoding=\"async\" width=\"768\" height=\"610\" src=\"https:\/\/easyfairsassets.com\/sites\/201\/2025\/05\/RecreatieDorp2025-768x610.png\" class=\"attachment-medium_large size-medium_large wp-image-121144\" alt=\"\" srcset=\"https:\/\/easyfairsassets.com\/sites\/201\/2025\/05\/RecreatieDorp2025-768x610.png 768w, https:\/\/easyfairsassets.com\/sites\/201\/2025\/05\/RecreatieDorp2025-300x238.png 300w, https:\/\/easyfairsassets.com\/sites\/201\/2025\/05\/RecreatieDorp2025.png 855w\" sizes=\"(max-width: 768px) 100vw, 768px\" \/>\t\t\t\t\t\t\t\t<\/a>\n\t\t\t\t\t\t\t\t\t\t\t<figcaption class=\"widget-image-caption wp-caption-text\">\ud83d\udccd Halle 7<\/figcaption>\n\t\t\t\t\t\t\t\t\t\t<\/figure>\n\t\t\t\t\t\t\t\t\t<\/div>\n\t\t\t\t<\/div>\n\t\t\t\t\t<\/div>\n\t\t<\/div>\n\t\t\t\t<div class=\"elementor-column elementor-col-33 elementor-top-column elementor-element elementor-element-fbaea87\" data-id=\"fbaea87\" data-element_type=\"column\">\n\t\t\t<div class=\"elementor-widget-wrap\">\n\t\t\t\t\t\t\t<\/div>\n\t\t<\/div>\n\t\t\t\t\t<\/div>\n\t\t<\/section>\n\t\t\t\t<section class=\"elementor-section elementor-top-section elementor-element elementor-element-6dc6c67 elementor-section-boxed elementor-section-height-default elementor-section-height-default\" data-id=\"6dc6c67\" data-element_type=\"section\">\n\t\t\t\t\t\t<div class=\"elementor-container elementor-column-gap-default\">\n\t\t\t\t\t<div class=\"elementor-column elementor-col-33 elementor-top-column elementor-element elementor-element-922f35d\" data-id=\"922f35d\" data-element_type=\"column\">\n\t\t\t<div class=\"elementor-widget-wrap elementor-element-populated\">\n\t\t\t\t\t\t<div class=\"elementor-element elementor-element-2d757d0 elementor-widget elementor-widget-image\" data-id=\"2d757d0\" data-element_type=\"widget\" data-widget_type=\"image.default\">\n\t\t\t\t<div class=\"elementor-widget-container\">\n\t\t\t\t\t\t\t\t\t\t\t\t\t\t\t<img decoding=\"async\" width=\"800\" height=\"534\" src=\"https:\/\/easyfairsassets.com\/sites\/201\/2024\/11\/20241113-EASYFAIRS-RECREATIE-VAKBEURS-LR-368-1-1024x683.jpg\" class=\"attachment-large size-large wp-image-120479\" alt=\"\" srcset=\"https:\/\/easyfairsassets.com\/sites\/201\/2024\/11\/20241113-EASYFAIRS-RECREATIE-VAKBEURS-LR-368-1-1024x683.jpg 1024w, https:\/\/easyfairsassets.com\/sites\/201\/2024\/11\/20241113-EASYFAIRS-RECREATIE-VAKBEURS-LR-368-1-300x200.jpg 300w, https:\/\/easyfairsassets.com\/sites\/201\/2024\/11\/20241113-EASYFAIRS-RECREATIE-VAKBEURS-LR-368-1-768x512.jpg 768w, https:\/\/easyfairsassets.com\/sites\/201\/2024\/11\/20241113-EASYFAIRS-RECREATIE-VAKBEURS-LR-368-1.jpg 1200w\" sizes=\"(max-width: 800px) 100vw, 800px\" \/>\t\t\t\t\t\t\t\t\t\t\t\t\t\t\t<\/div>\n\t\t\t\t<\/div>\n\t\t\t\t\t<\/div>\n\t\t<\/div>\n\t\t\t\t<div class=\"elementor-column elementor-col-33 elementor-top-column elementor-element elementor-element-5c26a6a\" data-id=\"5c26a6a\" data-element_type=\"column\">\n\t\t\t<div class=\"elementor-widget-wrap elementor-element-populated\">\n\t\t\t\t\t\t<div class=\"elementor-element elementor-element-e04b882 elementor-widget elementor-widget-image\" data-id=\"e04b882\" data-element_type=\"widget\" data-widget_type=\"image.default\">\n\t\t\t\t<div class=\"elementor-widget-container\">\n\t\t\t\t\t\t\t\t\t\t\t\t\t\t\t<img decoding=\"async\" width=\"800\" height=\"534\" src=\"https:\/\/easyfairsassets.com\/sites\/201\/2024\/11\/20241113-EASYFAIRS-RECREATIE-VAKBEURS-LR-363-1-1024x683.jpg\" class=\"attachment-large size-large wp-image-120474\" alt=\"\" srcset=\"https:\/\/easyfairsassets.com\/sites\/201\/2024\/11\/20241113-EASYFAIRS-RECREATIE-VAKBEURS-LR-363-1-1024x683.jpg 1024w, https:\/\/easyfairsassets.com\/sites\/201\/2024\/11\/20241113-EASYFAIRS-RECREATIE-VAKBEURS-LR-363-1-300x200.jpg 300w, https:\/\/easyfairsassets.com\/sites\/201\/2024\/11\/20241113-EASYFAIRS-RECREATIE-VAKBEURS-LR-363-1-768x512.jpg 768w, https:\/\/easyfairsassets.com\/sites\/201\/2024\/11\/20241113-EASYFAIRS-RECREATIE-VAKBEURS-LR-363-1.jpg 1200w\" sizes=\"(max-width: 800px) 100vw, 800px\" \/>\t\t\t\t\t\t\t\t\t\t\t\t\t\t\t<\/div>\n\t\t\t\t<\/div>\n\t\t\t\t\t<\/div>\n\t\t<\/div>\n\t\t\t\t<div class=\"elementor-column elementor-col-33 elementor-top-column elementor-element elementor-element-1c2d395\" data-id=\"1c2d395\" data-element_type=\"column\">\n\t\t\t<div class=\"elementor-widget-wrap elementor-element-populated\">\n\t\t\t\t\t\t<div class=\"elementor-element elementor-element-a351f03 elementor-widget elementor-widget-image\" data-id=\"a351f03\" data-element_type=\"widget\" data-widget_type=\"image.default\">\n\t\t\t\t<div class=\"elementor-widget-container\">\n\t\t\t\t\t\t\t\t\t\t\t\t\t\t\t<img loading=\"lazy\" decoding=\"async\" width=\"800\" height=\"534\" src=\"https:\/\/easyfairsassets.com\/sites\/201\/2024\/11\/20241113-EASYFAIRS-RECREATIE-VAKBEURS-LR-371-2-1024x683.jpg\" class=\"attachment-large size-large wp-image-120482\" alt=\"\" srcset=\"https:\/\/easyfairsassets.com\/sites\/201\/2024\/11\/20241113-EASYFAIRS-RECREATIE-VAKBEURS-LR-371-2-1024x683.jpg 1024w, https:\/\/easyfairsassets.com\/sites\/201\/2024\/11\/20241113-EASYFAIRS-RECREATIE-VAKBEURS-LR-371-2-300x200.jpg 300w, https:\/\/easyfairsassets.com\/sites\/201\/2024\/11\/20241113-EASYFAIRS-RECREATIE-VAKBEURS-LR-371-2-768x512.jpg 768w, https:\/\/easyfairsassets.com\/sites\/201\/2024\/11\/20241113-EASYFAIRS-RECREATIE-VAKBEURS-LR-371-2.jpg 1200w\" sizes=\"(max-width: 800px) 100vw, 800px\" \/>\t\t\t\t\t\t\t\t\t\t\t\t\t\t\t<\/div>\n\t\t\t\t<\/div>\n\t\t\t\t\t<\/div>\n\t\t<\/div>\n\t\t\t\t\t<\/div>\n\t\t<\/section>\n\t\t\t\t<\/div>\n\t\t","protected":false},"excerpt":{"rendered":"<p>RECREATIE DORP Im kommenden November kehrt das \u201eRecreatie Dorp\u201c als einer der Publikumsmagneten der Messe zur\u00fcck. Das Dorf erstreckt sich \u00fcber mehr als 1.000 m\u00b2 und besteht aus einem \u00fcberdachten, beheizten Zelt mit einem gem\u00fctlichen Restaurant als Mittelpunkt. Rund um das Zelt sind verschiedene Unterk\u00fcnfte aufgestellt \u2013 von luxuri\u00f6sen Chalets bis hin zu kompakten Tiny [&hellip;]<\/p>\n","protected":false},"author":192,"featured_media":120484,"parent":0,"menu_order":0,"comment_status":"closed","ping_status":"closed","template":"","meta":{"_seopress_robots_primary_cat":"","_seopress_titles_title":"Recreatie Dorp ","_seopress_titles_desc":"Die Recreatie Vakbeurs pr\u00e4sentiert das neu gestaltete Freizeitdorf 'Recreatie Dorp: gr\u00f6\u00dfer und innovativer denn je!\r\n","_seopress_robots_index":"","footnotes":""},"class_list":["post-126459","page","type-page","status-publish","has-post-thumbnail","hentry"],"_links":{"self":[{"href":"https:\/\/www.recreatie-vakbeurs.nl\/de\/wp-json\/wp\/v2\/pages\/126459","targetHints":{"allow":["GET"]}}],"collection":[{"href":"https:\/\/www.recreatie-vakbeurs.nl\/de\/wp-json\/wp\/v2\/pages"}],"about":[{"href":"https:\/\/www.recreatie-vakbeurs.nl\/de\/wp-json\/wp\/v2\/types\/page"}],"author":[{"embeddable":true,"href":"https:\/\/www.recreatie-vakbeurs.nl\/de\/wp-json\/wp\/v2\/users\/192"}],"replies":[{"embeddable":true,"href":"https:\/\/www.recreatie-vakbeurs.nl\/de\/wp-json\/wp\/v2\/comments?post=126459"}],"version-history":[{"count":5,"href":"https:\/\/www.recreatie-vakbeurs.nl\/de\/wp-json\/wp\/v2\/pages\/126459\/revisions"}],"predecessor-version":[{"id":167027,"href":"https:\/\/www.recreatie-vakbeurs.nl\/de\/wp-json\/wp\/v2\/pages\/126459\/revisions\/167027"}],"wp:featuredmedia":[{"embeddable":true,"href":"https:\/\/www.recreatie-vakbeurs.nl\/de\/wp-json\/wp\/v2\/media\/120484"}],"wp:attachment":[{"href":"https:\/\/www.recreatie-vakbeurs.nl\/de\/wp-json\/wp\/v2\/media?parent=126459"}],"curies":[{"name":"wp","href":"https:\/\/api.w.org\/{rel}","templated":true}]}}