{"id":126434,"date":"2025-07-16T12:00:17","date_gmt":"2025-07-16T10:00:17","guid":{"rendered":"https:\/\/www.recreatie-vakbeurs.nl\/teilnehmer\/ich-bin-aussteller\/praktische-informationen-fuer-aussteller\/fristen\/"},"modified":"2025-11-19T10:57:43","modified_gmt":"2025-11-19T09:57:43","slug":"fristen","status":"publish","type":"page","link":"https:\/\/www.recreatie-vakbeurs.nl\/de\/teilnehmer\/ich-bin-aussteller\/praktische-informationen-fuer-aussteller\/fristen\/","title":{"rendered":"Fristen"},"content":{"rendered":"\t\t<div data-elementor-type=\"wp-page\" data-elementor-id=\"126434\" class=\"elementor elementor-126434 elementor-121496\" data-elementor-post-type=\"page\">\n\t\t\t\t\t\t<section class=\"elementor-section elementor-top-section elementor-element elementor-element-1a16d1d4 elementor-section-boxed elementor-section-height-default elementor-section-height-default\" data-id=\"1a16d1d4\" data-element_type=\"section\">\n\t\t\t\t\t\t<div class=\"elementor-container elementor-column-gap-default\">\n\t\t\t\t\t<div class=\"elementor-column elementor-col-100 elementor-top-column elementor-element elementor-element-546b0f8c\" data-id=\"546b0f8c\" data-element_type=\"column\">\n\t\t\t<div class=\"elementor-widget-wrap elementor-element-populated\">\n\t\t\t\t\t\t<div class=\"elementor-element elementor-element-7707e827 elementor-widget elementor-widget-heading\" data-id=\"7707e827\" data-element_type=\"widget\" data-widget_type=\"heading.default\">\n\t\t\t\t<div class=\"elementor-widget-container\">\n\t\t\t\t\t<h1 class=\"elementor-heading-title elementor-size-default\">Fristen<\/h1>\t\t\t\t<\/div>\n\t\t\t\t<\/div>\n\t\t\t\t<div class=\"elementor-element elementor-element-91b2ad8 elementor-widget elementor-widget-seopress-breadcrumbs\" data-id=\"91b2ad8\" data-element_type=\"widget\" data-widget_type=\"seopress-breadcrumbs.default\">\n\t\t\t\t<div class=\"elementor-widget-container\">\n\t\t\t\t\t<span ><nav  aria-label=\"breadcrumb\"><ol class=\"breadcrumb\" itemscope itemtype=\"https:\/\/schema.org\/BreadcrumbList\"><li class=\"breadcrumb-item active\" aria-current=\"page\" itemprop=\"itemListElement\" itemscope itemtype=\"https:\/\/schema.org\/ListItem\"><span itemprop=\"name\">Home<\/span><meta itemprop=\"position\" content=\"1\"><\/li><\/ol><\/nav><\/span>\t\t\t\t<\/div>\n\t\t\t\t<\/div>\n\t\t\t\t<section class=\"elementor-section elementor-inner-section elementor-element elementor-element-2ac38ae8 elementor-section-boxed elementor-section-height-default elementor-section-height-default\" data-id=\"2ac38ae8\" data-element_type=\"section\">\n\t\t\t\t\t\t<div class=\"elementor-container elementor-column-gap-default\">\n\t\t\t\t\t<div class=\"elementor-column elementor-col-50 elementor-inner-column elementor-element elementor-element-2beef5\" data-id=\"2beef5\" data-element_type=\"column\">\n\t\t\t<div class=\"elementor-widget-wrap elementor-element-populated\">\n\t\t\t\t\t\t<div class=\"elementor-element elementor-element-2b2f7a7b elementor-widget elementor-widget-text-editor\" data-id=\"2b2f7a7b\" data-element_type=\"widget\" data-widget_type=\"text-editor.default\">\n\t\t\t\t<div class=\"elementor-widget-container\">\n\t\t\t\t\t\t\t\t\t<p data-start=\"50\" data-end=\"218\">Eine gute Vorbereitung beginnt mit einer guten Planung. Auf dieser Seite findest du eine \u00dcbersicht aller wichtigen Fristen zur Vorbereitung deiner Messeteilnahme.<\/p>\n<p><\/p>\n<p data-start=\"220\" data-end=\"337\">Achte darauf, dass du keine Fristen verpasst \u2013 so vermeidest du zus\u00e4tzliche Kosten oder eingeschr\u00e4nkte Verf\u00fcgbarkeit.<\/p>\n\t\t\t\t\t\t\t\t<\/div>\n\t\t\t\t<\/div>\n\t\t\t\t<div class=\"elementor-element elementor-element-65de21d2 elementor-widget elementor-widget-button\" data-id=\"65de21d2\" data-element_type=\"widget\" data-widget_type=\"button.default\">\n\t\t\t\t<div class=\"elementor-widget-container\">\n\t\t\t\t\t\t\t\t\t<div class=\"elementor-button-wrapper\">\n\t\t\t\t\t<a class=\"elementor-button elementor-button-link elementor-size-sm\" href=\"#fristen\">\n\t\t\t\t\t\t<span class=\"elementor-button-content-wrapper\">\n\t\t\t\t\t\t<span class=\"elementor-button-icon\">\n\t\t\t\t<i aria-hidden=\"true\" class=\"fas fa-arrow-alt-circle-down\"><\/i>\t\t\t<\/span>\n\t\t\t\t\t\t\t\t\t<span class=\"elementor-button-text\">Fristen<\/span>\n\t\t\t\t\t<\/span>\n\t\t\t\t\t<\/a>\n\t\t\t\t<\/div>\n\t\t\t\t\t\t\t\t<\/div>\n\t\t\t\t<\/div>\n\t\t\t\t\t<\/div>\n\t\t<\/div>\n\t\t\t\t<div class=\"elementor-column elementor-col-50 elementor-inner-column elementor-element elementor-element-23966279\" data-id=\"23966279\" data-element_type=\"column\">\n\t\t\t<div class=\"elementor-widget-wrap elementor-element-populated\">\n\t\t\t\t\t\t<div class=\"elementor-element elementor-element-d81e922 elementor-widget elementor-widget-image\" data-id=\"d81e922\" data-element_type=\"widget\" data-widget_type=\"image.default\">\n\t\t\t\t<div class=\"elementor-widget-container\">\n\t\t\t\t\t\t\t\t\t\t\t\t\t\t\t<img fetchpriority=\"high\" decoding=\"async\" width=\"768\" height=\"512\" src=\"https:\/\/easyfairsassets.com\/sites\/201\/2025\/11\/KevinvlPhotography_20251111_132047_RECREATIE_DSC05747_LR-1-768x512.jpg\" class=\"attachment-medium_large size-medium_large wp-image-167371\" alt=\"Recreatie Vakbeurs 2025\" srcset=\"https:\/\/easyfairsassets.com\/sites\/201\/2025\/11\/KevinvlPhotography_20251111_132047_RECREATIE_DSC05747_LR-1-768x512.jpg 768w, https:\/\/easyfairsassets.com\/sites\/201\/2025\/11\/KevinvlPhotography_20251111_132047_RECREATIE_DSC05747_LR-1-300x200.jpg 300w, https:\/\/easyfairsassets.com\/sites\/201\/2025\/11\/KevinvlPhotography_20251111_132047_RECREATIE_DSC05747_LR-1-1024x683.jpg 1024w, https:\/\/easyfairsassets.com\/sites\/201\/2025\/11\/KevinvlPhotography_20251111_132047_RECREATIE_DSC05747_LR-1-1536x1024.jpg 1536w, https:\/\/easyfairsassets.com\/sites\/201\/2025\/11\/KevinvlPhotography_20251111_132047_RECREATIE_DSC05747_LR-1.jpg 1920w\" sizes=\"(max-width: 768px) 100vw, 768px\" \/>\t\t\t\t\t\t\t\t\t\t\t\t\t\t\t<\/div>\n\t\t\t\t<\/div>\n\t\t\t\t\t<\/div>\n\t\t<\/div>\n\t\t\t\t\t<\/div>\n\t\t<\/section>\n\t\t\t\t\t<\/div>\n\t\t<\/div>\n\t\t\t\t\t<\/div>\n\t\t<\/section>\n\t\t\t\t<section class=\"elementor-section elementor-top-section elementor-element elementor-element-66d10310 elementor-section-boxed elementor-section-height-default elementor-section-height-default\" data-id=\"66d10310\" data-element_type=\"section\">\n\t\t\t\t\t\t<div class=\"elementor-container elementor-column-gap-default\">\n\t\t\t\t\t<div class=\"elementor-column elementor-col-100 elementor-top-column elementor-element elementor-element-6b8cdcec\" data-id=\"6b8cdcec\" data-element_type=\"column\">\n\t\t\t<div class=\"elementor-widget-wrap elementor-element-populated\">\n\t\t\t\t\t\t<div class=\"elementor-element elementor-element-65c77047 elementor-widget elementor-widget-menu-anchor\" data-id=\"65c77047\" data-element_type=\"widget\" data-widget_type=\"menu-anchor.default\">\n\t\t\t\t<div class=\"elementor-widget-container\">\n\t\t\t\t\t\t\t<div class=\"elementor-menu-anchor\" id=\"Fristen\"><\/div>\n\t\t\t\t\t\t<\/div>\n\t\t\t\t<\/div>\n\t\t\t\t<div class=\"elementor-element elementor-element-1c571f36 premium-table-dir-ltr elementor-widget elementor-widget-premium-tables-addon\" data-id=\"1c571f36\" data-element_type=\"widget\" data-widget_type=\"premium-tables-addon.default\">\n\t\t\t\t<div class=\"elementor-widget-container\">\n\t\t\t\t\t\r\n\t\t<div class=\"premium-table-wrap\">\r\n\t\t\t\r\n\t\t\t<table class=\"premium-table\" data-settings=\"{&quot;sort&quot;:false,&quot;usNumbers&quot;:false,&quot;sortMob&quot;:false,&quot;search&quot;:false,&quot;records&quot;:false,&quot;dataType&quot;:&quot;custom&quot;,&quot;csvFile&quot;:null,&quot;firstRow&quot;:null,&quot;separator&quot;:null,&quot;pagination&quot;:&quot;&quot;,&quot;rows&quot;:0}\" >\r\n\r\n\t\t\t\r\n\t\t<thead class=\"premium-table-head\">\r\n\r\n\t\t\t<tr class=\"premium-table-row\">\r\n\r\n\t\t\t\t<th class=\"premium-table-cell elementor-repeater-item-a9a1c95\"><span class=\"premium-table-text\">Aktion<\/span><\/th><th class=\"premium-table-cell elementor-repeater-item-c1e6e3b\"><span class=\"premium-table-text\">Friste<\/span><\/th>\r\n\t\t\t<\/tr>\r\n\r\n\t\t<\/thead>\r\n\r\n\t\t\t\t<tbody class=\"premium-table-body\">\r\n\t\t\t\t\t\t<tr class=\"premium-table-row elementor-repeater-item-1d6d8fb\"><td class=\"premium-table-cell elementor-repeater-item-c5c2e9c\"><span class=\"premium-table-text\">Webshop<\/span><\/td><td class=\"premium-table-cell elementor-repeater-item-8155e83\"><span class=\"premium-table-text\"><\/span><\/td><\/tr><tr class=\"premium-table-row elementor-repeater-item-46a120d\"><td class=\"premium-table-cell elementor-repeater-item-d9e0274\"><span class=\"premium-table-text\">Ende des Fr\u00fchbucherrabatts<\/span><\/td><td class=\"premium-table-cell elementor-repeater-item-f8b47b1\"><span class=\"premium-table-text\">11-10-2025<\/span><\/td><\/tr><tr class=\"premium-table-row elementor-repeater-item-9aea30a\"><td class=\"premium-table-cell elementor-repeater-item-eb4614f\"><span class=\"premium-table-text\">Webshop-Schluss<\/span><\/td><td class=\"premium-table-cell elementor-repeater-item-38f67e5\"><span class=\"premium-table-text\">31-10-2025<\/span><\/td><\/tr><tr class=\"premium-table-row elementor-repeater-item-d235301\"><td class=\"premium-table-cell elementor-repeater-item-3020024\"><span class=\"premium-table-text\">Standvorbereitung<\/span><\/td><td class=\"premium-table-cell elementor-repeater-item-b923e5b\"><span class=\"premium-table-text\"><\/span><\/td><\/tr><tr class=\"premium-table-row elementor-repeater-item-c0893e4\"><td class=\"premium-table-cell elementor-repeater-item-4736956\"><span class=\"premium-table-text\">Nachbestellungen aufgeben (siehe Webshop)<\/span><\/td><td class=\"premium-table-cell elementor-repeater-item-2893af5\"><span class=\"premium-table-text\">31-10-2025<\/span><\/td><\/tr><tr class=\"premium-table-row elementor-repeater-item-0ba314c\"><td class=\"premium-table-cell elementor-repeater-item-b93c953\"><span class=\"premium-table-text\">Einreichen des Standdesigns<\/span><\/td><td class=\"premium-table-cell elementor-repeater-item-157d0b4\"><span class=\"premium-table-text\">11-10-2025<\/span><\/td><\/tr><tr class=\"premium-table-row elementor-repeater-item-8e19924\"><td class=\"premium-table-cell elementor-repeater-item-451649b\"><span class=\"premium-table-text\">Bereitstellung des technischen Lageplans<\/span><\/td><td class=\"premium-table-cell elementor-repeater-item-20162bd\"><span class=\"premium-table-text\">11-10-2025<\/span><\/td><\/tr><tr class=\"premium-table-row elementor-repeater-item-76799c4\"><td class=\"premium-table-cell elementor-repeater-item-18733b7\"><span class=\"premium-table-text\">Anmeldung von gro\u00dfem\/schwerem Standmateria<\/span><\/td><td class=\"premium-table-cell elementor-repeater-item-9a47d3e\"><span class=\"premium-table-text\">11-10-2025<\/span><\/td><\/tr><tr class=\"premium-table-row elementor-repeater-item-6cfc19d\"><td class=\"premium-table-cell elementor-repeater-item-78a5dd1\"><span class=\"premium-table-text\">Anfrage f\u00fcr logistische Dienstleistungen<\/span><\/td><td class=\"premium-table-cell elementor-repeater-item-dcce959\"><span class=\"premium-table-text\">11-10-2025<\/span><\/td><\/tr><tr class=\"premium-table-row elementor-repeater-item-c9f0dcd\"><td class=\"premium-table-cell elementor-repeater-item-58dbbc9\"><span class=\"premium-table-text\">Drucksachen (falls bestellt)<\/span><\/td><td class=\"premium-table-cell elementor-repeater-item-c6ed56a\"><span class=\"premium-table-text\"><\/span><\/td><\/tr><tr class=\"premium-table-row elementor-repeater-item-266c897\"><td class=\"premium-table-cell elementor-repeater-item-735d092\"><span class=\"premium-table-text\">Lieferung der Druckdatei-Entw\u00fcrfe<\/span><\/td><td class=\"premium-table-cell elementor-repeater-item-a0c1b5e\"><span class=\"premium-table-text\">11-10-2025<\/span><\/td><\/tr><tr class=\"premium-table-row elementor-repeater-item-9cc3509\"><td class=\"premium-table-cell elementor-repeater-item-b800df0\"><span class=\"premium-table-text\">My Easyfairs<\/span><\/td><td class=\"premium-table-cell elementor-repeater-item-8f2625d\"><span class=\"premium-table-text\"><\/span><\/td><\/tr><tr class=\"premium-table-row elementor-repeater-item-55b1e50\"><td class=\"premium-table-cell elementor-repeater-item-d4e4ac1\"><span class=\"premium-table-text\">Einladungsservice<\/span><\/td><td class=\"premium-table-cell elementor-repeater-item-652917c\"><span class=\"premium-table-text\">08-09-2025<\/span><\/td><\/tr><tr class=\"premium-table-row elementor-repeater-item-c7b2d4e\"><td class=\"premium-table-cell elementor-repeater-item-02ac774\"><span class=\"premium-table-text\">Mein Easyfairs-Profil ausgef\u00fcllt<\/span><\/td><td class=\"premium-table-cell elementor-repeater-item-247bd5c\"><span class=\"premium-table-text\">20-10-2025<\/span><\/td><\/tr><tr class=\"premium-table-row elementor-repeater-item-7a5802b\"><td class=\"premium-table-cell elementor-repeater-item-047542b\"><span class=\"premium-table-text\">Registrierung des Standpersonals<\/span><\/td><td class=\"premium-table-cell elementor-repeater-item-56c1585\"><span class=\"premium-table-text\">03-11-2025<\/span><\/td>\t\t\t<\/tr>\r\n\t\t<\/tbody>\r\n\r\n\t\t\r\n\t\t\t<\/table>\r\n\t\t<\/div>\r\n\t\t\t\t\t\t<\/div>\n\t\t\t\t<\/div>\n\t\t\t\t\t<\/div>\n\t\t<\/div>\n\t\t\t\t\t<\/div>\n\t\t<\/section>\n\t\t\t\t<\/div>\n\t\t","protected":false},"excerpt":{"rendered":"<p>Fristen Home Eine gute Vorbereitung beginnt mit einer guten Planung. Auf dieser Seite findest du eine \u00dcbersicht aller wichtigen Fristen zur Vorbereitung deiner Messeteilnahme. Achte darauf, dass du keine Fristen verpasst \u2013 so vermeidest du zus\u00e4tzliche Kosten oder eingeschr\u00e4nkte Verf\u00fcgbarkeit. Fristen Aktion Friste Webshop Ende des Fr\u00fchbucherrabatts 11-10-2025 Webshop-Schluss 31-10-2025 Standvorbereitung Nachbestellungen aufgeben (siehe Webshop) [&hellip;]<\/p>\n","protected":false},"author":109,"featured_media":0,"parent":121911,"menu_order":0,"comment_status":"closed","ping_status":"closed","template":"","meta":{"_seopress_robots_primary_cat":"","_seopress_titles_title":"","_seopress_titles_desc":"","_seopress_robots_index":"","footnotes":""},"class_list":["post-126434","page","type-page","status-publish","hentry"],"_links":{"self":[{"href":"https:\/\/www.recreatie-vakbeurs.nl\/de\/wp-json\/wp\/v2\/pages\/126434","targetHints":{"allow":["GET"]}}],"collection":[{"href":"https:\/\/www.recreatie-vakbeurs.nl\/de\/wp-json\/wp\/v2\/pages"}],"about":[{"href":"https:\/\/www.recreatie-vakbeurs.nl\/de\/wp-json\/wp\/v2\/types\/page"}],"author":[{"embeddable":true,"href":"https:\/\/www.recreatie-vakbeurs.nl\/de\/wp-json\/wp\/v2\/users\/109"}],"replies":[{"embeddable":true,"href":"https:\/\/www.recreatie-vakbeurs.nl\/de\/wp-json\/wp\/v2\/comments?post=126434"}],"version-history":[{"count":2,"href":"https:\/\/www.recreatie-vakbeurs.nl\/de\/wp-json\/wp\/v2\/pages\/126434\/revisions"}],"predecessor-version":[{"id":168190,"href":"https:\/\/www.recreatie-vakbeurs.nl\/de\/wp-json\/wp\/v2\/pages\/126434\/revisions\/168190"}],"up":[{"embeddable":true,"href":"https:\/\/www.recreatie-vakbeurs.nl\/de\/wp-json\/wp\/v2\/pages\/121911"}],"wp:attachment":[{"href":"https:\/\/www.recreatie-vakbeurs.nl\/de\/wp-json\/wp\/v2\/media?parent=126434"}],"curies":[{"name":"wp","href":"https:\/\/api.w.org\/{rel}","templated":true}]}}