{"id":125772,"date":"2025-07-14T14:38:18","date_gmt":"2025-07-14T12:38:18","guid":{"rendered":"https:\/\/www.recreatie-vakbeurs.nl\/teilnehmer\/ich-bin-aussteller\/praktische-informationen-fuer-aussteller\/spezifikationen\/"},"modified":"2025-07-14T14:38:19","modified_gmt":"2025-07-14T12:38:19","slug":"spezifikationen","status":"publish","type":"page","link":"https:\/\/www.recreatie-vakbeurs.nl\/de\/teilnehmer\/ich-bin-aussteller\/praktische-informationen-fuer-aussteller\/spezifikationen\/","title":{"rendered":"Spezifikationen"},"content":{"rendered":"\t\t<div data-elementor-type=\"wp-page\" data-elementor-id=\"125772\" class=\"elementor elementor-125772 elementor-121621\" data-elementor-post-type=\"page\">\n\t\t\t\t\t\t<section class=\"elementor-section elementor-top-section elementor-element elementor-element-44241326 elementor-section-boxed elementor-section-height-default elementor-section-height-default\" data-id=\"44241326\" data-element_type=\"section\">\n\t\t\t\t\t\t<div class=\"elementor-container elementor-column-gap-default\">\n\t\t\t\t\t<div class=\"elementor-column elementor-col-100 elementor-top-column elementor-element elementor-element-77d30de6\" data-id=\"77d30de6\" data-element_type=\"column\">\n\t\t\t<div class=\"elementor-widget-wrap elementor-element-populated\">\n\t\t\t\t\t\t<div class=\"elementor-element elementor-element-129f4620 elementor-widget elementor-widget-heading\" data-id=\"129f4620\" data-element_type=\"widget\" data-widget_type=\"heading.default\">\n\t\t\t\t<div class=\"elementor-widget-container\">\n\t\t\t\t\t<h1 class=\"elementor-heading-title elementor-size-default\">Spezifikationen<\/h1>\t\t\t\t<\/div>\n\t\t\t\t<\/div>\n\t\t\t\t<div class=\"elementor-element elementor-element-bca0558 elementor-widget elementor-widget-seopress-breadcrumbs\" data-id=\"bca0558\" data-element_type=\"widget\" data-widget_type=\"seopress-breadcrumbs.default\">\n\t\t\t\t<div class=\"elementor-widget-container\">\n\t\t\t\t\t<span ><nav  aria-label=\"breadcrumb\"><ol class=\"breadcrumb\" itemscope itemtype=\"https:\/\/schema.org\/BreadcrumbList\"><li class=\"breadcrumb-item active\" aria-current=\"page\" itemprop=\"itemListElement\" itemscope itemtype=\"https:\/\/schema.org\/ListItem\"><span itemprop=\"name\">Home<\/span><meta itemprop=\"position\" content=\"1\"><\/li><\/ol><\/nav><\/span>\t\t\t\t<\/div>\n\t\t\t\t<\/div>\n\t\t\t\t<div class=\"elementor-element elementor-element-52ec2c83 elementor-widget elementor-widget-text-editor\" data-id=\"52ec2c83\" data-element_type=\"widget\" data-widget_type=\"text-editor.default\">\n\t\t\t\t<div class=\"elementor-widget-container\">\n\t\t\t\t\t\t\t\t\t<p>Falls du Drucksachen bestellt hast, musst du die Entw\u00fcrfe rechtzeitig einreichen. Pr\u00fcfe die <a href=\"https:\/\/www.recreatie-vakbeurs.nl\/exposanten\/ik-ben-exposant\/praktische-informatie-exposant\/deadlines\/\">deadlines<\/a>, bis wann die Entw\u00fcrfe bei uns eingegangen sein m\u00fcssen, und siehe unten die Lieferangaben.<\/p>\n\t\t\t\t\t\t\t\t<\/div>\n\t\t\t\t<\/div>\n\t\t\t\t<section class=\"elementor-section elementor-inner-section elementor-element elementor-element-2fe78f29 elementor-section-boxed elementor-section-height-default elementor-section-height-default\" data-id=\"2fe78f29\" data-element_type=\"section\">\n\t\t\t\t\t\t<div class=\"elementor-container elementor-column-gap-default\">\n\t\t\t\t\t<div class=\"elementor-column elementor-col-50 elementor-inner-column elementor-element elementor-element-7417c655\" data-id=\"7417c655\" data-element_type=\"column\" data-settings=\"{&quot;background_background&quot;:&quot;classic&quot;}\">\n\t\t\t<div class=\"elementor-widget-wrap elementor-element-populated\">\n\t\t\t\t\t\t<div class=\"elementor-element elementor-element-a7032c1 elementor-widget elementor-widget-heading\" data-id=\"a7032c1\" data-element_type=\"widget\" data-widget_type=\"heading.default\">\n\t\t\t\t<div class=\"elementor-widget-container\">\n\t\t\t\t\t<h2 class=\"elementor-heading-title elementor-size-default\">Nahtlose Drucke <\/h2>\t\t\t\t<\/div>\n\t\t\t\t<\/div>\n\t\t\t\t<div class=\"elementor-element elementor-element-2ae697b3 elementor-widget elementor-widget-text-editor\" data-id=\"2ae697b3\" data-element_type=\"widget\" data-widget_type=\"text-editor.default\">\n\t\t\t\t<div class=\"elementor-widget-container\">\n\t\t\t\t\t\t\t\t\t<p data-start=\"0\" data-end=\"334\">Die Stoffbahnen der nahtlosen Drucke sind Eigentum des Ausstellers (ausgenommen das Gestell). Wenn du den Stoff nach Ende der Veranstaltung behalten m\u00f6chtest, muss er direkt nach dem letzten Messetag mitgenommen werden. Der Stoff l\u00e4sst sich einfach aus dem Gestell entfernen, indem du an der kleinen Schlaufe unten in der Ecke ziehst.<\/p>\n<p><\/p>\n<p data-start=\"336\" data-end=\"522\">Stoffbahnen, die eine Stunde nach Ende des letzten Messetages noch im Gestell sind, werden entfernt und zur Wiederverwertung entsorgt und k\u00f6nnen danach nicht mehr zur\u00fcckgefordert werden.<\/p>\n<p><\/p>\n<p data-start=\"524\" data-end=\"551\">Lieferung der Druckdateien:<\/p>\n<p><\/p>\n<p data-start=\"553\" data-end=\"746\">Grafische Dateien k\u00f6nnen \u00fcber unseren Event-Uploader hochgeladen werden. Nach deiner Bestellung erh\u00e4ltst du per E-Mail einen direkten Link sowie weitere Informationen zum Hochladen der Dateien.<\/p>\n<p><\/p>\n<p data-start=\"748\" data-end=\"808\" data-is-last-node=\"\" data-is-only-node=\"\">Die Lieferangaben findest du \u00fcber den untenstehenden Button.<\/p>\n\t\t\t\t\t\t\t\t<\/div>\n\t\t\t\t<\/div>\n\t\t\t\t<div class=\"elementor-element elementor-element-402c987c elementor-widget elementor-widget-button\" data-id=\"402c987c\" data-element_type=\"widget\" data-widget_type=\"button.default\">\n\t\t\t\t<div class=\"elementor-widget-container\">\n\t\t\t\t\t\t\t\t\t<div class=\"elementor-button-wrapper\">\n\t\t\t\t\t<a class=\"elementor-button elementor-button-link elementor-size-sm\" href=\"https:\/\/www.recreatie-vakbeurs.nl\/wp-content\/uploads\/sites\/201\/2025\/05\/Specificaties-Naadloze-Print.pdf\" target=\"_blank\">\n\t\t\t\t\t\t<span class=\"elementor-button-content-wrapper\">\n\t\t\t\t\t\t\t\t\t<span class=\"elementor-button-text\">Spezifikationen f\u00fcr nahtlose Drucke<\/span>\n\t\t\t\t\t<\/span>\n\t\t\t\t\t<\/a>\n\t\t\t\t<\/div>\n\t\t\t\t\t\t\t\t<\/div>\n\t\t\t\t<\/div>\n\t\t\t\t\t<\/div>\n\t\t<\/div>\n\t\t\t\t<div class=\"elementor-column elementor-col-50 elementor-inner-column elementor-element elementor-element-618c5332\" data-id=\"618c5332\" data-element_type=\"column\" data-settings=\"{&quot;background_background&quot;:&quot;classic&quot;}\">\n\t\t\t<div class=\"elementor-widget-wrap elementor-element-populated\">\n\t\t\t\t\t\t<div class=\"elementor-element elementor-element-44ee1c76 elementor-widget elementor-widget-heading\" data-id=\"44ee1c76\" data-element_type=\"widget\" data-widget_type=\"heading.default\">\n\t\t\t\t<div class=\"elementor-widget-container\">\n\t\t\t\t\t<h2 class=\"elementor-heading-title elementor-size-default\">Bedruckte Standpaneele<\/h2>\t\t\t\t<\/div>\n\t\t\t\t<\/div>\n\t\t\t\t<div class=\"elementor-element elementor-element-69a5f38d elementor-widget elementor-widget-text-editor\" data-id=\"69a5f38d\" data-element_type=\"widget\" data-widget_type=\"text-editor.default\">\n\t\t\t\t<div class=\"elementor-widget-container\">\n\t\t\t\t\t\t\t\t\t<p data-start=\"0\" data-end=\"411\">Bedruckte Standpaneele k\u00f6nnen nach Ende der Veranstaltung auf Wunsch vom Aussteller mitgenommen werden (ausgenommen das Gestell). Wenn du die Standpaneele mitnehmen m\u00f6chtest, musst du dies vor Ende des ersten Messetages an der Ausstellerrezeption oder bei Event Services melden. Die Paneele m\u00fcssen direkt nach Ende der Veranstaltung mitgenommen werden. Leider gibt es keine M\u00f6glichkeit zur Lagerung der Paneele.<\/p>\n<p><\/p>\n<p data-start=\"413\" data-end=\"574\" data-is-last-node=\"\" data-is-only-node=\"\">Wenn bis Ende des ersten Messetages nicht mitgeteilt wird, dass du die Standpaneele mitnehmen m\u00f6chtest, werden diese direkt nach Ende der Veranstaltung recycelt.<\/p>\n\t\t\t\t\t\t\t\t<\/div>\n\t\t\t\t<\/div>\n\t\t\t\t<div class=\"elementor-element elementor-element-2228073c elementor-widget elementor-widget-button\" data-id=\"2228073c\" data-element_type=\"widget\" data-widget_type=\"button.default\">\n\t\t\t\t<div class=\"elementor-widget-container\">\n\t\t\t\t\t\t\t\t\t<div class=\"elementor-button-wrapper\">\n\t\t\t\t\t<a class=\"elementor-button elementor-button-link elementor-size-sm\" href=\"https:\/\/www.recreatie-vakbeurs.nl\/wp-content\/uploads\/sites\/201\/2025\/05\/Specificaties-Geprint-Paneel.pdf\" target=\"_blank\">\n\t\t\t\t\t\t<span class=\"elementor-button-content-wrapper\">\n\t\t\t\t\t\t\t\t\t<span class=\"elementor-button-text\">Spezifikationen f\u00fcr bedruckte Standpaneele<\/span>\n\t\t\t\t\t<\/span>\n\t\t\t\t\t<\/a>\n\t\t\t\t<\/div>\n\t\t\t\t\t\t\t\t<\/div>\n\t\t\t\t<\/div>\n\t\t\t\t\t<\/div>\n\t\t<\/div>\n\t\t\t\t\t<\/div>\n\t\t<\/section>\n\t\t\t\t<section class=\"elementor-section elementor-inner-section elementor-element elementor-element-57dddb34 elementor-section-boxed elementor-section-height-default elementor-section-height-default\" data-id=\"57dddb34\" data-element_type=\"section\">\n\t\t\t\t\t\t<div class=\"elementor-container elementor-column-gap-default\">\n\t\t\t\t\t<div class=\"elementor-column elementor-col-50 elementor-inner-column elementor-element elementor-element-45dacc2c\" data-id=\"45dacc2c\" data-element_type=\"column\" data-settings=\"{&quot;background_background&quot;:&quot;classic&quot;}\">\n\t\t\t<div class=\"elementor-widget-wrap elementor-element-populated\">\n\t\t\t\t\t\t<div class=\"elementor-element elementor-element-94ab7d1 elementor-widget elementor-widget-heading\" data-id=\"94ab7d1\" data-element_type=\"widget\" data-widget_type=\"heading.default\">\n\t\t\t\t<div class=\"elementor-widget-container\">\n\t\t\t\t\t<h2 class=\"elementor-heading-title elementor-size-default\">Sonstige Drucksachen<\/h2>\t\t\t\t<\/div>\n\t\t\t\t<\/div>\n\t\t\t\t<div class=\"elementor-element elementor-element-75f56ae3 elementor-widget elementor-widget-text-editor\" data-id=\"75f56ae3\" data-element_type=\"widget\" data-widget_type=\"text-editor.default\">\n\t\t\t\t<div class=\"elementor-widget-container\">\n\t\t\t\t\t\t\t\t\t<p data-start=\"0\" data-end=\"701\">Die Spezifikationen f\u00fcr sonstige Drucksachen wie All-in Plus Banner, bedruckte Friesleisten, Easy Eyecatcher Drucke, Thekenaufkleber etc. erh\u00e4ltst du nach Bestellung des gew\u00fcnschten Produkts.<br data-start=\"191\" data-end=\"194\" \/>Alle Banner, bedruckten Stoffbahnen und Paneele k\u00f6nnen nach Ende der Veranstaltung auf Wunsch vom Aussteller mitgenommen werden (ausgenommen das Gestell). Wenn du die Drucksachen mitnehmen m\u00f6chtest, musst du dies vor Ende des ersten Messetages an der Ausstellerrezeption oder bei Event Services melden. Die Drucke m\u00fcssen direkt nach dem letzten Messetag mitgenommen werden. Der Abbau erfolgt durch Easyfairs und\/oder den jeweiligen Lieferanten. Leider gibt es keine M\u00f6glichkeit zur Lagerung der Drucksachen.<\/p>\n<p><\/p>\n<p data-start=\"703\" data-end=\"876\" data-is-last-node=\"\" data-is-only-node=\"\">Wenn bis Ende des ersten Messetages nicht mitgeteilt wird, dass du die Drucksachen mitnehmen m\u00f6chtest, werden diese direkt nach Ende der Veranstaltung entfernt und recycelt.<\/p>\n\t\t\t\t\t\t\t\t<\/div>\n\t\t\t\t<\/div>\n\t\t\t\t\t<\/div>\n\t\t<\/div>\n\t\t\t\t<div class=\"elementor-column elementor-col-50 elementor-inner-column elementor-element elementor-element-1e7e6e2\" data-id=\"1e7e6e2\" data-element_type=\"column\" data-settings=\"{&quot;background_background&quot;:&quot;classic&quot;}\">\n\t\t\t<div class=\"elementor-widget-wrap\">\n\t\t\t\t\t\t\t<\/div>\n\t\t<\/div>\n\t\t\t\t\t<\/div>\n\t\t<\/section>\n\t\t\t\t\t<\/div>\n\t\t<\/div>\n\t\t\t\t\t<\/div>\n\t\t<\/section>\n\t\t\t\t<\/div>\n\t\t","protected":false},"excerpt":{"rendered":"<p>Spezifikationen Home Falls du Drucksachen bestellt hast, musst du die Entw\u00fcrfe rechtzeitig einreichen. Pr\u00fcfe die deadlines, bis wann die Entw\u00fcrfe bei uns eingegangen sein m\u00fcssen, und siehe unten die Lieferangaben. Nahtlose Drucke Die Stoffbahnen der nahtlosen Drucke sind Eigentum des Ausstellers (ausgenommen das Gestell). Wenn du den Stoff nach Ende der Veranstaltung behalten m\u00f6chtest, muss [&hellip;]<\/p>\n","protected":false},"author":109,"featured_media":0,"parent":121911,"menu_order":0,"comment_status":"closed","ping_status":"closed","template":"","meta":{"_seopress_robots_primary_cat":"","_seopress_titles_title":"","_seopress_titles_desc":"","_seopress_robots_index":"","footnotes":""},"class_list":["post-125772","page","type-page","status-publish","hentry"],"_links":{"self":[{"href":"https:\/\/www.recreatie-vakbeurs.nl\/de\/wp-json\/wp\/v2\/pages\/125772","targetHints":{"allow":["GET"]}}],"collection":[{"href":"https:\/\/www.recreatie-vakbeurs.nl\/de\/wp-json\/wp\/v2\/pages"}],"about":[{"href":"https:\/\/www.recreatie-vakbeurs.nl\/de\/wp-json\/wp\/v2\/types\/page"}],"author":[{"embeddable":true,"href":"https:\/\/www.recreatie-vakbeurs.nl\/de\/wp-json\/wp\/v2\/users\/109"}],"replies":[{"embeddable":true,"href":"https:\/\/www.recreatie-vakbeurs.nl\/de\/wp-json\/wp\/v2\/comments?post=125772"}],"version-history":[{"count":1,"href":"https:\/\/www.recreatie-vakbeurs.nl\/de\/wp-json\/wp\/v2\/pages\/125772\/revisions"}],"predecessor-version":[{"id":125773,"href":"https:\/\/www.recreatie-vakbeurs.nl\/de\/wp-json\/wp\/v2\/pages\/125772\/revisions\/125773"}],"up":[{"embeddable":true,"href":"https:\/\/www.recreatie-vakbeurs.nl\/de\/wp-json\/wp\/v2\/pages\/121911"}],"wp:attachment":[{"href":"https:\/\/www.recreatie-vakbeurs.nl\/de\/wp-json\/wp\/v2\/media?parent=125772"}],"curies":[{"name":"wp","href":"https:\/\/api.w.org\/{rel}","templated":true}]}}