{"id":125770,"date":"2025-07-14T14:35:17","date_gmt":"2025-07-14T12:35:17","guid":{"rendered":"https:\/\/www.recreatie-vakbeurs.nl\/teilnehmer\/ich-bin-aussteller\/praktische-informationen-fuer-aussteller\/versicherung-haftung\/"},"modified":"2025-07-14T14:35:18","modified_gmt":"2025-07-14T12:35:18","slug":"versicherung-haftung","status":"publish","type":"page","link":"https:\/\/www.recreatie-vakbeurs.nl\/de\/teilnehmer\/ich-bin-aussteller\/praktische-informationen-fuer-aussteller\/versicherung-haftung\/","title":{"rendered":"Versicherung &#038; Haftung"},"content":{"rendered":"\t\t<div data-elementor-type=\"wp-page\" data-elementor-id=\"125770\" class=\"elementor elementor-125770 elementor-121641\" data-elementor-post-type=\"page\">\n\t\t\t\t\t\t<section class=\"elementor-section elementor-top-section elementor-element elementor-element-72505a9f elementor-section-boxed elementor-section-height-default elementor-section-height-default\" data-id=\"72505a9f\" data-element_type=\"section\">\n\t\t\t\t\t\t<div class=\"elementor-container elementor-column-gap-default\">\n\t\t\t\t\t<div class=\"elementor-column elementor-col-100 elementor-top-column elementor-element elementor-element-33c16b01\" data-id=\"33c16b01\" data-element_type=\"column\">\n\t\t\t<div class=\"elementor-widget-wrap elementor-element-populated\">\n\t\t\t\t\t\t<div class=\"elementor-element elementor-element-17a353dc elementor-widget elementor-widget-heading\" data-id=\"17a353dc\" data-element_type=\"widget\" data-widget_type=\"heading.default\">\n\t\t\t\t<div class=\"elementor-widget-container\">\n\t\t\t\t\t<h1 class=\"elementor-heading-title elementor-size-default\">Versicherung &amp; Haftung<\/h1>\t\t\t\t<\/div>\n\t\t\t\t<\/div>\n\t\t\t\t<div class=\"elementor-element elementor-element-73bf3313 elementor-widget elementor-widget-seopress-breadcrumbs\" data-id=\"73bf3313\" data-element_type=\"widget\" data-widget_type=\"seopress-breadcrumbs.default\">\n\t\t\t\t<div class=\"elementor-widget-container\">\n\t\t\t\t\t<span ><nav  aria-label=\"breadcrumb\"><ol class=\"breadcrumb\" itemscope itemtype=\"https:\/\/schema.org\/BreadcrumbList\"><li class=\"breadcrumb-item active\" aria-current=\"page\" itemprop=\"itemListElement\" itemscope itemtype=\"https:\/\/schema.org\/ListItem\"><span itemprop=\"name\">Home<\/span><meta itemprop=\"position\" content=\"1\"><\/li><\/ol><\/nav><\/span>\t\t\t\t<\/div>\n\t\t\t\t<\/div>\n\t\t\t\t<div class=\"elementor-element elementor-element-6825cc85 elementor-widget elementor-widget-text-editor\" data-id=\"6825cc85\" data-element_type=\"widget\" data-widget_type=\"text-editor.default\">\n\t\t\t\t<div class=\"elementor-widget-container\">\n\t\t\t\t\t\t\t\t\t<p>Bez\u00fcglich Versicherung und Haftung haben wir bei Easyfairs einige Punkte festgelegt.<\/p>\n<ul>\n<li><a href=\"#standverzekering\">Standversicherung<\/a><\/li>\n<li><a href=\"#huisregels\">Hausregeln<\/a><\/li>\n<li><a href=\"#lassen\">Schwei\u00dfen am Stand<\/a><\/li>\n<\/ul>\n\t\t\t\t\t\t\t\t<\/div>\n\t\t\t\t<\/div>\n\t\t\t\t\t<\/div>\n\t\t<\/div>\n\t\t\t\t\t<\/div>\n\t\t<\/section>\n\t\t\t\t<section class=\"elementor-section elementor-top-section elementor-element elementor-element-2b5f015a elementor-section-boxed elementor-section-height-default elementor-section-height-default\" data-id=\"2b5f015a\" data-element_type=\"section\">\n\t\t\t\t\t\t<div class=\"elementor-container elementor-column-gap-default\">\n\t\t\t\t\t<div class=\"elementor-column elementor-col-100 elementor-top-column elementor-element elementor-element-7d6de9da\" data-id=\"7d6de9da\" data-element_type=\"column\">\n\t\t\t<div class=\"elementor-widget-wrap elementor-element-populated\">\n\t\t\t\t\t\t<div class=\"elementor-element elementor-element-3f6c804e elementor-widget elementor-widget-heading\" data-id=\"3f6c804e\" data-element_type=\"widget\" data-widget_type=\"heading.default\">\n\t\t\t\t<div class=\"elementor-widget-container\">\n\t\t\t\t\t<h2 class=\"elementor-heading-title elementor-size-default\">Standversicherung<\/h2>\t\t\t\t<\/div>\n\t\t\t\t<\/div>\n\t\t\t\t<div class=\"elementor-element elementor-element-46f66e5f elementor-widget elementor-widget-menu-anchor\" data-id=\"46f66e5f\" data-element_type=\"widget\" data-widget_type=\"menu-anchor.default\">\n\t\t\t\t<div class=\"elementor-widget-container\">\n\t\t\t\t\t\t\t<div class=\"elementor-menu-anchor\" id=\"Standversicherung\"><\/div>\n\t\t\t\t\t\t<\/div>\n\t\t\t\t<\/div>\n\t\t\t\t<div class=\"elementor-element elementor-element-252b06df elementor-widget-divider--view-line elementor-widget elementor-widget-divider\" data-id=\"252b06df\" data-element_type=\"widget\" data-widget_type=\"divider.default\">\n\t\t\t\t<div class=\"elementor-widget-container\">\n\t\t\t\t\t\t\t<div class=\"elementor-divider\">\n\t\t\t<span class=\"elementor-divider-separator\">\n\t\t\t\t\t\t<\/span>\n\t\t<\/div>\n\t\t\t\t\t\t<\/div>\n\t\t\t\t<\/div>\n\t\t\t\t<div class=\"elementor-element elementor-element-3c0bce83 elementor-widget elementor-widget-text-editor\" data-id=\"3c0bce83\" data-element_type=\"widget\" data-widget_type=\"text-editor.default\">\n\t\t\t\t<div class=\"elementor-widget-container\">\n\t\t\t\t\t\t\t\t\t<p>Easyfairs bietet eine kollektive Standversicherung an, an der Aussteller zu einem attraktiven Tarif teilnehmen k\u00f6nnen. F\u00fcr alle Fragen zur kollektiven Standversicherung verweisen wir Sie an: <a href=\"https:\/\/www.inevexco.co.uk\/\">www.inevexco.co.uk<\/a>.<\/p>\n\t\t\t\t\t\t\t\t<\/div>\n\t\t\t\t<\/div>\n\t\t\t\t\t<\/div>\n\t\t<\/div>\n\t\t\t\t\t<\/div>\n\t\t<\/section>\n\t\t\t\t<section class=\"elementor-section elementor-top-section elementor-element elementor-element-1608fbaf elementor-section-boxed elementor-section-height-default elementor-section-height-default\" data-id=\"1608fbaf\" data-element_type=\"section\">\n\t\t\t\t\t\t<div class=\"elementor-container elementor-column-gap-default\">\n\t\t\t\t\t<div class=\"elementor-column elementor-col-100 elementor-top-column elementor-element elementor-element-ab579d0\" data-id=\"ab579d0\" data-element_type=\"column\">\n\t\t\t<div class=\"elementor-widget-wrap elementor-element-populated\">\n\t\t\t\t\t\t<div class=\"elementor-element elementor-element-69f2b39e elementor-widget elementor-widget-heading\" data-id=\"69f2b39e\" data-element_type=\"widget\" data-widget_type=\"heading.default\">\n\t\t\t\t<div class=\"elementor-widget-container\">\n\t\t\t\t\t<h2 class=\"elementor-heading-title elementor-size-default\">Hausregeln<\/h2>\t\t\t\t<\/div>\n\t\t\t\t<\/div>\n\t\t\t\t<div class=\"elementor-element elementor-element-61d29e elementor-widget elementor-widget-menu-anchor\" data-id=\"61d29e\" data-element_type=\"widget\" data-widget_type=\"menu-anchor.default\">\n\t\t\t\t<div class=\"elementor-widget-container\">\n\t\t\t\t\t\t\t<div class=\"elementor-menu-anchor\" id=\"Hausregeln\"><\/div>\n\t\t\t\t\t\t<\/div>\n\t\t\t\t<\/div>\n\t\t\t\t<div class=\"elementor-element elementor-element-5e6a398d elementor-widget-divider--view-line elementor-widget elementor-widget-divider\" data-id=\"5e6a398d\" data-element_type=\"widget\" data-widget_type=\"divider.default\">\n\t\t\t\t<div class=\"elementor-widget-container\">\n\t\t\t\t\t\t\t<div class=\"elementor-divider\">\n\t\t\t<span class=\"elementor-divider-separator\">\n\t\t\t\t\t\t<\/span>\n\t\t<\/div>\n\t\t\t\t\t\t<\/div>\n\t\t\t\t<\/div>\n\t\t\t\t<div class=\"elementor-element elementor-element-5fe7f7b8 elementor-widget elementor-widget-text-editor\" data-id=\"5fe7f7b8\" data-element_type=\"widget\" data-widget_type=\"text-editor.default\">\n\t\t\t\t<div class=\"elementor-widget-container\">\n\t\t\t\t\t\t\t\t\t<article class=\"text-token-text-primary w-full\" dir=\"auto\" data-testid=\"conversation-turn-42\" data-scroll-anchor=\"true\">\n<div class=\"text-base my-auto mx-auto py-5 [--thread-content-margin:--spacing(4)] @[37rem]:[--thread-content-margin:--spacing(6)] @[72rem]:[--thread-content-margin:--spacing(16)] px-(--thread-content-margin)\">\n<div class=\"[--thread-content-max-width:32rem] @[34rem]:[--thread-content-max-width:40rem] @[64rem]:[--thread-content-max-width:48rem] mx-auto flex max-w-(--thread-content-max-width) flex-1 text-base gap-4 md:gap-5 lg:gap-6 group\/turn-messages focus-visible:outline-hidden\" tabindex=\"-1\">\n<div class=\"group\/conversation-turn relative flex w-full min-w-0 flex-col agent-turn\">\n<div class=\"relative flex-col gap-1 md:gap-3\">\n<div class=\"flex max-w-full flex-col grow\">\n<div class=\"min-h-8 text-message relative flex w-full flex-col items-end gap-2 text-start break-words whitespace-normal [.text-message+&amp;]:mt-5\" dir=\"auto\" data-message-author-role=\"assistant\" data-message-id=\"c6706bdb-d100-4ce7-af8e-1584d98a769c\" data-message-model-slug=\"gpt-4-1-mini\">\n<div class=\"flex w-full flex-col gap-1 empty:hidden first:pt-[3px]\">\n<div class=\"markdown prose dark:prose-invert w-full break-words light\">\n<p data-start=\"0\" data-end=\"77\" data-is-last-node=\"\" data-is-only-node=\"\">Die Hausregeln von Easyfairs sind \u00fcber den untenstehenden Download verf\u00fcgbar.<\/p>\n<\/div>\n<\/div>\n<\/div>\n<\/div>\n<\/div>\n<\/div>\n<\/div>\n<\/div>\n<\/article>\n\t\t\t\t\t\t\t\t<\/div>\n\t\t\t\t<\/div>\n\t\t\t\t<div class=\"elementor-element elementor-element-4cd7e0a5 elementor-widget elementor-widget-button\" data-id=\"4cd7e0a5\" data-element_type=\"widget\" data-widget_type=\"button.default\">\n\t\t\t\t<div class=\"elementor-widget-container\">\n\t\t\t\t\t\t\t\t\t<div class=\"elementor-button-wrapper\">\n\t\t\t\t\t<a class=\"elementor-button elementor-button-link elementor-size-sm\" href=\"https:\/\/www.recreatie-vakbeurs.nl\/wp-content\/uploads\/sites\/201\/2025\/05\/Huisregels.pdf\">\n\t\t\t\t\t\t<span class=\"elementor-button-content-wrapper\">\n\t\t\t\t\t\t\t\t\t<span class=\"elementor-button-text\">Hausregeln herunterladen <\/span>\n\t\t\t\t\t<\/span>\n\t\t\t\t\t<\/a>\n\t\t\t\t<\/div>\n\t\t\t\t\t\t\t\t<\/div>\n\t\t\t\t<\/div>\n\t\t\t\t\t<\/div>\n\t\t<\/div>\n\t\t\t\t\t<\/div>\n\t\t<\/section>\n\t\t\t\t<section class=\"elementor-section elementor-top-section elementor-element elementor-element-3e883ff1 elementor-section-boxed elementor-section-height-default elementor-section-height-default\" data-id=\"3e883ff1\" data-element_type=\"section\">\n\t\t\t\t\t\t<div class=\"elementor-container elementor-column-gap-default\">\n\t\t\t\t\t<div class=\"elementor-column elementor-col-100 elementor-top-column elementor-element elementor-element-10c25f37\" data-id=\"10c25f37\" data-element_type=\"column\">\n\t\t\t<div class=\"elementor-widget-wrap elementor-element-populated\">\n\t\t\t\t\t\t<div class=\"elementor-element elementor-element-6f6fcd5e elementor-widget elementor-widget-heading\" data-id=\"6f6fcd5e\" data-element_type=\"widget\" data-widget_type=\"heading.default\">\n\t\t\t\t<div class=\"elementor-widget-container\">\n\t\t\t\t\t<h2 class=\"elementor-heading-title elementor-size-default\">Schwei\u00dfen am Stand<\/h2>\t\t\t\t<\/div>\n\t\t\t\t<\/div>\n\t\t\t\t<div class=\"elementor-element elementor-element-6f023fd elementor-widget elementor-widget-menu-anchor\" data-id=\"6f023fd\" data-element_type=\"widget\" data-widget_type=\"menu-anchor.default\">\n\t\t\t\t<div class=\"elementor-widget-container\">\n\t\t\t\t\t\t\t<div class=\"elementor-menu-anchor\" id=\"Schweien\"><\/div>\n\t\t\t\t\t\t<\/div>\n\t\t\t\t<\/div>\n\t\t\t\t<div class=\"elementor-element elementor-element-266d757d elementor-widget-divider--view-line elementor-widget elementor-widget-divider\" data-id=\"266d757d\" data-element_type=\"widget\" data-widget_type=\"divider.default\">\n\t\t\t\t<div class=\"elementor-widget-container\">\n\t\t\t\t\t\t\t<div class=\"elementor-divider\">\n\t\t\t<span class=\"elementor-divider-separator\">\n\t\t\t\t\t\t<\/span>\n\t\t<\/div>\n\t\t\t\t\t\t<\/div>\n\t\t\t\t<\/div>\n\t\t\t\t<div class=\"elementor-element elementor-element-5617b453 elementor-widget elementor-widget-heading\" data-id=\"5617b453\" data-element_type=\"widget\" data-widget_type=\"heading.default\">\n\t\t\t\t<div class=\"elementor-widget-container\">\n\t\t\t\t\t<h3 class=\"elementor-heading-title elementor-size-default\">Gasflaschen<\/h3>\t\t\t\t<\/div>\n\t\t\t\t<\/div>\n\t\t\t\t<div class=\"elementor-element elementor-element-4245fb3f elementor-widget elementor-widget-text-editor\" data-id=\"4245fb3f\" data-element_type=\"widget\" data-widget_type=\"text-editor.default\">\n\t\t\t\t<div class=\"elementor-widget-container\">\n\t\t\t\t\t\t\t\t\t<ul>\n<li>Auf der Messefl\u00e4che darf nur ein Arbeitsvorrat stehen, das hei\u00dft: 1 Flasche, die gegen Umfallen gesichert ist.<\/li>\n<li>Der restliche Vorrat muss in einem bel\u00fcfteten, abgeschlossenen Raum au\u00dferhalb des Geb\u00e4udes gelagert werden, mindestens 15 Meter vom Geb\u00e4ude entfernt.<\/li>\n<li>Am Ende jedes Messetages m\u00fcssen die Ventile an den Zylindern zugedreht werden.<\/li>\n<\/ul>\n\t\t\t\t\t\t\t\t<\/div>\n\t\t\t\t<\/div>\n\t\t\t\t<div class=\"elementor-element elementor-element-4f561174 elementor-widget elementor-widget-heading\" data-id=\"4f561174\" data-element_type=\"widget\" data-widget_type=\"heading.default\">\n\t\t\t\t<div class=\"elementor-widget-container\">\n\t\t\t\t\t<h3 class=\"elementor-heading-title elementor-size-default\">Schutz<\/h3>\t\t\t\t<\/div>\n\t\t\t\t<\/div>\n\t\t\t\t<div class=\"elementor-element elementor-element-65eccb40 elementor-widget elementor-widget-text-editor\" data-id=\"65eccb40\" data-element_type=\"widget\" data-widget_type=\"text-editor.default\">\n\t\t\t\t<div class=\"elementor-widget-container\">\n\t\t\t\t\t\t\t\t\t<article class=\"text-token-text-primary w-full\" dir=\"auto\" data-testid=\"conversation-turn-54\" data-scroll-anchor=\"true\">\n<div class=\"text-base my-auto mx-auto py-5 [--thread-content-margin:--spacing(4)] @[37rem]:[--thread-content-margin:--spacing(6)] @[72rem]:[--thread-content-margin:--spacing(16)] px-(--thread-content-margin)\">\n<div class=\"[--thread-content-max-width:32rem] @[34rem]:[--thread-content-max-width:40rem] @[64rem]:[--thread-content-max-width:48rem] mx-auto flex max-w-(--thread-content-max-width) flex-1 text-base gap-4 md:gap-5 lg:gap-6 group\/turn-messages focus-visible:outline-hidden\" tabindex=\"-1\">\n<div class=\"group\/conversation-turn relative flex w-full min-w-0 flex-col agent-turn\">\n<div class=\"relative flex-col gap-1 md:gap-3\">\n<div class=\"flex max-w-full flex-col grow\">\n<div class=\"min-h-8 text-message relative flex w-full flex-col items-end gap-2 text-start break-words whitespace-normal [.text-message+&amp;]:mt-5\" dir=\"auto\" data-message-author-role=\"assistant\" data-message-id=\"e6941ff2-adf9-43b5-b0c2-93411434a181\" data-message-model-slug=\"gpt-4-1-mini\">\n<div class=\"flex w-full flex-col gap-1 empty:hidden first:pt-[3px]\">\n<div class=\"markdown prose dark:prose-invert w-full break-words light\">\n<ul>\n<li data-start=\"0\" data-end=\"492\">Arbeitspl\u00e4tze m\u00fcssen f\u00fcr Besucher gut abgeschirmt sein, beispielsweise durch eine Abtrennung aus Hartplastik oder Glas. Besucher d\u00fcrfen nicht mit erhitzten Teilen oder offenem Feuer in Ber\u00fchrung kommen.<\/li>\n<li data-start=\"0\" data-end=\"492\">Der Boden muss gesch\u00fctzt werden, zum Beispiel durch eine Gummimatte.<\/li>\n<li data-start=\"0\" data-end=\"492\">Es ist Pflicht, einen Feuerl\u00f6scher und eine L\u00f6schdecke am Stand zu haben.<\/li>\n<li data-start=\"0\" data-end=\"492\">Demonstrationen d\u00fcrfen nur von daf\u00fcr ausgebildeten Personen durchgef\u00fchrt werden.<\/li>\n<li data-start=\"0\" data-end=\"492\">Elektrische Absaugung von Schwei\u00dfrauch ist verpflichtend.<\/li>\n<\/ul>\n<\/div>\n<\/div>\n<\/div>\n<\/div>\n<\/div>\n<\/div>\n<\/div>\n<\/div>\n<\/article>\n\t\t\t\t\t\t\t\t<\/div>\n\t\t\t\t<\/div>\n\t\t\t\t\t<\/div>\n\t\t<\/div>\n\t\t\t\t\t<\/div>\n\t\t<\/section>\n\t\t\t\t<\/div>\n\t\t","protected":false},"excerpt":{"rendered":"<p>Versicherung &amp; Haftung Home Bez\u00fcglich Versicherung und Haftung haben wir bei Easyfairs einige Punkte festgelegt. Standversicherung Hausregeln Schwei\u00dfen am Stand Standversicherung Easyfairs bietet eine kollektive Standversicherung an, an der Aussteller zu einem attraktiven Tarif teilnehmen k\u00f6nnen. F\u00fcr alle Fragen zur kollektiven Standversicherung verweisen wir Sie an: www.inevexco.co.uk. Hausregeln Die Hausregeln von Easyfairs sind \u00fcber den [&hellip;]<\/p>\n","protected":false},"author":109,"featured_media":0,"parent":121911,"menu_order":0,"comment_status":"closed","ping_status":"closed","template":"","meta":{"_seopress_robots_primary_cat":"","_seopress_titles_title":"","_seopress_titles_desc":"","_seopress_robots_index":"","footnotes":""},"class_list":["post-125770","page","type-page","status-publish","hentry"],"_links":{"self":[{"href":"https:\/\/www.recreatie-vakbeurs.nl\/de\/wp-json\/wp\/v2\/pages\/125770","targetHints":{"allow":["GET"]}}],"collection":[{"href":"https:\/\/www.recreatie-vakbeurs.nl\/de\/wp-json\/wp\/v2\/pages"}],"about":[{"href":"https:\/\/www.recreatie-vakbeurs.nl\/de\/wp-json\/wp\/v2\/types\/page"}],"author":[{"embeddable":true,"href":"https:\/\/www.recreatie-vakbeurs.nl\/de\/wp-json\/wp\/v2\/users\/109"}],"replies":[{"embeddable":true,"href":"https:\/\/www.recreatie-vakbeurs.nl\/de\/wp-json\/wp\/v2\/comments?post=125770"}],"version-history":[{"count":1,"href":"https:\/\/www.recreatie-vakbeurs.nl\/de\/wp-json\/wp\/v2\/pages\/125770\/revisions"}],"predecessor-version":[{"id":125771,"href":"https:\/\/www.recreatie-vakbeurs.nl\/de\/wp-json\/wp\/v2\/pages\/125770\/revisions\/125771"}],"up":[{"embeddable":true,"href":"https:\/\/www.recreatie-vakbeurs.nl\/de\/wp-json\/wp\/v2\/pages\/121911"}],"wp:attachment":[{"href":"https:\/\/www.recreatie-vakbeurs.nl\/de\/wp-json\/wp\/v2\/media?parent=125770"}],"curies":[{"name":"wp","href":"https:\/\/api.w.org\/{rel}","templated":true}]}}