{"id":122415,"date":"2025-05-28T13:33:59","date_gmt":"2025-05-28T11:33:59","guid":{"rendered":"https:\/\/www.recreatie-vakbeurs.nl\/easyfairs-nl-app-recreatie-vakbeurs\/"},"modified":"2025-10-15T14:46:30","modified_gmt":"2025-10-15T12:46:30","slug":"easyfairs-nl-app-recreatie-vakbeurs","status":"publish","type":"page","link":"https:\/\/www.recreatie-vakbeurs.nl\/de\/easyfairs-nl-app-recreatie-vakbeurs\/","title":{"rendered":"Easyfairs NL App | Recreatie Vakbeurs"},"content":{"rendered":"\t\t<div data-elementor-type=\"wp-page\" data-elementor-id=\"122415\" class=\"elementor elementor-122415 elementor-89569\" data-elementor-post-type=\"page\">\n\t\t\t\t\t\t<section class=\"elementor-section elementor-top-section elementor-element elementor-element-255b1d9 elementor-section-boxed elementor-section-height-default elementor-section-height-default\" data-id=\"255b1d9\" data-element_type=\"section\">\n\t\t\t\t\t\t<div class=\"elementor-container elementor-column-gap-default\">\n\t\t\t\t\t<div class=\"elementor-column elementor-col-100 elementor-top-column elementor-element elementor-element-c975749\" data-id=\"c975749\" data-element_type=\"column\">\n\t\t\t<div class=\"elementor-widget-wrap elementor-element-populated\">\n\t\t\t\t\t\t<div class=\"elementor-element elementor-element-83d0cd7 elementor-widget elementor-widget-template\" data-id=\"83d0cd7\" data-element_type=\"widget\" data-widget_type=\"template.default\">\n\t\t\t\t<div class=\"elementor-widget-container\">\n\t\t\t\t\t\t\t<div class=\"elementor-template\">\n\t\t\t\t\t<div data-elementor-type=\"page\" data-elementor-id=\"166497\" class=\"elementor elementor-166497 elementor-89567\" data-elementor-post-type=\"elementor_library\">\n\t\t\t\t\t\t<section class=\"elementor-section elementor-top-section elementor-element elementor-element-5c0e64a3 elementor-section-boxed elementor-section-height-default elementor-section-height-default\" data-id=\"5c0e64a3\" data-element_type=\"section\">\n\t\t\t\t\t\t<div class=\"elementor-container elementor-column-gap-default\">\n\t\t\t\t\t<div class=\"elementor-column elementor-col-100 elementor-top-column elementor-element elementor-element-6d57212e\" data-id=\"6d57212e\" data-element_type=\"column\">\n\t\t\t<div class=\"elementor-widget-wrap elementor-element-populated\">\n\t\t\t\t\t\t<div class=\"elementor-element elementor-element-5421e7bb elementor-widget elementor-widget-heading\" data-id=\"5421e7bb\" data-element_type=\"widget\" data-widget_type=\"heading.default\">\n\t\t\t\t<div class=\"elementor-widget-container\">\n\t\t\t\t\t<h2 class=\"elementor-heading-title elementor-size-default\">Easyfairs NL app: Optimieren Sie Ihre Messeteilnahme mit der Event-App!<\/h2>\t\t\t\t<\/div>\n\t\t\t\t<\/div>\n\t\t\t\t<div class=\"elementor-element elementor-element-c711324 elementor-widget elementor-widget-text-editor\" data-id=\"c711324\" data-element_type=\"widget\" data-widget_type=\"text-editor.default\">\n\t\t\t\t<div class=\"elementor-widget-container\">\n\t\t\t\t\t\t\t\t\t<p>Lernen Sie unsere neue Event-App kennen, die mit verschiedenen Funktionen Ihre Sichtbarkeit vor, w\u00e4hrend und nach der Veranstaltung erh\u00f6ht. Mit der App k\u00f6nnen Sie jederzeit mit Kunden, Interessenten und potenziellen Partnern in Kontakt treten.<\/p>\n\t\t\t\t\t\t\t\t<\/div>\n\t\t\t\t<\/div>\n\t\t\t\t<section class=\"elementor-section elementor-inner-section elementor-element elementor-element-14e58c4a elementor-section-boxed elementor-section-height-default elementor-section-height-default\" data-id=\"14e58c4a\" data-element_type=\"section\">\n\t\t\t\t\t\t<div class=\"elementor-container elementor-column-gap-default\">\n\t\t\t\t\t<div class=\"elementor-column elementor-col-50 elementor-inner-column elementor-element elementor-element-6df383e5\" data-id=\"6df383e5\" data-element_type=\"column\">\n\t\t\t<div class=\"elementor-widget-wrap elementor-element-populated\">\n\t\t\t\t\t\t<div class=\"elementor-element elementor-element-7ae94c96 elementor-widget__width-initial elementor-widget elementor-widget-text-editor\" data-id=\"7ae94c96\" data-element_type=\"widget\" data-widget_type=\"text-editor.default\">\n\t\t\t\t<div class=\"elementor-widget-container\">\n\t\t\t\t\t\t\t\t\t\ud83d\ude80 <strong>Bereiten Sie sich vor, indem Sie Ihr Profil erstellen und Ihre Teammitglieder einladen.<\/strong><br><br>Die Unternehmensdaten werden vorab aus My Easyfairs \u00fcbernommen. Sie m\u00fcssen lediglich Ihren Zeitplan f\u00fcr die Veranstaltung mit der App vorbereiten, damit Besucher bereits im Voraus mit Ihnen kommunizieren und Termine f\u00fcr die Veranstaltung vereinbaren k\u00f6nnen.<br><br>\ud83e\udd1d <strong>Erhalten Sie personalisierte Empfehlungen.<\/strong><br><br>Die App schl\u00e4gt Ihnen die relevantesten Kontakte vor. Personen, die Sie aufgrund Ihrer Pr\u00e4ferenzen und Interessen wahrscheinlich unbedingt auf der Veranstaltung treffen m\u00f6chten.\t\t\t\t\t\t\t\t<\/div>\n\t\t\t\t<\/div>\n\t\t\t\t\t<\/div>\n\t\t<\/div>\n\t\t\t\t<div class=\"elementor-column elementor-col-50 elementor-inner-column elementor-element elementor-element-578e1ef5\" data-id=\"578e1ef5\" data-element_type=\"column\">\n\t\t\t<div class=\"elementor-widget-wrap elementor-element-populated\">\n\t\t\t\t\t\t<div class=\"elementor-element elementor-element-5d575b8e elementor-widget elementor-widget-image\" data-id=\"5d575b8e\" data-element_type=\"widget\" data-widget_type=\"image.default\">\n\t\t\t\t<div class=\"elementor-widget-container\">\n\t\t\t\t\t\t\t\t\t\t\t\t\t\t\t<img fetchpriority=\"high\" decoding=\"async\" width=\"768\" height=\"512\" src=\"https:\/\/easyfairsassets.com\/sites\/201\/2025\/11\/KevinvlPhotography_20251111_143206_RECREATIE_DSC05955_LR-768x512.jpg\" class=\"attachment-medium_large size-medium_large wp-image-167322\" alt=\"\" srcset=\"https:\/\/easyfairsassets.com\/sites\/201\/2025\/11\/KevinvlPhotography_20251111_143206_RECREATIE_DSC05955_LR-768x512.jpg 768w, https:\/\/easyfairsassets.com\/sites\/201\/2025\/11\/KevinvlPhotography_20251111_143206_RECREATIE_DSC05955_LR-300x200.jpg 300w, https:\/\/easyfairsassets.com\/sites\/201\/2025\/11\/KevinvlPhotography_20251111_143206_RECREATIE_DSC05955_LR-1024x683.jpg 1024w, https:\/\/easyfairsassets.com\/sites\/201\/2025\/11\/KevinvlPhotography_20251111_143206_RECREATIE_DSC05955_LR-1536x1024.jpg 1536w, https:\/\/easyfairsassets.com\/sites\/201\/2025\/11\/KevinvlPhotography_20251111_143206_RECREATIE_DSC05955_LR.jpg 1920w\" sizes=\"(max-width: 768px) 100vw, 768px\" \/>\t\t\t\t\t\t\t\t\t\t\t\t\t\t\t<\/div>\n\t\t\t\t<\/div>\n\t\t\t\t\t<\/div>\n\t\t<\/div>\n\t\t\t\t\t<\/div>\n\t\t<\/section>\n\t\t\t\t\t<\/div>\n\t\t<\/div>\n\t\t\t\t\t<\/div>\n\t\t<\/section>\n\t\t\t\t<section class=\"elementor-section elementor-top-section elementor-element elementor-element-646306d elementor-section-boxed elementor-section-height-default elementor-section-height-default\" data-id=\"646306d\" data-element_type=\"section\" data-settings=\"{&quot;background_background&quot;:&quot;gradient&quot;}\">\n\t\t\t\t\t\t<div class=\"elementor-container elementor-column-gap-default\">\n\t\t\t\t\t<div class=\"elementor-column elementor-col-33 elementor-top-column elementor-element elementor-element-542c9878\" data-id=\"542c9878\" data-element_type=\"column\" data-settings=\"{&quot;background_background&quot;:&quot;classic&quot;}\">\n\t\t\t<div class=\"elementor-widget-wrap elementor-element-populated\">\n\t\t\t\t\t\t<div class=\"elementor-element elementor-element-5b8820df elementor-widget elementor-widget-heading\" data-id=\"5b8820df\" data-element_type=\"widget\" data-widget_type=\"heading.default\">\n\t\t\t\t<div class=\"elementor-widget-container\">\n\t\t\t\t\t<h3 class=\"elementor-heading-title elementor-size-default\">Vorteile der Easyfairs NL App:<\/h3>\t\t\t\t<\/div>\n\t\t\t\t<\/div>\n\t\t\t\t<div class=\"elementor-element elementor-element-7a9d1f66 elementor-widget elementor-widget-text-editor\" data-id=\"7a9d1f66\" data-element_type=\"widget\" data-widget_type=\"text-editor.default\">\n\t\t\t\t<div class=\"elementor-widget-container\">\n\t\t\t\t\t\t\t\t\t<ol>\n<li><strong>Maximales Networking:<\/strong> Erweitern Sie Ihre M\u00f6glichkeiten, mit gleichgesinnten Fachleuten in Kontakt zu treten.<\/li>\n<li><strong>Effiziente Terminvereinbarungen:<\/strong> Einfache Kommunikation und Terminplanung.<\/li>\n<li><strong>Personalisierte Erfahrung:<\/strong> Passen Sie Ihre Veranstaltungserfahrung an Ihre beruflichen Ziele an.<\/li>\n<\/ol>\n\t\t\t\t\t\t\t\t<\/div>\n\t\t\t\t<\/div>\n\t\t\t\t\t<\/div>\n\t\t<\/div>\n\t\t\t\t<div class=\"elementor-column elementor-col-33 elementor-top-column elementor-element elementor-element-20859664\" data-id=\"20859664\" data-element_type=\"column\">\n\t\t\t<div class=\"elementor-widget-wrap\">\n\t\t\t\t\t\t\t<\/div>\n\t\t<\/div>\n\t\t\t\t<div class=\"elementor-column elementor-col-33 elementor-top-column elementor-element elementor-element-3eb48c2\" data-id=\"3eb48c2\" data-element_type=\"column\" data-settings=\"{&quot;background_background&quot;:&quot;classic&quot;}\">\n\t\t\t<div class=\"elementor-widget-wrap elementor-element-populated\">\n\t\t\t\t\t\t<div class=\"elementor-element elementor-element-4a86e450 elementor-widget elementor-widget-heading\" data-id=\"4a86e450\" data-element_type=\"widget\" data-widget_type=\"heading.default\">\n\t\t\t\t<div class=\"elementor-widget-container\">\n\t\t\t\t\t<h3 class=\"elementor-heading-title elementor-size-default\">Wie funktioniert das?<\/h3>\t\t\t\t<\/div>\n\t\t\t\t<\/div>\n\t\t\t\t<div class=\"elementor-element elementor-element-ec06e1a elementor-widget elementor-widget-text-editor\" data-id=\"ec06e1a\" data-element_type=\"widget\" data-widget_type=\"text-editor.default\">\n\t\t\t\t<div class=\"elementor-widget-container\">\n\t\t\t\t\t\t\t\t\t<ul>\n<li><strong>Registrieren Sie Ihr Standpersonal:<\/strong> Nach der Registrierung erhalten sie eine E-Mail, um ihr Konto in der App zu erstellen.<\/li>\n<li><strong>Richten Sie Ihr Benutzerprofil ein:<\/strong> Teilen Sie uns Ihre Interessen mit und was Sie w\u00e4hrend der Veranstaltung suchen.<\/li>\n<li><strong>Laden Sie die App herunter:<\/strong> Laden Sie die App herunter und profitieren Sie jederzeit und \u00fcberall von den Vorteilen.<\/li>\n<\/ul>\n\t\t\t\t\t\t\t\t<\/div>\n\t\t\t\t<\/div>\n\t\t\t\t\t<\/div>\n\t\t<\/div>\n\t\t\t\t\t<\/div>\n\t\t<\/section>\n\t\t\t\t<section class=\"elementor-section elementor-top-section elementor-element elementor-element-4d5a28c3 elementor-section-boxed elementor-section-height-default elementor-section-height-default\" data-id=\"4d5a28c3\" data-element_type=\"section\">\n\t\t\t\t\t\t<div class=\"elementor-container elementor-column-gap-default\">\n\t\t\t\t\t<div class=\"elementor-column elementor-col-100 elementor-top-column elementor-element elementor-element-22299906\" data-id=\"22299906\" data-element_type=\"column\">\n\t\t\t<div class=\"elementor-widget-wrap elementor-element-populated\">\n\t\t\t\t\t\t<div class=\"elementor-element elementor-element-3f50f341 elementor-widget elementor-widget-heading\" data-id=\"3f50f341\" data-element_type=\"widget\" data-widget_type=\"heading.default\">\n\t\t\t\t<div class=\"elementor-widget-container\">\n\t\t\t\t\t<h2 class=\"elementor-heading-title elementor-size-default\">Holen Sie das Beste aus Ihrer Teilnahme heraus!<\/h2>\t\t\t\t<\/div>\n\t\t\t\t<\/div>\n\t\t\t\t<div class=\"elementor-element elementor-element-11185350 elementor-widget elementor-widget-text-editor\" data-id=\"11185350\" data-element_type=\"widget\" data-widget_type=\"text-editor.default\">\n\t\t\t\t<div class=\"elementor-widget-container\">\n\t\t\t\t\t\t\t\t\t<p>Sechs Wochen vor der Recreatie Vakbeurs geht die Easyfairs NL-App live.\ud83d\udcf2<br \/>Klicken Sie unten, um zum App Store (iOS) oder Google Play Store (Android) zu gelangen.<\/p>\n\t\t\t\t\t\t\t\t<\/div>\n\t\t\t\t<\/div>\n\t\t\t\t<section class=\"elementor-section elementor-inner-section elementor-element elementor-element-5abe0fee elementor-section-boxed elementor-section-height-default elementor-section-height-default\" data-id=\"5abe0fee\" data-element_type=\"section\">\n\t\t\t\t\t\t<div class=\"elementor-container elementor-column-gap-default\">\n\t\t\t\t\t<div class=\"elementor-column elementor-col-50 elementor-inner-column elementor-element elementor-element-59e68304\" data-id=\"59e68304\" data-element_type=\"column\">\n\t\t\t<div class=\"elementor-widget-wrap elementor-element-populated\">\n\t\t\t\t\t\t<div class=\"elementor-element elementor-element-3bbee637 elementor-widget elementor-widget-image\" data-id=\"3bbee637\" data-element_type=\"widget\" data-widget_type=\"image.default\">\n\t\t\t\t<div class=\"elementor-widget-container\">\n\t\t\t\t\t\t\t\t\t\t\t\t\t\t\t\t<a href=\"https:\/\/matchmaking.grip.events\/recreatievakbeurs2025\/event-login\" target=\"_blank\">\n\t\t\t\t\t\t\t<img decoding=\"async\" width=\"233\" height=\"76\" src=\"https:\/\/easyfairsassets.com\/sites\/201\/2024\/07\/MicrosoftTeams-image-5.png\" class=\"attachment-medium size-medium wp-image-116398\" alt=\"download on the App Store\" \/>\t\t\t\t\t\t\t\t<\/a>\n\t\t\t\t\t\t\t\t\t\t\t\t\t\t\t<\/div>\n\t\t\t\t<\/div>\n\t\t\t\t\t<\/div>\n\t\t<\/div>\n\t\t\t\t<div class=\"elementor-column elementor-col-50 elementor-inner-column elementor-element elementor-element-4589b603\" data-id=\"4589b603\" data-element_type=\"column\">\n\t\t\t<div class=\"elementor-widget-wrap elementor-element-populated\">\n\t\t\t\t\t\t<div class=\"elementor-element elementor-element-2682020b elementor-widget elementor-widget-image\" data-id=\"2682020b\" data-element_type=\"widget\" data-widget_type=\"image.default\">\n\t\t\t\t<div class=\"elementor-widget-container\">\n\t\t\t\t\t\t\t\t\t\t\t\t\t\t\t\t<a href=\"https:\/\/matchmaking.grip.events\/recreatievakbeurs2025\/event-login\" target=\"_blank\">\n\t\t\t\t\t\t\t<img decoding=\"async\" width=\"223\" height=\"73\" src=\"https:\/\/easyfairsassets.com\/sites\/201\/2024\/07\/MicrosoftTeams-image-6.png\" class=\"attachment-medium size-medium wp-image-116399\" alt=\"Get it on Google Play\" \/>\t\t\t\t\t\t\t\t<\/a>\n\t\t\t\t\t\t\t\t\t\t\t\t\t\t\t<\/div>\n\t\t\t\t<\/div>\n\t\t\t\t\t<\/div>\n\t\t<\/div>\n\t\t\t\t\t<\/div>\n\t\t<\/section>\n\t\t\t\t\t<\/div>\n\t\t<\/div>\n\t\t\t\t\t<\/div>\n\t\t<\/section>\n\t\t\t\t<section class=\"elementor-section elementor-top-section elementor-element elementor-element-21c08c93 elementor-section-boxed elementor-section-height-default elementor-section-height-default\" data-id=\"21c08c93\" data-element_type=\"section\">\n\t\t\t\t\t\t<div class=\"elementor-container elementor-column-gap-default\">\n\t\t\t\t\t<div class=\"elementor-column elementor-col-100 elementor-top-column elementor-element elementor-element-5eac4987\" data-id=\"5eac4987\" data-element_type=\"column\">\n\t\t\t<div class=\"elementor-widget-wrap elementor-element-populated\">\n\t\t\t\t\t\t<div class=\"elementor-element elementor-element-14596648 elementor-widget elementor-widget-heading\" data-id=\"14596648\" data-element_type=\"widget\" data-widget_type=\"heading.default\">\n\t\t\t\t<div class=\"elementor-widget-container\">\n\t\t\t\t\t<h2 class=\"elementor-heading-title elementor-size-default\">FAQ<\/h2>\t\t\t\t<\/div>\n\t\t\t\t<\/div>\n\t\t\t\t<div class=\"elementor-element elementor-element-665e98d2 elementor-widget elementor-widget-accordion\" data-id=\"665e98d2\" data-element_type=\"widget\" data-widget_type=\"accordion.default\">\n\t\t\t\t<div class=\"elementor-widget-container\">\n\t\t\t\t\t\t\t<div class=\"elementor-accordion\">\n\t\t\t\t\t\t\t<div class=\"elementor-accordion-item\">\n\t\t\t\t\t<div id=\"elementor-tab-title-1711\" class=\"elementor-tab-title\" data-tab=\"1\" role=\"button\" aria-controls=\"elementor-tab-content-1711\" aria-expanded=\"false\">\n\t\t\t\t\t\t\t\t\t\t\t\t\t<span class=\"elementor-accordion-icon elementor-accordion-icon-left\" aria-hidden=\"true\">\n\t\t\t\t\t\t\t\t\t\t\t\t\t\t\t<span class=\"elementor-accordion-icon-closed\"><i class=\"fas fa-plus\"><\/i><\/span>\n\t\t\t\t\t\t\t\t<span class=\"elementor-accordion-icon-opened\"><i class=\"fas fa-minus\"><\/i><\/span>\n\t\t\t\t\t\t\t\t\t\t\t\t\t\t<\/span>\n\t\t\t\t\t\t\t\t\t\t\t\t<a class=\"elementor-accordion-title\" tabindex=\"0\">Was ist die Easyfairs NL App?<\/a>\n\t\t\t\t\t<\/div>\n\t\t\t\t\t<div id=\"elementor-tab-content-1711\" class=\"elementor-tab-content elementor-clearfix\" data-tab=\"1\" role=\"region\" aria-labelledby=\"elementor-tab-title-1711\"><p>Mit der App k\u00f6nnen Sie Kontakt zu Besuchern, Referenten oder anderen Ausstellern aufnehmen und Termine vereinbaren. Sie k\u00f6nnen sich das Wissensprogramm ansehen und Termine in Ihrem Kalender eintragen, Informationen zu Referenten und Ausstellern abrufen und den Lageplan einsehen.<\/p>\n<\/div>\n\t\t\t\t<\/div>\n\t\t\t\t\t\t\t<div class=\"elementor-accordion-item\">\n\t\t\t\t\t<div id=\"elementor-tab-title-1712\" class=\"elementor-tab-title\" data-tab=\"2\" role=\"button\" aria-controls=\"elementor-tab-content-1712\" aria-expanded=\"false\">\n\t\t\t\t\t\t\t\t\t\t\t\t\t<span class=\"elementor-accordion-icon elementor-accordion-icon-left\" aria-hidden=\"true\">\n\t\t\t\t\t\t\t\t\t\t\t\t\t\t\t<span class=\"elementor-accordion-icon-closed\"><i class=\"fas fa-plus\"><\/i><\/span>\n\t\t\t\t\t\t\t\t<span class=\"elementor-accordion-icon-opened\"><i class=\"fas fa-minus\"><\/i><\/span>\n\t\t\t\t\t\t\t\t\t\t\t\t\t\t<\/span>\n\t\t\t\t\t\t\t\t\t\t\t\t<a class=\"elementor-accordion-title\" tabindex=\"0\">Wie lade ich die App herunter?<\/a>\n\t\t\t\t\t<\/div>\n\t\t\t\t\t<div id=\"elementor-tab-content-1712\" class=\"elementor-tab-content elementor-clearfix\" data-tab=\"2\" role=\"region\" aria-labelledby=\"elementor-tab-title-1712\"><p>Die App kann im App Store (iOS) oder Google Play Store (Android) heruntergeladen werden. Suchen Sie nach \u201eEasyfairs NL\u201c.<\/p>\n<\/div>\n\t\t\t\t<\/div>\n\t\t\t\t\t\t\t<div class=\"elementor-accordion-item\">\n\t\t\t\t\t<div id=\"elementor-tab-title-1713\" class=\"elementor-tab-title\" data-tab=\"3\" role=\"button\" aria-controls=\"elementor-tab-content-1713\" aria-expanded=\"false\">\n\t\t\t\t\t\t\t\t\t\t\t\t\t<span class=\"elementor-accordion-icon elementor-accordion-icon-left\" aria-hidden=\"true\">\n\t\t\t\t\t\t\t\t\t\t\t\t\t\t\t<span class=\"elementor-accordion-icon-closed\"><i class=\"fas fa-plus\"><\/i><\/span>\n\t\t\t\t\t\t\t\t<span class=\"elementor-accordion-icon-opened\"><i class=\"fas fa-minus\"><\/i><\/span>\n\t\t\t\t\t\t\t\t\t\t\t\t\t\t<\/span>\n\t\t\t\t\t\t\t\t\t\t\t\t<a class=\"elementor-accordion-title\" tabindex=\"0\">Wie aktiviere ich mein Konto?<\/a>\n\t\t\t\t\t<\/div>\n\t\t\t\t\t<div id=\"elementor-tab-content-1713\" class=\"elementor-tab-content elementor-clearfix\" data-tab=\"3\" role=\"region\" aria-labelledby=\"elementor-tab-title-1713\"><p>Nachdem Sie Ihre Standmitarbeiter angemeldet haben, erhalten diese eine E-Mail, um ihr Konto in der App zu erstellen. Diese Willkommens-E-Mail enth\u00e4lt eine Registrierungs-ID\/Badge-ID. Anschlie\u00dfend k\u00f6nnen sie ein Passwort erstellen, mit dem sie sich k\u00fcnftig anmelden k\u00f6nnen.<\/p>\n<\/div>\n\t\t\t\t<\/div>\n\t\t\t\t\t\t\t<div class=\"elementor-accordion-item\">\n\t\t\t\t\t<div id=\"elementor-tab-title-1714\" class=\"elementor-tab-title\" data-tab=\"4\" role=\"button\" aria-controls=\"elementor-tab-content-1714\" aria-expanded=\"false\">\n\t\t\t\t\t\t\t\t\t\t\t\t\t<span class=\"elementor-accordion-icon elementor-accordion-icon-left\" aria-hidden=\"true\">\n\t\t\t\t\t\t\t\t\t\t\t\t\t\t\t<span class=\"elementor-accordion-icon-closed\"><i class=\"fas fa-plus\"><\/i><\/span>\n\t\t\t\t\t\t\t\t<span class=\"elementor-accordion-icon-opened\"><i class=\"fas fa-minus\"><\/i><\/span>\n\t\t\t\t\t\t\t\t\t\t\t\t\t\t<\/span>\n\t\t\t\t\t\t\t\t\t\t\t\t<a class=\"elementor-accordion-title\" tabindex=\"0\">Ich habe keine Willkommens-E-Mail erhalten.<\/a>\n\t\t\t\t\t<\/div>\n\t\t\t\t\t<div id=\"elementor-tab-content-1714\" class=\"elementor-tab-content elementor-clearfix\" data-tab=\"4\" role=\"region\" aria-labelledby=\"elementor-tab-title-1714\"><p>Klicken Sie auf die Schaltfl\u00e4che \u201eHilfe?\u201c in der App, um Kontakt aufzunehmen, damit die E-Mail doch noch versendet werden kann. Oder senden Sie eine E-Mail an uitnodiging@easyfairs.com.<\/p>\n<\/div>\n\t\t\t\t<\/div>\n\t\t\t\t\t\t\t<div class=\"elementor-accordion-item\">\n\t\t\t\t\t<div id=\"elementor-tab-title-1715\" class=\"elementor-tab-title\" data-tab=\"5\" role=\"button\" aria-controls=\"elementor-tab-content-1715\" aria-expanded=\"false\">\n\t\t\t\t\t\t\t\t\t\t\t\t\t<span class=\"elementor-accordion-icon elementor-accordion-icon-left\" aria-hidden=\"true\">\n\t\t\t\t\t\t\t\t\t\t\t\t\t\t\t<span class=\"elementor-accordion-icon-closed\"><i class=\"fas fa-plus\"><\/i><\/span>\n\t\t\t\t\t\t\t\t<span class=\"elementor-accordion-icon-opened\"><i class=\"fas fa-minus\"><\/i><\/span>\n\t\t\t\t\t\t\t\t\t\t\t\t\t\t<\/span>\n\t\t\t\t\t\t\t\t\t\t\t\t<a class=\"elementor-accordion-title\" tabindex=\"0\">Wie kn\u00fcpfe ich Kontakte zu Besuchern?<\/a>\n\t\t\t\t\t<\/div>\n\t\t\t\t\t<div id=\"elementor-tab-content-1715\" class=\"elementor-tab-content elementor-clearfix\" data-tab=\"5\" role=\"region\" aria-labelledby=\"elementor-tab-title-1715\"><p>Unter \u201eApp-Nutzer\u201c sehen Sie alle Nutzer der App. Wenn Sie beispielsweise mit einem Messebesucher Kontakt aufnehmen m\u00f6chten, suchen Sie diese Person und klicken Sie auf \u201eInteresse zeigen\u201c, um Ihr Interesse zu bekunden.<\/p>\n<\/div>\n\t\t\t\t<\/div>\n\t\t\t\t\t\t\t<div class=\"elementor-accordion-item\">\n\t\t\t\t\t<div id=\"elementor-tab-title-1716\" class=\"elementor-tab-title\" data-tab=\"6\" role=\"button\" aria-controls=\"elementor-tab-content-1716\" aria-expanded=\"false\">\n\t\t\t\t\t\t\t\t\t\t\t\t\t<span class=\"elementor-accordion-icon elementor-accordion-icon-left\" aria-hidden=\"true\">\n\t\t\t\t\t\t\t\t\t\t\t\t\t\t\t<span class=\"elementor-accordion-icon-closed\"><i class=\"fas fa-plus\"><\/i><\/span>\n\t\t\t\t\t\t\t\t<span class=\"elementor-accordion-icon-opened\"><i class=\"fas fa-minus\"><\/i><\/span>\n\t\t\t\t\t\t\t\t\t\t\t\t\t\t<\/span>\n\t\t\t\t\t\t\t\t\t\t\t\t<a class=\"elementor-accordion-title\" tabindex=\"0\">Wie kann ich \u00fcber die App Kontakt zu einem anderen Aussteller aufnehmen? <\/a>\n\t\t\t\t\t<\/div>\n\t\t\t\t\t<div id=\"elementor-tab-content-1716\" class=\"elementor-tab-content elementor-clearfix\" data-tab=\"6\" role=\"region\" aria-labelledby=\"elementor-tab-title-1716\"><p>In der Ausstellerliste finden Sie alle teilnehmenden Unternehmen. Klicken Sie auf \u201eInteresse bekunden\u201c, um Ihr Interesse an dem Unternehmen zu bekunden. Wenn der Aussteller Ihr Interesse best\u00e4tigt, k\u00f6nnen Sie miteinander chatten oder einen Termin vereinbaren.<\/p>\n<\/div>\n\t\t\t\t<\/div>\n\t\t\t\t\t\t\t<div class=\"elementor-accordion-item\">\n\t\t\t\t\t<div id=\"elementor-tab-title-1717\" class=\"elementor-tab-title\" data-tab=\"7\" role=\"button\" aria-controls=\"elementor-tab-content-1717\" aria-expanded=\"false\">\n\t\t\t\t\t\t\t\t\t\t\t\t\t<span class=\"elementor-accordion-icon elementor-accordion-icon-left\" aria-hidden=\"true\">\n\t\t\t\t\t\t\t\t\t\t\t\t\t\t\t<span class=\"elementor-accordion-icon-closed\"><i class=\"fas fa-plus\"><\/i><\/span>\n\t\t\t\t\t\t\t\t<span class=\"elementor-accordion-icon-opened\"><i class=\"fas fa-minus\"><\/i><\/span>\n\t\t\t\t\t\t\t\t\t\t\t\t\t\t<\/span>\n\t\t\t\t\t\t\t\t\t\t\t\t<a class=\"elementor-accordion-title\" tabindex=\"0\">Wie plane ich eine Wissenssitzung \u00fcber die App in meinem Kalender? <\/a>\n\t\t\t\t\t<\/div>\n\t\t\t\t\t<div id=\"elementor-tab-content-1717\" class=\"elementor-tab-content elementor-clearfix\" data-tab=\"7\" role=\"region\" aria-labelledby=\"elementor-tab-title-1717\"><p>Das gesamte Programm ist in der App unter der Rubrik \u201eProgramm\u201c einsehbar. Wenn Sie an einer Sitzung teilnehmen m\u00f6chten, k\u00f6nnen Sie diese zum Kalender hinzuf\u00fcgen, indem Sie auf die Schaltfl\u00e4che \u201eZum Kalender hinzuf\u00fcgen\u201c neben der Sitzung klicken.<\/p>\n<\/div>\n\t\t\t\t<\/div>\n\t\t\t\t\t\t\t<div class=\"elementor-accordion-item\">\n\t\t\t\t\t<div id=\"elementor-tab-title-1718\" class=\"elementor-tab-title\" data-tab=\"8\" role=\"button\" aria-controls=\"elementor-tab-content-1718\" aria-expanded=\"false\">\n\t\t\t\t\t\t\t\t\t\t\t\t\t<span class=\"elementor-accordion-icon elementor-accordion-icon-left\" aria-hidden=\"true\">\n\t\t\t\t\t\t\t\t\t\t\t\t\t\t\t<span class=\"elementor-accordion-icon-closed\"><i class=\"fas fa-plus\"><\/i><\/span>\n\t\t\t\t\t\t\t\t<span class=\"elementor-accordion-icon-opened\"><i class=\"fas fa-minus\"><\/i><\/span>\n\t\t\t\t\t\t\t\t\t\t\t\t\t\t<\/span>\n\t\t\t\t\t\t\t\t\t\t\t\t<a class=\"elementor-accordion-title\" tabindex=\"0\">Wie werden die Empfehlungen bestimmt, die ich sehe?<\/a>\n\t\t\t\t\t<\/div>\n\t\t\t\t\t<div id=\"elementor-tab-content-1718\" class=\"elementor-tab-content elementor-clearfix\" data-tab=\"8\" role=\"region\" aria-labelledby=\"elementor-tab-title-1718\"><p>Unter \u201eEmpfehlungen f\u00fcr Sie\u201c sehen Sie Empfehlungen, die speziell f\u00fcr Sie angezeigt werden, z. B. Besucher, Standpersonal, andere Aussteller usw. Diese Empfehlungen basieren auf Ihrem Profil und Ihren Interessen. Sie k\u00f6nnen Interesse an den vorgeschlagenen Personen oder Unternehmen bekunden oder sie \u00fcberspringen.<\/p>\n<\/div>\n\t\t\t\t<\/div>\n\t\t\t\t\t\t\t\t<\/div>\n\t\t\t\t\t\t<\/div>\n\t\t\t\t<\/div>\n\t\t\t\t\t<\/div>\n\t\t<\/div>\n\t\t\t\t\t<\/div>\n\t\t<\/section>\n\t\t\t\t<\/div>\n\t\t\t\t<\/div>\n\t\t\t\t\t\t<\/div>\n\t\t\t\t<\/div>\n\t\t\t\t\t<\/div>\n\t\t<\/div>\n\t\t\t\t\t<\/div>\n\t\t<\/section>\n\t\t\t\t<\/div>\n\t\t","protected":false},"excerpt":{"rendered":"","protected":false},"author":192,"featured_media":115871,"parent":0,"menu_order":0,"comment_status":"closed","ping_status":"closed","template":"","meta":{"_seopress_robots_primary_cat":"","_seopress_titles_title":"Easyfairs NL App | Recreatie Vakbeurs","_seopress_titles_desc":"Lernen Sie unsere Event-App kennen, steigern Sie Ihre Sichtbarkeit vor, w\u00e4hrend und nach der Veranstaltung mit intelligenten Funktionen und Echtzeitvernetzung","_seopress_robots_index":"","footnotes":""},"class_list":["post-122415","page","type-page","status-publish","has-post-thumbnail","hentry"],"_links":{"self":[{"href":"https:\/\/www.recreatie-vakbeurs.nl\/de\/wp-json\/wp\/v2\/pages\/122415","targetHints":{"allow":["GET"]}}],"collection":[{"href":"https:\/\/www.recreatie-vakbeurs.nl\/de\/wp-json\/wp\/v2\/pages"}],"about":[{"href":"https:\/\/www.recreatie-vakbeurs.nl\/de\/wp-json\/wp\/v2\/types\/page"}],"author":[{"embeddable":true,"href":"https:\/\/www.recreatie-vakbeurs.nl\/de\/wp-json\/wp\/v2\/users\/192"}],"replies":[{"embeddable":true,"href":"https:\/\/www.recreatie-vakbeurs.nl\/de\/wp-json\/wp\/v2\/comments?post=122415"}],"version-history":[{"count":5,"href":"https:\/\/www.recreatie-vakbeurs.nl\/de\/wp-json\/wp\/v2\/pages\/122415\/revisions"}],"predecessor-version":[{"id":166502,"href":"https:\/\/www.recreatie-vakbeurs.nl\/de\/wp-json\/wp\/v2\/pages\/122415\/revisions\/166502"}],"wp:featuredmedia":[{"embeddable":true,"href":"https:\/\/www.recreatie-vakbeurs.nl\/de\/wp-json\/wp\/v2\/media\/115871"}],"wp:attachment":[{"href":"https:\/\/www.recreatie-vakbeurs.nl\/de\/wp-json\/wp\/v2\/media?parent=122415"}],"curies":[{"name":"wp","href":"https:\/\/api.w.org\/{rel}","templated":true}]}}