{"id":121923,"date":"2025-05-28T10:26:10","date_gmt":"2025-05-28T08:26:10","guid":{"rendered":"https:\/\/www.recreatie-vakbeurs.nl\/wie-sie-die-messe-bewerben\/"},"modified":"2025-10-03T09:54:30","modified_gmt":"2025-10-03T07:54:30","slug":"wie-sie-die-messe-bewerben","status":"publish","type":"page","link":"https:\/\/www.recreatie-vakbeurs.nl\/de\/teilnehmer\/ich-bin-aussteller\/wie-sie-die-messe-bewerben\/","title":{"rendered":"Teilnahme promoten"},"content":{"rendered":"\t\t<div data-elementor-type=\"wp-post\" data-elementor-id=\"121923\" class=\"elementor elementor-121923 elementor-602\" data-elementor-post-type=\"page\">\n\t\t\t\t\t\t<section class=\"elementor-section elementor-top-section elementor-element elementor-element-f8df6e1 elementor-section-boxed elementor-section-height-default elementor-section-height-default\" data-id=\"f8df6e1\" data-element_type=\"section\">\n\t\t\t\t\t\t<div class=\"elementor-container elementor-column-gap-default\">\n\t\t\t\t\t<div class=\"elementor-column elementor-col-100 elementor-top-column elementor-element elementor-element-792fc3b\" data-id=\"792fc3b\" data-element_type=\"column\">\n\t\t\t<div class=\"elementor-widget-wrap elementor-element-populated\">\n\t\t\t\t\t\t<div class=\"elementor-element elementor-element-1480772 elementor-widget elementor-widget-heading\" data-id=\"1480772\" data-element_type=\"widget\" data-widget_type=\"heading.default\">\n\t\t\t\t<div class=\"elementor-widget-container\">\n\t\t\t\t\t<h2 class=\"elementor-heading-title elementor-size-default\">Recreatie Vakbeurs promoten<\/h2>\t\t\t\t<\/div>\n\t\t\t\t<\/div>\n\t\t\t\t<div class=\"elementor-element elementor-element-4758815 elementor-widget elementor-widget-text-editor\" data-id=\"4758815\" data-element_type=\"widget\" data-widget_type=\"text-editor.default\">\n\t\t\t\t<div class=\"elementor-widget-container\">\n\t\t\t\t\t\t\t\t\t<p>Im Vorfeld der Messe ist es wichtig, Ihre Teilnahme bei Ihren Kontakten zu kommunizieren. Daf\u00fcr stellen wir Ihnen verschiedene Marketingtools zur Verf\u00fcgung. Zum Beispiel k\u00f6nnen Sie sich f\u00fcr einen Blogbeitrag anmelden, in dem Sie Ihre Messeteilnahme vorstellen. Diese Beitr\u00e4ge ver\u00f6ffentlichen wir auf unserer Website, im Besucher-Newsletter und \u00fcber unsere Social-Media-Kan\u00e4le.<\/p>\n<p>Werfen Sie auch einen Blick auf unsere weiteren Werbem\u00f6glichkeiten.<\/p>\n<p>In My Easyfairs finden Sie unter \u201eDokumente anzeigen\u201c den Abschnitt \u201eMarketingmaterial\u201c. Dort stehen Ihnen verschiedene Materialien zur Verf\u00fcgung \u2013 etwa das Messe-Logo der Recreatie Vakbeurs, sowie Banner f\u00fcr Ihre Website, E-Mail-Signatur oder digitalen Newsletter. In Ihren Online-Kommunikationen k\u00f6nnen Sie dann direkt auf unsere Website verlinken. Die Marketingmaterialien stellen wir jedes Jahr im Vorfeld der Messe f\u00fcr Sie bereit.<\/p>\n\t\t\t\t\t\t\t\t<\/div>\n\t\t\t\t<\/div>\n\t\t\t\t<div class=\"elementor-element elementor-element-5e201f7 elementor-align-left elementor-mobile-align-center elementor-widget elementor-widget-button\" data-id=\"5e201f7\" data-element_type=\"widget\" data-widget_type=\"button.default\">\n\t\t\t\t<div class=\"elementor-widget-container\">\n\t\t\t\t\t\t\t\t\t<div class=\"elementor-button-wrapper\">\n\t\t\t\t\t<a class=\"elementor-button elementor-button-link elementor-size-sm\" href=\"https:\/\/www.recreatie-vakbeurs.nl\/\">\n\t\t\t\t\t\t<span class=\"elementor-button-content-wrapper\">\n\t\t\t\t\t\t\t\t\t<span class=\"elementor-button-text\">Link zu unserer Website<\/span>\n\t\t\t\t\t<\/span>\n\t\t\t\t\t<\/a>\n\t\t\t\t<\/div>\n\t\t\t\t\t\t\t\t<\/div>\n\t\t\t\t<\/div>\n\t\t\t\t<div class=\"elementor-element elementor-element-342f646 elementor-widget elementor-widget-spacer\" data-id=\"342f646\" data-element_type=\"widget\" data-widget_type=\"spacer.default\">\n\t\t\t\t<div class=\"elementor-widget-container\">\n\t\t\t\t\t\t\t<div class=\"elementor-spacer\">\n\t\t\t<div class=\"elementor-spacer-inner\"><\/div>\n\t\t<\/div>\n\t\t\t\t\t\t<\/div>\n\t\t\t\t<\/div>\n\t\t\t\t\t<\/div>\n\t\t<\/div>\n\t\t\t\t\t<\/div>\n\t\t<\/section>\n\t\t\t\t<section class=\"elementor-section elementor-top-section elementor-element elementor-element-8a040bf elementor-section-boxed elementor-section-height-default elementor-section-height-default\" data-id=\"8a040bf\" data-element_type=\"section\" data-settings=\"{&quot;background_background&quot;:&quot;classic&quot;}\">\n\t\t\t\t\t\t<div class=\"elementor-container elementor-column-gap-default\">\n\t\t\t\t\t<div class=\"elementor-column elementor-col-50 elementor-top-column elementor-element elementor-element-5ada393\" data-id=\"5ada393\" data-element_type=\"column\">\n\t\t\t<div class=\"elementor-widget-wrap elementor-element-populated\">\n\t\t\t\t\t\t<div class=\"elementor-element elementor-element-65108b3 elementor-widget elementor-widget-heading\" data-id=\"65108b3\" data-element_type=\"widget\" data-widget_type=\"heading.default\">\n\t\t\t\t<div class=\"elementor-widget-container\">\n\t\t\t\t\t<h2 class=\"elementor-heading-title elementor-size-default\">Marketingmaterialien<\/h2>\t\t\t\t<\/div>\n\t\t\t\t<\/div>\n\t\t\t\t<div class=\"elementor-element elementor-element-33398b8 elementor-widget elementor-widget-text-editor\" data-id=\"33398b8\" data-element_type=\"widget\" data-widget_type=\"text-editor.default\">\n\t\t\t\t<div class=\"elementor-widget-container\">\n\t\t\t\t\t\t\t\t\t<p>Klicken Sie auf den Button, um zu My Easyfairs zu gelangen. Unter \u201eMarketingmaterial\u201c finden Sie demn\u00e4chst das Logo der Messe sowie verschiedene Banner. Nutzen Sie diese in all Ihren geplanten Marketingma\u00dfnahmen \u2013 sowohl digital als auch im Print \u2013 um Ihre Messeteilnahme gezielt zu kommunizieren und eine m\u00f6glichst gro\u00dfe, relevante Zielgruppe zu erreichen.<\/p>\n\t\t\t\t\t\t\t\t<\/div>\n\t\t\t\t<\/div>\n\t\t\t\t<div class=\"elementor-element elementor-element-d3fd200 elementor-widget elementor-widget-button\" data-id=\"d3fd200\" data-element_type=\"widget\" data-widget_type=\"button.default\">\n\t\t\t\t<div class=\"elementor-widget-container\">\n\t\t\t\t\t\t\t\t\t<div class=\"elementor-button-wrapper\">\n\t\t\t\t\t<a class=\"elementor-button elementor-button-link elementor-size-sm\" href=\"https:\/\/my.easyfairs.com\/#\/login\">\n\t\t\t\t\t\t<span class=\"elementor-button-content-wrapper\">\n\t\t\t\t\t\t<span class=\"elementor-button-icon\">\n\t\t\t\t<i aria-hidden=\"true\" class=\"fas fa-download\"><\/i>\t\t\t<\/span>\n\t\t\t\t\t\t\t\t\t<span class=\"elementor-button-text\">Zu My Easyfairs<\/span>\n\t\t\t\t\t<\/span>\n\t\t\t\t\t<\/a>\n\t\t\t\t<\/div>\n\t\t\t\t\t\t\t\t<\/div>\n\t\t\t\t<\/div>\n\t\t\t\t\t<\/div>\n\t\t<\/div>\n\t\t\t\t<div class=\"elementor-column elementor-col-50 elementor-top-column elementor-element elementor-element-2e56a63\" data-id=\"2e56a63\" data-element_type=\"column\">\n\t\t\t<div class=\"elementor-widget-wrap elementor-element-populated\">\n\t\t\t\t\t\t<div class=\"elementor-element elementor-element-e0d992a elementor-widget elementor-widget-heading\" data-id=\"e0d992a\" data-element_type=\"widget\" data-widget_type=\"heading.default\">\n\t\t\t\t<div class=\"elementor-widget-container\">\n\t\t\t\t\t<h2 class=\"elementor-heading-title elementor-size-default\">Promotionspaket <\/h2>\t\t\t\t<\/div>\n\t\t\t\t<\/div>\n\t\t\t\t<div class=\"elementor-element elementor-element-f5a433e elementor-widget elementor-widget-text-editor\" data-id=\"f5a433e\" data-element_type=\"widget\" data-widget_type=\"text-editor.default\">\n\t\t\t\t<div class=\"elementor-widget-container\">\n\t\t\t\t\t\t\t\t\t<p data-start=\"464\" data-end=\"612\">Aussteller der Recreatie Vakbeurs k\u00f6nnen alle digitalen Werbemittel in My Easyfairs unter dem Punkt \u201eMarketingmaterial\u201c herunterladen. Sie m\u00f6chten lieber ein physisches Einladungspaket erhalten? Dann fordern Sie ein Promotionspaket mit 25 Einladungskarten an \u2013 per E-Mail: <a class=\"cursor-pointer\" href=\"mailto:exhibitoractivation@easyfairs.com\" rel=\"noopener\" data-start=\"772\" data-end=\"805\">exhibitoractivation@easyfairs.com<\/a><\/p>\n\t\t\t\t\t\t\t\t<\/div>\n\t\t\t\t<\/div>\n\t\t\t\t\t<\/div>\n\t\t<\/div>\n\t\t\t\t\t<\/div>\n\t\t<\/section>\n\t\t\t\t<section class=\"elementor-section elementor-top-section elementor-element elementor-element-5b48352 elementor-section-boxed elementor-section-height-default elementor-section-height-default\" data-id=\"5b48352\" data-element_type=\"section\">\n\t\t\t\t\t\t<div class=\"elementor-container elementor-column-gap-default\">\n\t\t\t\t\t<div class=\"elementor-column elementor-col-100 elementor-top-column elementor-element elementor-element-a4a6f82\" data-id=\"a4a6f82\" data-element_type=\"column\">\n\t\t\t<div class=\"elementor-widget-wrap elementor-element-populated\">\n\t\t\t\t\t\t<div class=\"elementor-element elementor-element-6a2a1f2 elementor-widget elementor-widget-spacer\" data-id=\"6a2a1f2\" data-element_type=\"widget\" data-widget_type=\"spacer.default\">\n\t\t\t\t<div class=\"elementor-widget-container\">\n\t\t\t\t\t\t\t<div class=\"elementor-spacer\">\n\t\t\t<div class=\"elementor-spacer-inner\"><\/div>\n\t\t<\/div>\n\t\t\t\t\t\t<\/div>\n\t\t\t\t<\/div>\n\t\t\t\t<div class=\"elementor-element elementor-element-ff46889 elementor-headline--style-highlight elementor-widget elementor-widget-animated-headline\" data-id=\"ff46889\" data-element_type=\"widget\" data-settings=\"{&quot;highlighted_text&quot;:&quot;TIPP&quot;,&quot;headline_style&quot;:&quot;highlight&quot;,&quot;marker&quot;:&quot;circle&quot;,&quot;loop&quot;:&quot;yes&quot;,&quot;highlight_animation_duration&quot;:1200,&quot;highlight_iteration_delay&quot;:8000}\" data-widget_type=\"animated-headline.default\">\n\t\t\t\t<div class=\"elementor-widget-container\">\n\t\t\t\t\t\t\t<h4 class=\"elementor-headline\">\n\t\t\t\t<span class=\"elementor-headline-dynamic-wrapper elementor-headline-text-wrapper\">\n\t\t\t\t\t<span class=\"elementor-headline-dynamic-text elementor-headline-text-active\">TIPP<\/span>\n\t\t\t\t<\/span>\n\t\t\t\t<\/h4>\n\t\t\t\t\t\t<\/div>\n\t\t\t\t<\/div>\n\t\t\t\t<div class=\"elementor-element elementor-element-7456e64 elementor-widget elementor-widget-text-editor\" data-id=\"7456e64\" data-element_type=\"widget\" data-widget_type=\"text-editor.default\">\n\t\t\t\t<div class=\"elementor-widget-container\">\n\t\t\t\t\t\t\t\t\t<p>Nutzen Sie unbedingt Ihren pers\u00f6nlichen Registrierungslink aus My Easyfairs in all Ihren Messekommunikationen. Platzieren Sie den Link zum Beispiel hinter Ihrer E-Mail-Signatur oder in Bannern auf Ihrer Website. So erm\u00f6glichen Sie potenziellen Besuchern mit nur einem Klick, ihr Ticket zu sichern. Den pers\u00f6nlichen Link finden Sie unter \u201eKunden einladen\u201c.<\/p>\n\t\t\t\t\t\t\t\t<\/div>\n\t\t\t\t<\/div>\n\t\t\t\t<div class=\"elementor-element elementor-element-e84fcc6 elementor-widget elementor-widget-spacer\" data-id=\"e84fcc6\" data-element_type=\"widget\" data-widget_type=\"spacer.default\">\n\t\t\t\t<div class=\"elementor-widget-container\">\n\t\t\t\t\t\t\t<div class=\"elementor-spacer\">\n\t\t\t<div class=\"elementor-spacer-inner\"><\/div>\n\t\t<\/div>\n\t\t\t\t\t\t<\/div>\n\t\t\t\t<\/div>\n\t\t\t\t\t<\/div>\n\t\t<\/div>\n\t\t\t\t\t<\/div>\n\t\t<\/section>\n\t\t\t\t<section class=\"elementor-section elementor-top-section elementor-element elementor-element-9c9b7b4 elementor-section-boxed elementor-section-height-default elementor-section-height-default\" data-id=\"9c9b7b4\" data-element_type=\"section\">\n\t\t\t\t\t\t<div class=\"elementor-container elementor-column-gap-default\">\n\t\t\t\t\t<div class=\"elementor-column elementor-col-100 elementor-top-column elementor-element elementor-element-a2103f2\" data-id=\"a2103f2\" data-element_type=\"column\">\n\t\t\t<div class=\"elementor-widget-wrap elementor-element-populated\">\n\t\t\t\t\t\t<div class=\"elementor-element elementor-element-b554811 elementor-widget elementor-widget-spacer\" data-id=\"b554811\" data-element_type=\"widget\" data-widget_type=\"spacer.default\">\n\t\t\t\t<div class=\"elementor-widget-container\">\n\t\t\t\t\t\t\t<div class=\"elementor-spacer\">\n\t\t\t<div class=\"elementor-spacer-inner\"><\/div>\n\t\t<\/div>\n\t\t\t\t\t\t<\/div>\n\t\t\t\t<\/div>\n\t\t\t\t\t<\/div>\n\t\t<\/div>\n\t\t\t\t\t<\/div>\n\t\t<\/section>\n\t\t\t\t<section class=\"elementor-section elementor-top-section elementor-element elementor-element-640f310 elementor-section-boxed elementor-section-height-default elementor-section-height-default\" data-id=\"640f310\" data-element_type=\"section\">\n\t\t\t\t\t\t<div class=\"elementor-container elementor-column-gap-default\">\n\t\t\t\t\t<div class=\"elementor-column elementor-col-100 elementor-top-column elementor-element elementor-element-540b0cf\" data-id=\"540b0cf\" data-element_type=\"column\">\n\t\t\t<div class=\"elementor-widget-wrap elementor-element-populated\">\n\t\t\t\t\t\t<div class=\"elementor-element elementor-element-8877577 elementor-widget elementor-widget-heading\" data-id=\"8877577\" data-element_type=\"widget\" data-widget_type=\"heading.default\">\n\t\t\t\t<div class=\"elementor-widget-container\">\n\t\t\t\t\t<h2 class=\"elementor-heading-title elementor-size-default\">Einladungsservice<\/h2>\t\t\t\t<\/div>\n\t\t\t\t<\/div>\n\t\t\t\t<div class=\"elementor-element elementor-element-40565d5 elementor-widget elementor-widget-text-editor\" data-id=\"40565d5\" data-element_type=\"widget\" data-widget_type=\"text-editor.default\">\n\t\t\t\t<div class=\"elementor-widget-container\">\n\t\t\t\t\t\t\t\t\t<p>Zus\u00e4tzlich k\u00f6nnen Sie unseren kostenlosen Einladungsservice nutzen. Damit \u00fcbernehmen wir f\u00fcr Sie die Einladung Ihrer Kontakte \u2013 bequem und effizient. Mehr Informationen zu diesem einzigartigen Service finden Sie \u00fcber den folgenden Button.<\/p>\n\t\t\t\t\t\t\t\t<\/div>\n\t\t\t\t<\/div>\n\t\t\t\t<div class=\"elementor-element elementor-element-d9df902 elementor-widget elementor-widget-button\" data-id=\"d9df902\" data-element_type=\"widget\" data-widget_type=\"button.default\">\n\t\t\t\t<div class=\"elementor-widget-container\">\n\t\t\t\t\t\t\t\t\t<div class=\"elementor-button-wrapper\">\n\t\t\t\t\t<a class=\"elementor-button elementor-button-link elementor-size-sm\" href=\"https:\/\/www.recreatie-vakbeurs.nl\/exposanten\/ik-ben-exposant\/nodig-jouw-relaties-uit\/\">\n\t\t\t\t\t\t<span class=\"elementor-button-content-wrapper\">\n\t\t\t\t\t\t<span class=\"elementor-button-icon\">\n\t\t\t\t<i aria-hidden=\"true\" class=\"fas fa-chevron-circle-right\"><\/i>\t\t\t<\/span>\n\t\t\t\t\t\t\t\t\t<span class=\"elementor-button-text\">Hier klicken f\u00fcr weitere Informationen<\/span>\n\t\t\t\t\t<\/span>\n\t\t\t\t\t<\/a>\n\t\t\t\t<\/div>\n\t\t\t\t\t\t\t\t<\/div>\n\t\t\t\t<\/div>\n\t\t\t\t<div class=\"elementor-element elementor-element-557698c elementor-widget elementor-widget-spacer\" data-id=\"557698c\" data-element_type=\"widget\" data-widget_type=\"spacer.default\">\n\t\t\t\t<div class=\"elementor-widget-container\">\n\t\t\t\t\t\t\t<div class=\"elementor-spacer\">\n\t\t\t<div class=\"elementor-spacer-inner\"><\/div>\n\t\t<\/div>\n\t\t\t\t\t\t<\/div>\n\t\t\t\t<\/div>\n\t\t\t\t\t<\/div>\n\t\t<\/div>\n\t\t\t\t\t<\/div>\n\t\t<\/section>\n\t\t\t\t<\/div>\n\t\t","protected":false},"excerpt":{"rendered":"<p>Recreatie Vakbeurs promoten Im Vorfeld der Messe ist es wichtig, Ihre Teilnahme bei Ihren Kontakten zu kommunizieren. Daf\u00fcr stellen wir Ihnen verschiedene Marketingtools zur Verf\u00fcgung. Zum Beispiel k\u00f6nnen Sie sich f\u00fcr einen Blogbeitrag anmelden, in dem Sie Ihre Messeteilnahme vorstellen. Diese Beitr\u00e4ge ver\u00f6ffentlichen wir auf unserer Website, im Besucher-Newsletter und \u00fcber unsere Social-Media-Kan\u00e4le. Werfen Sie [&hellip;]<\/p>\n","protected":false},"author":376,"featured_media":112939,"parent":121964,"menu_order":0,"comment_status":"closed","ping_status":"closed","template":"","meta":{"_seopress_robots_primary_cat":"","_seopress_titles_title":"Aussteller | Recreatie Vakbeurs","_seopress_titles_desc":"Machen Sie Ihre Teilnahme bei Ihren Gesch\u00e4ftspartnern bekannt. Wir bieten Ihnen verschiedene Tools, um Ihre Pr\u00e4senz auf der Messe zu bewerben und so den gr\u00f6\u00dftm\u00f6glichen Erfolg zu erzielen.","_seopress_robots_index":"","footnotes":""},"class_list":["post-121923","page","type-page","status-publish","has-post-thumbnail","hentry"],"_links":{"self":[{"href":"https:\/\/www.recreatie-vakbeurs.nl\/de\/wp-json\/wp\/v2\/pages\/121923","targetHints":{"allow":["GET"]}}],"collection":[{"href":"https:\/\/www.recreatie-vakbeurs.nl\/de\/wp-json\/wp\/v2\/pages"}],"about":[{"href":"https:\/\/www.recreatie-vakbeurs.nl\/de\/wp-json\/wp\/v2\/types\/page"}],"author":[{"embeddable":true,"href":"https:\/\/www.recreatie-vakbeurs.nl\/de\/wp-json\/wp\/v2\/users\/376"}],"replies":[{"embeddable":true,"href":"https:\/\/www.recreatie-vakbeurs.nl\/de\/wp-json\/wp\/v2\/comments?post=121923"}],"version-history":[{"count":4,"href":"https:\/\/www.recreatie-vakbeurs.nl\/de\/wp-json\/wp\/v2\/pages\/121923\/revisions"}],"predecessor-version":[{"id":164863,"href":"https:\/\/www.recreatie-vakbeurs.nl\/de\/wp-json\/wp\/v2\/pages\/121923\/revisions\/164863"}],"up":[{"embeddable":true,"href":"https:\/\/www.recreatie-vakbeurs.nl\/de\/wp-json\/wp\/v2\/pages\/121964"}],"wp:featuredmedia":[{"embeddable":true,"href":"https:\/\/www.recreatie-vakbeurs.nl\/de\/wp-json\/wp\/v2\/media\/112939"}],"wp:attachment":[{"href":"https:\/\/www.recreatie-vakbeurs.nl\/de\/wp-json\/wp\/v2\/media?parent=121923"}],"curies":[{"name":"wp","href":"https:\/\/api.w.org\/{rel}","templated":true}]}}