{"id":121861,"date":"2025-05-26T10:39:56","date_gmt":"2025-05-26T08:39:56","guid":{"rendered":"https:\/\/www.recreatie-vakbeurs.nl\/praktische-informationen-2\/presse\/"},"modified":"2025-08-29T14:36:20","modified_gmt":"2025-08-29T12:36:20","slug":"presse","status":"publish","type":"page","link":"https:\/\/www.recreatie-vakbeurs.nl\/de\/praktische-informationen-2\/presse\/","title":{"rendered":"Presse"},"content":{"rendered":"\t\t<div data-elementor-type=\"wp-post\" data-elementor-id=\"121861\" class=\"elementor elementor-121861 elementor-749\" data-elementor-post-type=\"page\">\n\t\t\t\t\t\t<section class=\"elementor-section elementor-top-section elementor-element elementor-element-62605bb elementor-section-boxed elementor-section-height-default elementor-section-height-default\" data-id=\"62605bb\" data-element_type=\"section\">\n\t\t\t\t\t\t<div class=\"elementor-container elementor-column-gap-default\">\n\t\t\t\t\t<div class=\"elementor-column elementor-col-100 elementor-top-column elementor-element elementor-element-0661bee\" data-id=\"0661bee\" data-element_type=\"column\">\n\t\t\t<div class=\"elementor-widget-wrap elementor-element-populated\">\n\t\t\t\t\t\t<div class=\"elementor-element elementor-element-d7b976c elementor-widget elementor-widget-heading\" data-id=\"d7b976c\" data-element_type=\"widget\" data-widget_type=\"heading.default\">\n\t\t\t\t<div class=\"elementor-widget-container\">\n\t\t\t\t\t<h2 class=\"elementor-heading-title elementor-size-default\">Herzlich willkommen<\/h2>\t\t\t\t<\/div>\n\t\t\t\t<\/div>\n\t\t\t\t<div class=\"elementor-element elementor-element-74a0985 elementor-widget elementor-widget-text-editor\" data-id=\"74a0985\" data-element_type=\"widget\" data-widget_type=\"text-editor.default\">\n\t\t\t\t<div class=\"elementor-widget-container\">\n\t\t\t\t\t\t\t\t\t<p>Easyfairs Niederlande ist bekannt f\u00fcr ihre Gastfreundschaft \u2013 selbstverst\u00e4ndlich gilt dies auch f\u00fcr die Presse. Daher sind Pressevertreter bei Messen und Veranstaltungen von Easyfairs Niederlande, dem gr\u00f6\u00dften Messe- und Eventveranstalter der Niederlande, herzlich willkommen.<\/p>\n<p>&nbsp;<\/p>\n\t\t\t\t\t\t\t\t<\/div>\n\t\t\t\t<\/div>\n\t\t\t\t<div class=\"elementor-element elementor-element-e3f8378 elementor-widget elementor-widget-text-editor\" data-id=\"e3f8378\" data-element_type=\"widget\" data-widget_type=\"text-editor.default\">\n\t\t\t\t<div class=\"elementor-widget-container\">\n\t\t\t\t\t\t\t\t\t<p data-start=\"501\" data-end=\"614\">Die Presseabteilung von Easyfairs Niederlande ist Ihr Ansprechpartner f\u00fcr Akkreditierungs- und Interviewanfragen.<\/p>\n\t\t\t\t\t\t\t\t<\/div>\n\t\t\t\t<\/div>\n\t\t\t\t\t<\/div>\n\t\t<\/div>\n\t\t\t\t\t<\/div>\n\t\t<\/section>\n\t\t\t\t<section class=\"elementor-section elementor-top-section elementor-element elementor-element-13d4eff elementor-section-boxed elementor-section-height-default elementor-section-height-default\" data-id=\"13d4eff\" data-element_type=\"section\" data-settings=\"{&quot;background_background&quot;:&quot;classic&quot;}\">\n\t\t\t\t\t\t<div class=\"elementor-container elementor-column-gap-default\">\n\t\t\t\t\t<div class=\"elementor-column elementor-col-50 elementor-top-column elementor-element elementor-element-c771a39\" data-id=\"c771a39\" data-element_type=\"column\">\n\t\t\t<div class=\"elementor-widget-wrap elementor-element-populated\">\n\t\t\t\t\t\t<div class=\"elementor-element elementor-element-4593f32 elementor-widget elementor-widget-heading\" data-id=\"4593f32\" data-element_type=\"widget\" data-widget_type=\"heading.default\">\n\t\t\t\t<div class=\"elementor-widget-container\">\n\t\t\t\t\t<h3 class=\"elementor-heading-title elementor-size-default\">Presseakkreditierung<\/h3>\t\t\t\t<\/div>\n\t\t\t\t<\/div>\n\t\t\t\t<div class=\"elementor-element elementor-element-3f84a9a elementor-widget elementor-widget-text-editor\" data-id=\"3f84a9a\" data-element_type=\"widget\" data-widget_type=\"text-editor.default\">\n\t\t\t\t<div class=\"elementor-widget-container\">\n\t\t\t\t\t\t\t\t\t<p>Um sich f\u00fcr eine Messe oder Veranstaltung von Easyfairs Niederlande zu akkreditieren, senden Sie bitte eine E-Mail an: pers@easyfairs.com.<br \/>Die Akkreditierung muss sp\u00e4testens zwei Werktage vor der Messe oder Veranstaltung beantragt werden. Sie erhalten dann per E-Mail eine R\u00fcckmeldung, ob die Akkreditierung genehmigt wurde oder nicht.<br \/>Akkreditierte Pressevertreter k\u00f6nnen ihren Presseausweis am Empfang der Messe abholen.<\/p>\n\t\t\t\t\t\t\t\t<\/div>\n\t\t\t\t<\/div>\n\t\t\t\t\t<\/div>\n\t\t<\/div>\n\t\t\t\t<div class=\"elementor-column elementor-col-50 elementor-top-column elementor-element elementor-element-2fa0c09\" data-id=\"2fa0c09\" data-element_type=\"column\">\n\t\t\t<div class=\"elementor-widget-wrap elementor-element-populated\">\n\t\t\t\t\t\t<div class=\"elementor-element elementor-element-099a679 elementor-widget elementor-widget-heading\" data-id=\"099a679\" data-element_type=\"widget\" data-widget_type=\"heading.default\">\n\t\t\t\t<div class=\"elementor-widget-container\">\n\t\t\t\t\t<h3 class=\"elementor-heading-title elementor-size-default\">PARKEN<\/h3>\t\t\t\t<\/div>\n\t\t\t\t<\/div>\n\t\t\t\t<div class=\"elementor-element elementor-element-dbf6ce5 elementor-widget elementor-widget-text-editor\" data-id=\"dbf6ce5\" data-element_type=\"widget\" data-widget_type=\"text-editor.default\">\n\t\t\t\t<div class=\"elementor-widget-container\">\n\t\t\t\t\t\t\t\t\t<p>Easyfairs Niederlande organisiert Messen und Veranstaltungen an Standorten mit gro\u00dfz\u00fcgigen Parkm\u00f6glichkeiten.<\/p>\n\t\t\t\t\t\t\t\t<\/div>\n\t\t\t\t<\/div>\n\t\t\t\t<div class=\"elementor-element elementor-element-b5b220c elementor-widget elementor-widget-heading\" data-id=\"b5b220c\" data-element_type=\"widget\" data-widget_type=\"heading.default\">\n\t\t\t\t<div class=\"elementor-widget-container\">\n\t\t\t\t\t<h3 class=\"elementor-heading-title elementor-size-default\">PRESSEMITTEILUNGEN ERHALTEN?<\/h3>\t\t\t\t<\/div>\n\t\t\t\t<\/div>\n\t\t\t\t<div class=\"elementor-element elementor-element-6397d47 elementor-widget elementor-widget-text-editor\" data-id=\"6397d47\" data-element_type=\"widget\" data-widget_type=\"text-editor.default\">\n\t\t\t\t<div class=\"elementor-widget-container\">\n\t\t\t\t\t\t\t\t\t<p>M\u00f6chten Sie in unseren Presseverteiler aufgenommen werden? Dann kontaktieren Sie uns unter: <a href=\"mailto:pers@easyfairs.com\">pers@easyfairs.com<\/a>.<br \/>F\u00fcr weitere Informationen, Bildmaterial, Interviewanfragen oder andere Anliegen wenden Sie sich gerne an unsere Presseabteilung.<\/p>\n\t\t\t\t\t\t\t\t<\/div>\n\t\t\t\t<\/div>\n\t\t\t\t\t<\/div>\n\t\t<\/div>\n\t\t\t\t\t<\/div>\n\t\t<\/section>\n\t\t\t\t<section class=\"elementor-section elementor-top-section elementor-element elementor-element-f82a639 elementor-section-boxed elementor-section-height-default elementor-section-height-default\" data-id=\"f82a639\" data-element_type=\"section\" data-settings=\"{&quot;background_background&quot;:&quot;classic&quot;}\">\n\t\t\t\t\t\t<div class=\"elementor-container elementor-column-gap-default\">\n\t\t\t\t\t<div class=\"elementor-column elementor-col-50 elementor-top-column elementor-element elementor-element-91903ed\" data-id=\"91903ed\" data-element_type=\"column\">\n\t\t\t<div class=\"elementor-widget-wrap elementor-element-populated\">\n\t\t\t\t\t\t<div class=\"elementor-element elementor-element-6357f0a elementor-widget elementor-widget-heading\" data-id=\"6357f0a\" data-element_type=\"widget\" data-widget_type=\"heading.default\">\n\t\t\t\t<div class=\"elementor-widget-container\">\n\t\t\t\t\t<h2 class=\"elementor-heading-title elementor-size-default\">Fragen?<\/h2>\t\t\t\t<\/div>\n\t\t\t\t<\/div>\n\t\t\t\t<div class=\"elementor-element elementor-element-6e3f0fb elementor-widget elementor-widget-text-editor\" data-id=\"6e3f0fb\" data-element_type=\"widget\" data-widget_type=\"text-editor.default\">\n\t\t\t\t<div class=\"elementor-widget-container\">\n\t\t\t\t\t\t\t\t\t<p>Ben\u00f6tigen Sie hochaufl\u00f6sende Fotos?<br \/>Oder haben Sie andere spezielle Fragen?<\/p>\n<p>Nehmen Sie Kontakt mit Lotte de Haan auf unter <a class=\"decorated-link cursor-pointer\" rel=\"noopener\" data-start=\"94\" data-end=\"120\">Lotte.dehaan@easyfairs.com<\/a><br data-start=\"120\" data-end=\"123\" data-is-only-node=\"\" \/>oder telefonisch unter +31 (0)6 31 98 80 84.<\/p>\n\t\t\t\t\t\t\t\t<\/div>\n\t\t\t\t<\/div>\n\t\t\t\t\t<\/div>\n\t\t<\/div>\n\t\t\t\t<div class=\"elementor-column elementor-col-50 elementor-top-column elementor-element elementor-element-cabb454\" data-id=\"cabb454\" data-element_type=\"column\">\n\t\t\t<div class=\"elementor-widget-wrap elementor-element-populated\">\n\t\t\t\t\t\t<div class=\"elementor-element elementor-element-8725084 elementor-position-top elementor-widget elementor-widget-image-box\" data-id=\"8725084\" data-element_type=\"widget\" data-widget_type=\"image-box.default\">\n\t\t\t\t<div class=\"elementor-widget-container\">\n\t\t\t\t\t<div class=\"elementor-image-box-wrapper\"><figure class=\"elementor-image-box-img\"><a href=\"http:\/\/lotte.dehaan@easyfairs.com\" tabindex=\"-1\"><img fetchpriority=\"high\" decoding=\"async\" width=\"300\" height=\"200\" src=\"https:\/\/easyfairsassets.com\/sites\/201\/2025\/04\/20241113-EASYFAIRS-RECREATIE-VAKBEURS-LR-464-300x200.jpg\" class=\"attachment-medium size-medium wp-image-109669\" alt=\"\" srcset=\"https:\/\/easyfairsassets.com\/sites\/201\/2025\/04\/20241113-EASYFAIRS-RECREATIE-VAKBEURS-LR-464-300x200.jpg 300w, https:\/\/easyfairsassets.com\/sites\/201\/2025\/04\/20241113-EASYFAIRS-RECREATIE-VAKBEURS-LR-464-1024x683.jpg 1024w, https:\/\/easyfairsassets.com\/sites\/201\/2025\/04\/20241113-EASYFAIRS-RECREATIE-VAKBEURS-LR-464-768x512.jpg 768w, https:\/\/easyfairsassets.com\/sites\/201\/2025\/04\/20241113-EASYFAIRS-RECREATIE-VAKBEURS-LR-464.jpg 1200w\" sizes=\"(max-width: 300px) 100vw, 300px\" \/><\/a><\/figure><div class=\"elementor-image-box-content\"><h3 class=\"elementor-image-box-title\"><a href=\"http:\/\/lotte.dehaan@easyfairs.com\">Presse<\/a><\/h3><p class=\"elementor-image-box-description\">Presse Kontakt<\/p><\/div><\/div>\t\t\t\t<\/div>\n\t\t\t\t<\/div>\n\t\t\t\t\t<\/div>\n\t\t<\/div>\n\t\t\t\t\t<\/div>\n\t\t<\/section>\n\t\t\t\t<\/div>\n\t\t","protected":false},"excerpt":{"rendered":"<p>Herzlich willkommen Easyfairs Niederlande ist bekannt f\u00fcr ihre Gastfreundschaft \u2013 selbstverst\u00e4ndlich gilt dies auch f\u00fcr die Presse. Daher sind Pressevertreter bei Messen und Veranstaltungen von Easyfairs Niederlande, dem gr\u00f6\u00dften Messe- und Eventveranstalter der Niederlande, herzlich willkommen. &nbsp; Die Presseabteilung von Easyfairs Niederlande ist Ihr Ansprechpartner f\u00fcr Akkreditierungs- und Interviewanfragen. Presseakkreditierung Um sich f\u00fcr eine Messe [&hellip;]<\/p>\n","protected":false},"author":376,"featured_media":19294,"parent":121462,"menu_order":0,"comment_status":"closed","ping_status":"closed","template":"","meta":{"_seopress_robots_primary_cat":"","_seopress_titles_title":"Presse | Recreatie Vakbeurs","_seopress_titles_desc":"Als Pressevertreter sind Sie auf unserer Messe herzlich willkommen. Entdecken Sie hier die M\u00f6glichkeiten.","_seopress_robots_index":"","footnotes":""},"class_list":["post-121861","page","type-page","status-publish","has-post-thumbnail","hentry"],"_links":{"self":[{"href":"https:\/\/www.recreatie-vakbeurs.nl\/de\/wp-json\/wp\/v2\/pages\/121861","targetHints":{"allow":["GET"]}}],"collection":[{"href":"https:\/\/www.recreatie-vakbeurs.nl\/de\/wp-json\/wp\/v2\/pages"}],"about":[{"href":"https:\/\/www.recreatie-vakbeurs.nl\/de\/wp-json\/wp\/v2\/types\/page"}],"author":[{"embeddable":true,"href":"https:\/\/www.recreatie-vakbeurs.nl\/de\/wp-json\/wp\/v2\/users\/376"}],"replies":[{"embeddable":true,"href":"https:\/\/www.recreatie-vakbeurs.nl\/de\/wp-json\/wp\/v2\/comments?post=121861"}],"version-history":[{"count":3,"href":"https:\/\/www.recreatie-vakbeurs.nl\/de\/wp-json\/wp\/v2\/pages\/121861\/revisions"}],"predecessor-version":[{"id":140839,"href":"https:\/\/www.recreatie-vakbeurs.nl\/de\/wp-json\/wp\/v2\/pages\/121861\/revisions\/140839"}],"up":[{"embeddable":true,"href":"https:\/\/www.recreatie-vakbeurs.nl\/de\/wp-json\/wp\/v2\/pages\/121462"}],"wp:featuredmedia":[{"embeddable":true,"href":"https:\/\/www.recreatie-vakbeurs.nl\/de\/wp-json\/wp\/v2\/media\/19294"}],"wp:attachment":[{"href":"https:\/\/www.recreatie-vakbeurs.nl\/de\/wp-json\/wp\/v2\/media?parent=121861"}],"curies":[{"name":"wp","href":"https:\/\/api.w.org\/{rel}","templated":true}]}}