{"id":121718,"date":"2025-05-23T10:40:41","date_gmt":"2025-05-23T08:40:41","guid":{"rendered":"https:\/\/www.recreatie-vakbeurs.nl\/praktische-informationen-2\/unser-team\/"},"modified":"2025-11-18T12:12:03","modified_gmt":"2025-11-18T11:12:03","slug":"unser-team","status":"publish","type":"page","link":"https:\/\/www.recreatie-vakbeurs.nl\/de\/praktische-informationen-2\/unser-team\/","title":{"rendered":"Unser Team"},"content":{"rendered":"\t\t<div data-elementor-type=\"wp-post\" data-elementor-id=\"121718\" class=\"elementor elementor-121718 elementor-1449\" data-elementor-post-type=\"page\">\n\t\t\t\t\t\t<section class=\"elementor-section elementor-top-section elementor-element elementor-element-0206c55 elementor-section-boxed elementor-section-height-default elementor-section-height-default\" data-id=\"0206c55\" data-element_type=\"section\">\n\t\t\t\t\t\t<div class=\"elementor-container elementor-column-gap-default\">\n\t\t\t\t\t<div class=\"elementor-column elementor-col-50 elementor-top-column elementor-element elementor-element-f6e2f83\" data-id=\"f6e2f83\" data-element_type=\"column\">\n\t\t\t<div class=\"elementor-widget-wrap elementor-element-populated\">\n\t\t\t\t\t\t<div class=\"elementor-element elementor-element-3daacda elementor-widget elementor-widget-heading\" data-id=\"3daacda\" data-element_type=\"widget\" data-widget_type=\"heading.default\">\n\t\t\t\t<div class=\"elementor-widget-container\">\n\t\t\t\t\t<h2 class=\"elementor-heading-title elementor-size-default\">DAS TEAM DER RECREATIE VAKBEURS<\/h2>\t\t\t\t<\/div>\n\t\t\t\t<\/div>\n\t\t\t\t<div class=\"elementor-element elementor-element-269b06f elementor-widget elementor-widget-text-editor\" data-id=\"269b06f\" data-element_type=\"widget\" data-widget_type=\"text-editor.default\">\n\t\t\t\t<div class=\"elementor-widget-container\">\n\t\t\t\t\t\t\t\t\t<p>Sie haben Fragen? Nehmen Sie gerne Kontakt mit uns auf!<\/p>\n\t\t\t\t\t\t\t\t<\/div>\n\t\t\t\t<\/div>\n\t\t\t\t\t<\/div>\n\t\t<\/div>\n\t\t\t\t<div class=\"elementor-column elementor-col-50 elementor-top-column elementor-element elementor-element-3ba6d48\" data-id=\"3ba6d48\" data-element_type=\"column\">\n\t\t\t<div class=\"elementor-widget-wrap elementor-element-populated\">\n\t\t\t\t\t\t<div class=\"elementor-element elementor-element-47b0423 elementor-widget elementor-widget-image\" data-id=\"47b0423\" data-element_type=\"widget\" data-widget_type=\"image.default\">\n\t\t\t\t<div class=\"elementor-widget-container\">\n\t\t\t\t\t\t\t\t\t\t\t\t\t\t\t<img fetchpriority=\"high\" decoding=\"async\" width=\"300\" height=\"200\" src=\"https:\/\/easyfairsassets.com\/sites\/201\/2025\/09\/Team-Recreatie-Vakbeurs-300x200.jpg\" class=\"attachment-medium size-medium wp-image-145350\" alt=\"\" srcset=\"https:\/\/easyfairsassets.com\/sites\/201\/2025\/09\/Team-Recreatie-Vakbeurs-300x200.jpg 300w, https:\/\/easyfairsassets.com\/sites\/201\/2025\/09\/Team-Recreatie-Vakbeurs-768x512.jpg 768w, https:\/\/easyfairsassets.com\/sites\/201\/2025\/09\/Team-Recreatie-Vakbeurs.jpg 979w\" sizes=\"(max-width: 300px) 100vw, 300px\" \/>\t\t\t\t\t\t\t\t\t\t\t\t\t\t\t<\/div>\n\t\t\t\t<\/div>\n\t\t\t\t\t<\/div>\n\t\t<\/div>\n\t\t\t\t\t<\/div>\n\t\t<\/section>\n\t\t\t\t<section class=\"elementor-section elementor-top-section elementor-element elementor-element-dbba533 elementor-section-boxed elementor-section-height-default elementor-section-height-default\" data-id=\"dbba533\" data-element_type=\"section\">\n\t\t\t\t\t\t<div class=\"elementor-container elementor-column-gap-default\">\n\t\t\t\t\t<div class=\"elementor-column elementor-col-50 elementor-top-column elementor-element elementor-element-f9888a1\" data-id=\"f9888a1\" data-element_type=\"column\">\n\t\t\t<div class=\"elementor-widget-wrap elementor-element-populated\">\n\t\t\t\t\t\t<div class=\"elementor-element elementor-element-e0987e4 elementor-position-top elementor-widget elementor-widget-image-box\" data-id=\"e0987e4\" data-element_type=\"widget\" data-widget_type=\"image-box.default\">\n\t\t\t\t<div class=\"elementor-widget-container\">\n\t\t\t\t\t<div class=\"elementor-image-box-wrapper\"><figure class=\"elementor-image-box-img\"><img decoding=\"async\" src=\"https:\/\/easyfairsassets.com\/sites\/201\/elementor\/thumbs\/20240124_RecreatieNextLevel-JoniIsraeli-167-ER5_1250-e1708008552810-qjumcvs2zdaq8956siw476yp91wfdk2dpt4j0kqpxs.jpg\" title=\"20240124_RecreatieNextLevel-JoniIsraeli-167-ER5_1250\" alt=\"20240124_RecreatieNextLevel-JoniIsraeli-167-ER5_1250\" loading=\"lazy\" \/><\/figure><div class=\"elementor-image-box-content\"><h3 class=\"elementor-image-box-title\">Kristel St\u00f6tefalk<\/h3><p class=\"elementor-image-box-description\"><span style=\"font-weight: 700;font-family: Roboto, sans-serif;font-size: 15px;font-style: normal\">Key Account Manager<\/span><br style=\"font-family: Roboto, sans-serif;font-size: 15px\"><span style=\"font-family: Roboto, sans-serif;font-size: 15px;font-style: normal;font-weight: 400\">+31 (0)631988041<\/span><br><a href=\"mailto:Kristel.Stotefalk@easyfairs.com\" style=\"font-size: 15px;font-style: normal;font-weight: 400;font-family: Roboto, sans-serif\">Kristel.Stotefalk@easyfairs.com<\/a><span style=\"font-family: Roboto, sans-serif;font-size: 15px;font-style: normal;font-weight: 400\"><\/span><\/p><\/div><\/div>\t\t\t\t<\/div>\n\t\t\t\t<\/div>\n\t\t\t\t<div class=\"elementor-element elementor-element-520959c elementor-position-top elementor-widget elementor-widget-image-box\" data-id=\"520959c\" data-element_type=\"widget\" data-widget_type=\"image-box.default\">\n\t\t\t\t<div class=\"elementor-widget-container\">\n\t\t\t\t\t<div class=\"elementor-image-box-wrapper\"><figure class=\"elementor-image-box-img\"><img decoding=\"async\" src=\"https:\/\/easyfairsassets.com\/sites\/201\/elementor\/thumbs\/Seijbel-Photography_Nick-Bouwmeester--e1707744128770-qjpaluxk2jkum065lnkpq5b0oy0wnpjhb0j1vfx9lc.jpg\" title=\"Seijbel Photography_Nick Bouwmeester-\" alt=\"Seijbel Photography_Nick Bouwmeester-\" loading=\"lazy\" \/><\/figure><div class=\"elementor-image-box-content\"><h3 class=\"elementor-image-box-title\">Nick Bouwmeester<\/h3><p class=\"elementor-image-box-description\"><span style=\"font-weight: 700;font-family: Roboto, sans-serif;font-size: 15px;font-style: normal\">Account Manager<\/span><br style=\"font-family: Roboto, sans-serif;font-size: 15px\"><span style=\"font-family: Roboto, sans-serif;font-size: 15px;font-style: normal;font-weight: 400\">+31 (0)631988056 <\/span><br><a href=\"mailto:nick.bouwmeester@easyfairs.com\" style=\"font-size: 15px;font-style: normal;font-weight: 400;font-family: Roboto, sans-serif\">Nick.Bouwmeester@easyfairs.com<\/a><span style=\"font-family: Roboto, sans-serif;font-size: 15px;font-style: normal;font-weight: 400\"><\/span><\/p><\/div><\/div>\t\t\t\t<\/div>\n\t\t\t\t<\/div>\n\t\t\t\t\t<\/div>\n\t\t<\/div>\n\t\t\t\t<div class=\"elementor-column elementor-col-50 elementor-top-column elementor-element elementor-element-8ca669f\" data-id=\"8ca669f\" data-element_type=\"column\">\n\t\t\t<div class=\"elementor-widget-wrap elementor-element-populated\">\n\t\t\t\t\t\t<div class=\"elementor-element elementor-element-37919df elementor-position-top elementor-widget elementor-widget-image-box\" data-id=\"37919df\" data-element_type=\"widget\" data-widget_type=\"image-box.default\">\n\t\t\t\t<div class=\"elementor-widget-container\">\n\t\t\t\t\t<div class=\"elementor-image-box-wrapper\"><figure class=\"elementor-image-box-img\"><img decoding=\"async\" src=\"https:\/\/easyfairsassets.com\/sites\/201\/elementor\/thumbs\/Roos-pluu2v297t8rv6ffsjva5u29p49xwbpf1uwt4bbxlc.png\" title=\"Roos\" alt=\"foto van Rozemarijn Spieard\" loading=\"lazy\" \/><\/figure><div class=\"elementor-image-box-content\"><h3 class=\"elementor-image-box-title\">Rozemarijn Spieard<\/h3><p class=\"elementor-image-box-description\"><span style=\"font-family: Roboto, sans-serif;font-size: 15px;font-style: normal\"><b>Marketing Manager<\/b><\/span><br><span style=\"font-family: Roboto, sans-serif;font-size: 15px;font-style: normal;font-weight: 400\">+31 (0)625568401<\/span><br><a href=\"mailto:Rozemarijn.Spieard@easyfairs.com\" style=\"font-size: 15px;font-style: normal;font-weight: 400;font-family: Roboto, sans-serif\">Rozemarijn.Spieard@easyfairs.com<\/a><span style=\"font-family: Roboto, sans-serif;font-size: 15px;font-style: normal;font-weight: 400\"><\/span><\/p><\/div><\/div>\t\t\t\t<\/div>\n\t\t\t\t<\/div>\n\t\t\t\t<div class=\"elementor-element elementor-element-a6a961b elementor-position-top elementor-widget elementor-widget-image-box\" data-id=\"a6a961b\" data-element_type=\"widget\" data-widget_type=\"image-box.default\">\n\t\t\t\t<div class=\"elementor-widget-container\">\n\t\t\t\t\t<div class=\"elementor-image-box-wrapper\"><figure class=\"elementor-image-box-img\"><img decoding=\"async\" src=\"https:\/\/easyfairsassets.com\/sites\/201\/elementor\/thumbs\/Jeffry-Plaggenmarsch-klein-300x284-1-q8pxkmxc7rd0nc3rs3ehha6mppa6uiufztuigaj4y8.jpg\" title=\"Jeffry-Plaggenmarsch-klein-300&#215;284\" alt=\"Jeffry-Plaggenmarsch-klein-300x284\" loading=\"lazy\" \/><\/figure><div class=\"elementor-image-box-content\"><h3 class=\"elementor-image-box-title\">Jeffry Plaggenmarsch<\/h3><p class=\"elementor-image-box-description\"><span style=\"font-weight: 700;font-family: Roboto, sans-serif;font-size: 15px;font-style: normal\">Vertriebsleiter<\/span><br><span style=\"font-family: Roboto, sans-serif;font-size: 15px;font-style: normal;font-weight: 400\">+31 (0)614866797<\/span><span style=\"font-family: Roboto, sans-serif;font-size: 15px;font-style: normal;font-weight: 400\"><\/span><br><a href=\"mailto:Jeffry.Plaggenmarsch@easyfairs.com\" style=\"font-size: 15px;font-style: normal;font-weight: 400;font-family: Roboto, sans-serif\">Jeffry.Plaggenmarsch@easyfairs.com<\/a><span style=\"font-family: Roboto, sans-serif;font-size: 15px;font-style: normal;font-weight: 400\"><\/span><\/p><\/div><\/div>\t\t\t\t<\/div>\n\t\t\t\t<\/div>\n\t\t\t\t\t<\/div>\n\t\t<\/div>\n\t\t\t\t\t<\/div>\n\t\t<\/section>\n\t\t\t\t<section class=\"elementor-section elementor-top-section elementor-element elementor-element-45fb9d8 elementor-hidden-desktop elementor-hidden-tablet elementor-hidden-mobile elementor-section-boxed elementor-section-height-default elementor-section-height-default\" data-id=\"45fb9d8\" data-element_type=\"section\">\n\t\t\t\t\t\t<div class=\"elementor-container elementor-column-gap-default\">\n\t\t\t\t\t<div class=\"elementor-column elementor-col-100 elementor-top-column elementor-element elementor-element-ecdfdce\" data-id=\"ecdfdce\" data-element_type=\"column\">\n\t\t\t<div class=\"elementor-widget-wrap elementor-element-populated\">\n\t\t\t\t\t\t<div class=\"elementor-element elementor-element-c25903b elementor-widget elementor-widget-heading\" data-id=\"c25903b\" data-element_type=\"widget\" data-widget_type=\"heading.default\">\n\t\t\t\t<div class=\"elementor-widget-container\">\n\t\t\t\t\t<h2 class=\"elementor-heading-title elementor-size-default\">EVENT SERVICES<\/h2>\t\t\t\t<\/div>\n\t\t\t\t<\/div>\n\t\t\t\t\t<\/div>\n\t\t<\/div>\n\t\t\t\t\t<\/div>\n\t\t<\/section>\n\t\t\t\t<section class=\"elementor-section elementor-top-section elementor-element elementor-element-f5c5242 elementor-hidden-desktop elementor-hidden-tablet elementor-hidden-mobile elementor-section-boxed elementor-section-height-default elementor-section-height-default\" data-id=\"f5c5242\" data-element_type=\"section\">\n\t\t\t\t\t\t<div class=\"elementor-container elementor-column-gap-default\">\n\t\t\t\t\t<div class=\"elementor-column elementor-col-50 elementor-top-column elementor-element elementor-element-c126413\" data-id=\"c126413\" data-element_type=\"column\">\n\t\t\t<div class=\"elementor-widget-wrap elementor-element-populated\">\n\t\t\t\t\t\t<div class=\"elementor-element elementor-element-037cfa2 elementor-position-top elementor-widget elementor-widget-image-box\" data-id=\"037cfa2\" data-element_type=\"widget\" data-widget_type=\"image-box.default\">\n\t\t\t\t<div class=\"elementor-widget-container\">\n\t\t\t\t\t<div class=\"elementor-image-box-wrapper\"><figure class=\"elementor-image-box-img\"><img decoding=\"async\" src=\"https:\/\/easyfairsassets.com\/sites\/201\/elementor\/thumbs\/Kelsey-rcsuoe9pmmuz3r1yipts3p1sy19a9zm8h1ub4o1zko.png\" title=\"Kelsey\" alt=\"Kelsey\" loading=\"lazy\" \/><\/figure><div class=\"elementor-image-box-content\"><h3 class=\"elementor-image-box-title\">Kelsey Tukker<\/h3><p class=\"elementor-image-box-description\"><span style=\"font-family: Roboto, sans-serif;font-size: 15px;font-style: normal\"><b>Event Services Ko\u00f6rdinator Ansprechpartner f\u00fcr Aussteller<\/b><\/span><br><span style=\"font-family: Roboto, sans-serif;font-size: 15px;font-style: normal;font-weight: 400\">+31 (0)631988047 <\/span><br><a href=\"mailto:Kelsey.Tukker@easyfairs.com\" style=\"font-size: 15px;font-style: normal;font-weight: 400;font-family: Roboto, sans-serif\" data-cmp-ab=\"2\">Kelsey.Tukker@easyfairs.com<\/a><span style=\"font-family: Roboto, sans-serif;font-size: 15px;font-style: normal;font-weight: 400\"><\/span><\/p><\/div><\/div>\t\t\t\t<\/div>\n\t\t\t\t<\/div>\n\t\t\t\t\t<\/div>\n\t\t<\/div>\n\t\t\t\t<div class=\"elementor-column elementor-col-50 elementor-top-column elementor-element elementor-element-c1f35fe\" data-id=\"c1f35fe\" data-element_type=\"column\">\n\t\t\t<div class=\"elementor-widget-wrap elementor-element-populated\">\n\t\t\t\t\t\t<div class=\"elementor-element elementor-element-66be485 elementor-position-top elementor-widget elementor-widget-image-box\" data-id=\"66be485\" data-element_type=\"widget\" data-widget_type=\"image-box.default\">\n\t\t\t\t<div class=\"elementor-widget-container\">\n\t\t\t\t\t<div class=\"elementor-image-box-wrapper\"><figure class=\"elementor-image-box-img\"><img decoding=\"async\" src=\"https:\/\/easyfairsassets.com\/sites\/201\/elementor\/thumbs\/Nancy-rcsuox2hfbkpjyangxybhkb0tqomjxov7mw0q7a448.png\" title=\"Nancy\" alt=\"Nancy\" loading=\"lazy\" \/><\/figure><div class=\"elementor-image-box-content\"><h3 class=\"elementor-image-box-title\">Nancy van Doorenmalen<\/h3><p class=\"elementor-image-box-description\"><span style=\"font-family: Roboto, sans-serif;font-size: 15px;font-style: normal\"><b>Ansprechpartner f\u00fcr das Messeteam<\/b><\/span><br><span style=\"font-family: Roboto, sans-serif;font-size: 15px;font-style: normal;font-weight: 400\">+31 (0)621153924<\/span><br><a href=\"mailto:Nancy.vandoorenmalen@easyfairs.com\" style=\"font-size: 15px;font-style: normal;font-weight: 400;font-family: Roboto, sans-serif\" data-cmp-ab=\"2\">Nancy.vandoorenmalen@easyfairs.com<\/a><span style=\"font-family: Roboto, sans-serif;font-size: 15px;font-style: normal;font-weight: 400\"><\/span><\/p><\/div><\/div>\t\t\t\t<\/div>\n\t\t\t\t<\/div>\n\t\t\t\t\t<\/div>\n\t\t<\/div>\n\t\t\t\t\t<\/div>\n\t\t<\/section>\n\t\t\t\t<\/div>\n\t\t","protected":false},"excerpt":{"rendered":"<p>DAS TEAM DER RECREATIE VAKBEURS Sie haben Fragen? Nehmen Sie gerne Kontakt mit uns auf! Kristel St\u00f6tefalk Key Account Manager+31 (0)631988041Kristel.Stotefalk@easyfairs.com Nick Bouwmeester Account Manager+31 (0)631988056 Nick.Bouwmeester@easyfairs.com Rozemarijn Spieard Marketing Manager+31 (0)625568401Rozemarijn.Spieard@easyfairs.com Jeffry Plaggenmarsch Vertriebsleiter+31 (0)614866797Jeffry.Plaggenmarsch@easyfairs.com EVENT SERVICES Kelsey Tukker Event Services Ko\u00f6rdinator Ansprechpartner f\u00fcr Aussteller+31 (0)631988047 Kelsey.Tukker@easyfairs.com Nancy van Doorenmalen Ansprechpartner f\u00fcr das Messeteam+31 [&hellip;]<\/p>\n","protected":false},"author":376,"featured_media":115475,"parent":121462,"menu_order":0,"comment_status":"closed","ping_status":"closed","template":"","meta":{"_seopress_robots_primary_cat":"","_seopress_titles_title":"Unser Team | Recreatie Vakbeurs","_seopress_titles_desc":"Lernen Sie das Team der Recreatie Vakbeurs kennen. Haben Sie Fragen? Z\u00f6gern Sie nicht, uns anzusprechen!\r\n\r\n\r\n","_seopress_robots_index":"","footnotes":""},"class_list":["post-121718","page","type-page","status-publish","has-post-thumbnail","hentry"],"_links":{"self":[{"href":"https:\/\/www.recreatie-vakbeurs.nl\/de\/wp-json\/wp\/v2\/pages\/121718","targetHints":{"allow":["GET"]}}],"collection":[{"href":"https:\/\/www.recreatie-vakbeurs.nl\/de\/wp-json\/wp\/v2\/pages"}],"about":[{"href":"https:\/\/www.recreatie-vakbeurs.nl\/de\/wp-json\/wp\/v2\/types\/page"}],"author":[{"embeddable":true,"href":"https:\/\/www.recreatie-vakbeurs.nl\/de\/wp-json\/wp\/v2\/users\/376"}],"replies":[{"embeddable":true,"href":"https:\/\/www.recreatie-vakbeurs.nl\/de\/wp-json\/wp\/v2\/comments?post=121718"}],"version-history":[{"count":5,"href":"https:\/\/www.recreatie-vakbeurs.nl\/de\/wp-json\/wp\/v2\/pages\/121718\/revisions"}],"predecessor-version":[{"id":168119,"href":"https:\/\/www.recreatie-vakbeurs.nl\/de\/wp-json\/wp\/v2\/pages\/121718\/revisions\/168119"}],"up":[{"embeddable":true,"href":"https:\/\/www.recreatie-vakbeurs.nl\/de\/wp-json\/wp\/v2\/pages\/121462"}],"wp:featuredmedia":[{"embeddable":true,"href":"https:\/\/www.recreatie-vakbeurs.nl\/de\/wp-json\/wp\/v2\/media\/115475"}],"wp:attachment":[{"href":"https:\/\/www.recreatie-vakbeurs.nl\/de\/wp-json\/wp\/v2\/media?parent=121718"}],"curies":[{"name":"wp","href":"https:\/\/api.w.org\/{rel}","templated":true}]}}