{"id":121704,"date":"2025-05-23T09:56:01","date_gmt":"2025-05-23T07:56:01","guid":{"rendered":"https:\/\/www.recreatie-vakbeurs.nl\/smart-badge-2\/"},"modified":"2025-10-16T08:31:28","modified_gmt":"2025-10-16T06:31:28","slug":"smart-badge-2","status":"publish","type":"page","link":"https:\/\/www.recreatie-vakbeurs.nl\/de\/teilnehmer\/ich-bin-aussteller\/smart-badge-2\/","title":{"rendered":"Smart Badge"},"content":{"rendered":"\t\t<div data-elementor-type=\"wp-post\" data-elementor-id=\"121704\" class=\"elementor elementor-121704 elementor-642\" data-elementor-post-type=\"page\">\n\t\t\t\t\t\t<section class=\"elementor-section elementor-top-section elementor-element elementor-element-d3419b4 elementor-section-boxed elementor-section-height-default elementor-section-height-default\" data-id=\"d3419b4\" data-element_type=\"section\">\n\t\t\t\t\t\t<div class=\"elementor-container elementor-column-gap-default\">\n\t\t\t\t\t<div class=\"elementor-column elementor-col-66 elementor-top-column elementor-element elementor-element-818fd7c\" data-id=\"818fd7c\" data-element_type=\"column\">\n\t\t\t<div class=\"elementor-widget-wrap elementor-element-populated\">\n\t\t\t\t\t\t<div class=\"elementor-element elementor-element-8bdf536 elementor-widget elementor-widget-heading\" data-id=\"8bdf536\" data-element_type=\"widget\" data-widget_type=\"heading.default\">\n\t\t\t\t<div class=\"elementor-widget-container\">\n\t\t\t\t\t<h2 class=\"elementor-heading-title elementor-size-default\">Holen Sie das Maximum aus Ihrem Badgeleser heraus<\/h2>\t\t\t\t<\/div>\n\t\t\t\t<\/div>\n\t\t\t\t<div class=\"elementor-element elementor-element-6d340e0 elementor-widget elementor-widget-heading\" data-id=\"6d340e0\" data-element_type=\"widget\" data-widget_type=\"heading.default\">\n\t\t\t\t<div class=\"elementor-widget-container\">\n\t\t\t\t\t<h5 class=\"elementor-heading-title elementor-size-medium\"><i>Verwandeln Sie Ihre Besucher in wertvolle Leads<\/i><\/h5>\t\t\t\t<\/div>\n\t\t\t\t<\/div>\n\t\t\t\t\t<\/div>\n\t\t<\/div>\n\t\t\t\t<div class=\"elementor-column elementor-col-33 elementor-top-column elementor-element elementor-element-f5c8c28\" data-id=\"f5c8c28\" data-element_type=\"column\">\n\t\t\t<div class=\"elementor-widget-wrap elementor-element-populated\">\n\t\t\t\t\t\t<div class=\"elementor-element elementor-element-da75e12 elementor-widget elementor-widget-image\" data-id=\"da75e12\" data-element_type=\"widget\" data-widget_type=\"image.default\">\n\t\t\t\t<div class=\"elementor-widget-container\">\n\t\t\t\t\t\t\t\t\t\t\t\t\t\t\t<img fetchpriority=\"high\" decoding=\"async\" width=\"362\" height=\"452\" src=\"https:\/\/easyfairsassets.com\/sites\/201\/2019\/06\/EasyGo-01.png\" class=\"attachment-large size-large wp-image-121705\" alt=\"icoon: smart badge wordt gescand\" srcset=\"https:\/\/easyfairsassets.com\/sites\/201\/2019\/06\/EasyGo-01.png 362w, https:\/\/easyfairsassets.com\/sites\/201\/2019\/06\/EasyGo-01-240x300.png 240w\" sizes=\"(max-width: 362px) 100vw, 362px\" \/>\t\t\t\t\t\t\t\t\t\t\t\t\t\t\t<\/div>\n\t\t\t\t<\/div>\n\t\t\t\t\t<\/div>\n\t\t<\/div>\n\t\t\t\t\t<\/div>\n\t\t<\/section>\n\t\t\t\t<section class=\"elementor-section elementor-top-section elementor-element elementor-element-457a636 elementor-section-boxed elementor-section-height-default elementor-section-height-default\" data-id=\"457a636\" data-element_type=\"section\" data-settings=\"{&quot;background_background&quot;:&quot;classic&quot;}\">\n\t\t\t\t\t\t<div class=\"elementor-container elementor-column-gap-default\">\n\t\t\t\t\t<div class=\"elementor-column elementor-col-25 elementor-top-column elementor-element elementor-element-648d66d\" data-id=\"648d66d\" data-element_type=\"column\" data-settings=\"{&quot;background_background&quot;:&quot;classic&quot;}\">\n\t\t\t<div class=\"elementor-widget-wrap\">\n\t\t\t\t\t\t\t<\/div>\n\t\t<\/div>\n\t\t\t\t<div class=\"elementor-column elementor-col-50 elementor-top-column elementor-element elementor-element-8e499c0\" data-id=\"8e499c0\" data-element_type=\"column\" data-settings=\"{&quot;background_background&quot;:&quot;classic&quot;}\">\n\t\t\t<div class=\"elementor-widget-wrap elementor-element-populated\">\n\t\t\t\t\t\t<div class=\"elementor-element elementor-element-1e99ab9 elementor-hidden-phone elementor-widget elementor-widget-image\" data-id=\"1e99ab9\" data-element_type=\"widget\" data-widget_type=\"image.default\">\n\t\t\t\t<div class=\"elementor-widget-container\">\n\t\t\t\t\t\t\t\t\t\t\t\t\t\t\t<img decoding=\"async\" width=\"150\" height=\"150\" src=\"https:\/\/easyfairsassets.com\/sites\/201\/2019\/06\/EasyGo-02-150x150.png\" class=\"elementor-animation-grow attachment-thumbnail size-thumbnail wp-image-121708\" alt=\"badgelezer\" \/>\t\t\t\t\t\t\t\t\t\t\t\t\t\t\t<\/div>\n\t\t\t\t<\/div>\n\t\t\t\t\t<\/div>\n\t\t<\/div>\n\t\t\t\t<div class=\"elementor-column elementor-col-25 elementor-top-column elementor-element elementor-element-7bbb072\" data-id=\"7bbb072\" data-element_type=\"column\">\n\t\t\t<div class=\"elementor-widget-wrap elementor-element-populated\">\n\t\t\t\t\t\t<div class=\"elementor-element elementor-element-2f0858d elementor-widget elementor-widget-heading\" data-id=\"2f0858d\" data-element_type=\"widget\" data-widget_type=\"heading.default\">\n\t\t\t\t<div class=\"elementor-widget-container\">\n\t\t\t\t\t<h3 class=\"elementor-heading-title elementor-size-default\">WAS MACHT IHR BADGELESER?<\/h3>\t\t\t\t<\/div>\n\t\t\t\t<\/div>\n\t\t\t\t<div class=\"elementor-element elementor-element-297bde8 elementor-widget elementor-widget-text-editor\" data-id=\"297bde8\" data-element_type=\"widget\" data-widget_type=\"text-editor.default\">\n\t\t\t\t<div class=\"elementor-widget-container\">\n\t\t\t\t\t\t\t\t\t<p>Die Badgeleser, die Sie als Aussteller w\u00e4hrend Ihrer Teilnahme erhalten, verbessern das Besuchererlebnis erheblich. Mit diesen Leseger\u00e4ten k\u00f6nnen Besucher ganz einfach Informationen \u00fcber Ihr Unternehmen, Ihre Produkte und gegebenenfalls Ihre Stellenangebote sammeln. Die Anzahl der Badgeleser, die Sie erhalten, h\u00e4ngt von dem EasyGo-Paket ab, das Sie gew\u00e4hlt haben. Der Badgeleser sendet die Informationen, die Sie in Ihrem My Easyfairs-Profil hochgeladen haben. So behalten Sie selbst die Kontrolle \u00fcber die Inhalte, die Sie mit den Besuchern teilen.<\/p>\n\t\t\t\t\t\t\t\t<\/div>\n\t\t\t\t<\/div>\n\t\t\t\t\t<\/div>\n\t\t<\/div>\n\t\t\t\t\t<\/div>\n\t\t<\/section>\n\t\t\t\t<section class=\"elementor-section elementor-top-section elementor-element elementor-element-4b739ba elementor-section-boxed elementor-section-height-default elementor-section-height-default\" data-id=\"4b739ba\" data-element_type=\"section\" data-settings=\"{&quot;background_background&quot;:&quot;classic&quot;}\">\n\t\t\t\t\t\t<div class=\"elementor-container elementor-column-gap-default\">\n\t\t\t\t\t<div class=\"elementor-column elementor-col-33 elementor-top-column elementor-element elementor-element-ab97df8\" data-id=\"ab97df8\" data-element_type=\"column\">\n\t\t\t<div class=\"elementor-widget-wrap elementor-element-populated\">\n\t\t\t\t\t\t<div class=\"elementor-element elementor-element-442e80b elementor-widget elementor-widget-heading\" data-id=\"442e80b\" data-element_type=\"widget\" data-widget_type=\"heading.default\">\n\t\t\t\t<div class=\"elementor-widget-container\">\n\t\t\t\t\t<h3 class=\"elementor-heading-title elementor-size-default\">WIE FUNKTIONIERT ES?<\/h3>\t\t\t\t<\/div>\n\t\t\t\t<\/div>\n\t\t\t\t<div class=\"elementor-element elementor-element-3774051 elementor-widget elementor-widget-text-editor\" data-id=\"3774051\" data-element_type=\"widget\" data-widget_type=\"text-editor.default\">\n\t\t\t\t<div class=\"elementor-widget-container\">\n\t\t\t\t\t\t\t\t\t<p>Besucher erhalten beim Betreten der Messe ihren pers\u00f6nlichen Badge. Mit diesem Badge k\u00f6nnen sie ganz einfach Ihren Badgeleser auf dem Stand scannen. Am n\u00e4chsten Tag erhalten sie per E-Mail Ihre Produkt- und Unternehmensinformationen, die Sie \u00fcber My Easyfairs bereitgestellt haben.<\/p>\n\t\t\t\t\t\t\t\t<\/div>\n\t\t\t\t<\/div>\n\t\t\t\t\t<\/div>\n\t\t<\/div>\n\t\t\t\t<div class=\"elementor-column elementor-col-33 elementor-top-column elementor-element elementor-element-d3b2277\" data-id=\"d3b2277\" data-element_type=\"column\">\n\t\t\t<div class=\"elementor-widget-wrap elementor-element-populated\">\n\t\t\t\t\t\t<div class=\"elementor-element elementor-element-178c7e0 elementor-hidden-phone elementor-widget elementor-widget-image\" data-id=\"178c7e0\" data-element_type=\"widget\" data-widget_type=\"image.default\">\n\t\t\t\t<div class=\"elementor-widget-container\">\n\t\t\t\t\t\t\t\t\t\t\t\t\t\t\t<img decoding=\"async\" width=\"150\" height=\"150\" src=\"https:\/\/easyfairsassets.com\/sites\/201\/2019\/06\/EasyGo-03-150x150.png\" class=\"elementor-animation-grow attachment-thumbnail size-thumbnail wp-image-121706\" alt=\"badge\" \/>\t\t\t\t\t\t\t\t\t\t\t\t\t\t\t<\/div>\n\t\t\t\t<\/div>\n\t\t\t\t\t<\/div>\n\t\t<\/div>\n\t\t\t\t<div class=\"elementor-column elementor-col-33 elementor-top-column elementor-element elementor-element-c971ba8\" data-id=\"c971ba8\" data-element_type=\"column\">\n\t\t\t<div class=\"elementor-widget-wrap\">\n\t\t\t\t\t\t\t<\/div>\n\t\t<\/div>\n\t\t\t\t\t<\/div>\n\t\t<\/section>\n\t\t\t\t<section class=\"elementor-section elementor-top-section elementor-element elementor-element-d040f4d elementor-section-boxed elementor-section-height-default elementor-section-height-default\" data-id=\"d040f4d\" data-element_type=\"section\" data-settings=\"{&quot;background_background&quot;:&quot;classic&quot;}\">\n\t\t\t\t\t\t<div class=\"elementor-container elementor-column-gap-default\">\n\t\t\t\t\t<div class=\"elementor-column elementor-col-33 elementor-top-column elementor-element elementor-element-54d3c29\" data-id=\"54d3c29\" data-element_type=\"column\">\n\t\t\t<div class=\"elementor-widget-wrap elementor-element-populated\">\n\t\t\t\t\t\t<div class=\"elementor-element elementor-element-3bfda0a elementor-widget elementor-widget-heading\" data-id=\"3bfda0a\" data-element_type=\"widget\" data-widget_type=\"heading.default\">\n\t\t\t\t<div class=\"elementor-widget-container\">\n\t\t\t\t\t<h2 class=\"elementor-heading-title elementor-size-default\">IHRE VORTEILE ALS AUSSTELLER<\/h2>\t\t\t\t<\/div>\n\t\t\t\t<\/div>\n\t\t\t\t<div class=\"elementor-element elementor-element-5a57ca3 elementor-position-left elementor-view-default elementor-mobile-position-top elementor-widget elementor-widget-icon-box\" data-id=\"5a57ca3\" data-element_type=\"widget\" data-widget_type=\"icon-box.default\">\n\t\t\t\t<div class=\"elementor-widget-container\">\n\t\t\t\t\t\t\t<div class=\"elementor-icon-box-wrapper\">\n\n\t\t\t\t\t\t<div class=\"elementor-icon-box-icon\">\n\t\t\t\t<span  class=\"elementor-icon\">\n\t\t\t\t<i aria-hidden=\"true\" class=\"fas fa-check\"><\/i>\t\t\t\t<\/span>\n\t\t\t<\/div>\n\t\t\t\n\t\t\t\t\t\t<div class=\"elementor-icon-box-content\">\n\n\t\t\t\t\t\t\t\t\t<h5 class=\"elementor-icon-box-title\">\n\t\t\t\t\t\t<span  >\n\t\t\t\t\t\t\tVerbreiten Sie Ihre Unternehmensinformationen m\u00fchelos\t\t\t\t\t\t<\/span>\n\t\t\t\t\t<\/h5>\n\t\t\t\t\n\t\t\t\t\t\t\t\t\t<p class=\"elementor-icon-box-description\">\n\t\t\t\t\t\tAuch Besucher, mit denen Sie kein Gespr\u00e4ch gef\u00fchrt haben, erhalten Ihre Informationen \u2013 einfach durch das Scannen Ihres Badgelesers mit dem Besucherbadge.<br>\t\t\t\t\t<\/p>\n\t\t\t\t\n\t\t\t<\/div>\n\t\t\t\n\t\t<\/div>\n\t\t\t\t\t\t<\/div>\n\t\t\t\t<\/div>\n\t\t\t\t<div class=\"elementor-element elementor-element-68fdb8e elementor-position-left elementor-view-default elementor-mobile-position-top elementor-widget elementor-widget-icon-box\" data-id=\"68fdb8e\" data-element_type=\"widget\" data-widget_type=\"icon-box.default\">\n\t\t\t\t<div class=\"elementor-widget-container\">\n\t\t\t\t\t\t\t<div class=\"elementor-icon-box-wrapper\">\n\n\t\t\t\t\t\t<div class=\"elementor-icon-box-icon\">\n\t\t\t\t<span  class=\"elementor-icon\">\n\t\t\t\t<i aria-hidden=\"true\" class=\"fas fa-check\"><\/i>\t\t\t\t<\/span>\n\t\t\t<\/div>\n\t\t\t\n\t\t\t\t\t\t<div class=\"elementor-icon-box-content\">\n\n\t\t\t\t\t\t\t\t\t<h5 class=\"elementor-icon-box-title\">\n\t\t\t\t\t\t<span  >\n\t\t\t\t\t\t\tSparen Sie Kosten und reduzieren Sie Abfall\t\t\t\t\t\t<\/span>\n\t\t\t\t\t<\/h5>\n\t\t\t\t\n\t\t\t\t\t\t\t\t\t<p class=\"elementor-icon-box-description\">\n\t\t\t\t\t\tDurch den digitalen Informationsaustausch sparen Sie Druckkosten f\u00fcr Brosch\u00fcren, Kataloge und andere Materialien \u2013 und vermeiden gleichzeitig Transportaufwand und Papierm\u00fcll.<br>\t\t\t\t\t<\/p>\n\t\t\t\t\n\t\t\t<\/div>\n\t\t\t\n\t\t<\/div>\n\t\t\t\t\t\t<\/div>\n\t\t\t\t<\/div>\n\t\t\t\t<div class=\"elementor-element elementor-element-b9c9879 elementor-position-left elementor-view-default elementor-mobile-position-top elementor-widget elementor-widget-icon-box\" data-id=\"b9c9879\" data-element_type=\"widget\" data-widget_type=\"icon-box.default\">\n\t\t\t\t<div class=\"elementor-widget-container\">\n\t\t\t\t\t\t\t<div class=\"elementor-icon-box-wrapper\">\n\n\t\t\t\t\t\t<div class=\"elementor-icon-box-icon\">\n\t\t\t\t<span  class=\"elementor-icon\">\n\t\t\t\t<i aria-hidden=\"true\" class=\"fas fa-check\"><\/i>\t\t\t\t<\/span>\n\t\t\t<\/div>\n\t\t\t\n\t\t\t\t\t\t<div class=\"elementor-icon-box-content\">\n\n\t\t\t\t\t\t\t\t\t<h5 class=\"elementor-icon-box-title\">\n\t\t\t\t\t\t<span  >\n\t\t\t\t\t\t\tVerbessern Sie das Besuchererlebnis\t\t\t\t\t\t<\/span>\n\t\t\t\t\t<\/h5>\n\t\t\t\t\n\t\t\t\t\t\t\t\t\t<p class=\"elementor-icon-box-description\">\n\t\t\t\t\t\tBesucher, die Ihren Badgeleser scannen, erhalten Ihre Informationen in digitaler Form. Diese lassen sich unkompliziert per E-Mail oder \u00fcber soziale Netzwerke mit Kolleginnen, Kollegen oder Bekannten teilen.<br>\t\t\t\t\t<\/p>\n\t\t\t\t\n\t\t\t<\/div>\n\t\t\t\n\t\t<\/div>\n\t\t\t\t\t\t<\/div>\n\t\t\t\t<\/div>\n\t\t\t\t<div class=\"elementor-element elementor-element-3ee5c8c elementor-position-left elementor-view-default elementor-mobile-position-top elementor-widget elementor-widget-icon-box\" data-id=\"3ee5c8c\" data-element_type=\"widget\" data-widget_type=\"icon-box.default\">\n\t\t\t\t<div class=\"elementor-widget-container\">\n\t\t\t\t\t\t\t<div class=\"elementor-icon-box-wrapper\">\n\n\t\t\t\t\t\t<div class=\"elementor-icon-box-icon\">\n\t\t\t\t<span  class=\"elementor-icon\">\n\t\t\t\t<i aria-hidden=\"true\" class=\"fas fa-check\"><\/i>\t\t\t\t<\/span>\n\t\t\t<\/div>\n\t\t\t\n\t\t\t\t\t\t<div class=\"elementor-icon-box-content\">\n\n\t\t\t\t\t\t\t\t\t<h5 class=\"elementor-icon-box-title\">\n\t\t\t\t\t\t<span  >\n\t\t\t\t\t\t\tMehr Kontakte und neue Chancen\t\t\t\t\t\t<\/span>\n\t\t\t\t\t<\/h5>\n\t\t\t\t\n\t\t\t\t\t\t\t\t\t<p class=\"elementor-icon-box-description\">\n\t\t\t\t\t\tNutzen Sie zus\u00e4tzlich das Tool Visit Connect, um aktiv Besucherausweise zu scannen \u2013 insbesondere von Interessenten, mit denen Sie Gespr\u00e4che gef\u00fchrt haben. Sie k\u00f6nnen Notizen und Kommentare hinzuf\u00fcgen, um die Nachverfolgung zu vereinfachen. Ermutigen Sie Besucher au\u00dferdem dazu, Ihren Badgeleser zu scannen, um auch mit jenen in Kontakt zu treten, die Sie nicht pers\u00f6nlich gesprochen haben.\t\t\t\t\t<\/p>\n\t\t\t\t\n\t\t\t<\/div>\n\t\t\t\n\t\t<\/div>\n\t\t\t\t\t\t<\/div>\n\t\t\t\t<\/div>\n\t\t\t\t<div class=\"elementor-element elementor-element-de17972 elementor-position-left elementor-view-default elementor-mobile-position-top elementor-widget elementor-widget-icon-box\" data-id=\"de17972\" data-element_type=\"widget\" data-widget_type=\"icon-box.default\">\n\t\t\t\t<div class=\"elementor-widget-container\">\n\t\t\t\t\t\t\t<div class=\"elementor-icon-box-wrapper\">\n\n\t\t\t\t\t\t<div class=\"elementor-icon-box-icon\">\n\t\t\t\t<span  class=\"elementor-icon\">\n\t\t\t\t<i aria-hidden=\"true\" class=\"fas fa-check\"><\/i>\t\t\t\t<\/span>\n\t\t\t<\/div>\n\t\t\t\n\t\t\t\t\t\t<div class=\"elementor-icon-box-content\">\n\n\t\t\t\t\t\t\t\t\t<h5 class=\"elementor-icon-box-title\">\n\t\t\t\t\t\t<span  >\n\t\t\t\t\t\t\tVereinfachen Sie Ihre Lead-Generierung nach der Messe\t\t\t\t\t\t<\/span>\n\t\t\t\t\t<\/h5>\n\t\t\t\t\n\t\t\t\t\t\t\t\t\t<p class=\"elementor-icon-box-description\">\n\t\t\t\t\t\tNach der Recreatie Vakbeurs erhalten Sie eine Liste der Besucher, die Ihre Informationen digital gesammelt haben. Kein manuelles Erfassen von Visitenkarten oder Kontaktformularen mehr n\u00f6tig.\t\t\t\t\t<\/p>\n\t\t\t\t\n\t\t\t<\/div>\n\t\t\t\n\t\t<\/div>\n\t\t\t\t\t\t<\/div>\n\t\t\t\t<\/div>\n\t\t\t\t\t<\/div>\n\t\t<\/div>\n\t\t\t\t<div class=\"elementor-column elementor-col-33 elementor-top-column elementor-element elementor-element-7ede5f9\" data-id=\"7ede5f9\" data-element_type=\"column\">\n\t\t\t<div class=\"elementor-widget-wrap\">\n\t\t\t\t\t\t\t<\/div>\n\t\t<\/div>\n\t\t\t\t<div class=\"elementor-column elementor-col-33 elementor-top-column elementor-element elementor-element-eeb6cb2\" data-id=\"eeb6cb2\" data-element_type=\"column\">\n\t\t\t<div class=\"elementor-widget-wrap elementor-element-populated\">\n\t\t\t\t\t\t<div class=\"elementor-element elementor-element-bf347aa elementor-widget elementor-widget-heading\" data-id=\"bf347aa\" data-element_type=\"widget\" data-widget_type=\"heading.default\">\n\t\t\t\t<div class=\"elementor-widget-container\">\n\t\t\t\t\t<h2 class=\"elementor-heading-title elementor-size-default\">Wie funktioniert der Smart Badge?<\/h2>\t\t\t\t<\/div>\n\t\t\t\t<\/div>\n\t\t\t\t<div class=\"elementor-element elementor-element-ff3cae1 elementor-widget elementor-widget-video\" data-id=\"ff3cae1\" data-element_type=\"widget\" data-settings=\"{&quot;youtube_url&quot;:&quot;https:\\\/\\\/youtu.be\\\/Ehamtk32M2Q?si=jUsSbyDt9a93pc_9&quot;,&quot;video_type&quot;:&quot;youtube&quot;,&quot;controls&quot;:&quot;yes&quot;}\" data-widget_type=\"video.default\">\n\t\t\t\t<div class=\"elementor-widget-container\">\n\t\t\t\t\t\t\t<div class=\"elementor-wrapper elementor-open-inline\">\n\t\t\t<div class=\"elementor-video\"><\/div>\t\t<\/div>\n\t\t\t\t\t\t<\/div>\n\t\t\t\t<\/div>\n\t\t\t\t<div class=\"elementor-element elementor-element-1577f27 elementor-widget elementor-widget-spacer\" data-id=\"1577f27\" data-element_type=\"widget\" data-widget_type=\"spacer.default\">\n\t\t\t\t<div class=\"elementor-widget-container\">\n\t\t\t\t\t\t\t<div class=\"elementor-spacer\">\n\t\t\t<div class=\"elementor-spacer-inner\"><\/div>\n\t\t<\/div>\n\t\t\t\t\t\t<\/div>\n\t\t\t\t<\/div>\n\t\t\t\t<div class=\"elementor-element elementor-element-cac9a88 elementor-widget elementor-widget-text-editor\" data-id=\"cac9a88\" data-element_type=\"widget\" data-widget_type=\"text-editor.default\">\n\t\t\t\t<div class=\"elementor-widget-container\">\n\t\t\t\t\t\t\t\t\t<p>&#8222;Sehr zug\u00e4nglich f\u00fcr Besucher &amp; einfach in der Anwendung.&#8220;<br \/>\u2013 Aussteller, Transport &amp; Logistics Antwerpen, Belgien<\/p>\n<p>&#8222;Tolles System, um unsere Wirkung zu messen.&#8220;<br \/>\u2013 Aussteller, Futurizz Madrid, Spanien<\/p>\n<p>&#8222;Die M\u00f6glichkeit, zus\u00e4tzliche Kontakte zu kn\u00fcpfen, selbst wenn der Stand gut besucht ist.&#8220;<br \/>\u2013 Aussteller, Transport &amp; Logistics Antwerpen, Belgien<\/p>\n\t\t\t\t\t\t\t\t<\/div>\n\t\t\t\t<\/div>\n\t\t\t\t\t<\/div>\n\t\t<\/div>\n\t\t\t\t\t<\/div>\n\t\t<\/section>\n\t\t\t\t<section class=\"elementor-section elementor-top-section elementor-element elementor-element-b688d87 elementor-section-boxed elementor-section-height-default elementor-section-height-default\" data-id=\"b688d87\" data-element_type=\"section\">\n\t\t\t\t\t\t<div class=\"elementor-container elementor-column-gap-default\">\n\t\t\t\t\t<div class=\"elementor-column elementor-col-33 elementor-top-column elementor-element elementor-element-0ef520e\" data-id=\"0ef520e\" data-element_type=\"column\" data-settings=\"{&quot;background_background&quot;:&quot;classic&quot;}\">\n\t\t\t<div class=\"elementor-widget-wrap elementor-element-populated\">\n\t\t\t\t\t\t<div class=\"elementor-element elementor-element-5d0ab6c elementor-hidden-phone elementor-widget elementor-widget-spacer\" data-id=\"5d0ab6c\" data-element_type=\"widget\" data-widget_type=\"spacer.default\">\n\t\t\t\t<div class=\"elementor-widget-container\">\n\t\t\t\t\t\t\t<div class=\"elementor-spacer\">\n\t\t\t<div class=\"elementor-spacer-inner\"><\/div>\n\t\t<\/div>\n\t\t\t\t\t\t<\/div>\n\t\t\t\t<\/div>\n\t\t\t\t\t<\/div>\n\t\t<\/div>\n\t\t\t\t<div class=\"elementor-column elementor-col-66 elementor-top-column elementor-element elementor-element-8097584\" data-id=\"8097584\" data-element_type=\"column\">\n\t\t\t<div class=\"elementor-widget-wrap elementor-element-populated\">\n\t\t\t\t\t\t<div class=\"elementor-element elementor-element-8a1a758 elementor-widget elementor-widget-heading\" data-id=\"8a1a758\" data-element_type=\"widget\" data-widget_type=\"heading.default\">\n\t\t\t\t<div class=\"elementor-widget-container\">\n\t\t\t\t\t<h3 class=\"elementor-heading-title elementor-size-default\">W\u00c4HREND DER RECREATIE VAKBEURS<\/h3>\t\t\t\t<\/div>\n\t\t\t\t<\/div>\n\t\t\t\t<div class=\"elementor-element elementor-element-0b878af elementor-widget elementor-widget-text-editor\" data-id=\"0b878af\" data-element_type=\"widget\" data-widget_type=\"text-editor.default\">\n\t\t\t\t<div class=\"elementor-widget-container\">\n\t\t\t\t\t\t\t\t\t<ol>\n<li>Platzieren Sie den Badgeleser auf Ihrem Stand: sichtbar, gut erreichbar und in geeigneter H\u00f6he zum einfachen Scannen. Ben\u00f6tigen Sie Beratung? Wir helfen Ihnen gerne weiter!<\/li>\n<li>Die Batterien des Badgelesers halten die gesamte Messezeit \u00fcber.<\/li>\n<li>Bringen Sie den Badgeleser am Ende des letzten Messetages zur\u00fcck.<\/li>\n<li>Nach der Messe erhalten Sie die Besucherliste der Personen, die Ihren Badgeleser gescannt haben. Diese Informationen sind auch \u00fcber My Easyfairs abrufbar.<\/li>\n<\/ol>\n<p>Hinweis: Der von Ihnen gemietete Badgeleser bleibt Eigentum von Visit by GES. Nicht zur\u00fcckgegebene Ger\u00e4te werden mit 500 \u20ac in Rechnung gestellt.<\/p>\n<p>Inspiration gef\u00e4llig? Klicken Sie auf den untenstehenden Button, um Beispiele zu sehen, wie andere Aussteller den Badge-Scanner eingesetzt haben.<\/p>\n\t\t\t\t\t\t\t\t<\/div>\n\t\t\t\t<\/div>\n\t\t\t\t<div class=\"elementor-element elementor-element-cc55948 elementor-widget elementor-widget-button\" data-id=\"cc55948\" data-element_type=\"widget\" data-widget_type=\"button.default\">\n\t\t\t\t<div class=\"elementor-widget-container\">\n\t\t\t\t\t\t\t\t\t<div class=\"elementor-button-wrapper\">\n\t\t\t\t\t<a class=\"elementor-button elementor-button-link elementor-size-sm\" href=\"https:\/\/easyfairsassets.com\/sites\/201\/2025\/06\/EasyGo_Inspiratiegids-Smart-Badge-en-Visit-Connect.pdf\" target=\"_blank\">\n\t\t\t\t\t\t<span class=\"elementor-button-content-wrapper\">\n\t\t\t\t\t\t\t\t\t<span class=\"elementor-button-text\">Hier klicken<\/span>\n\t\t\t\t\t<\/span>\n\t\t\t\t\t<\/a>\n\t\t\t\t<\/div>\n\t\t\t\t\t\t\t\t<\/div>\n\t\t\t\t<\/div>\n\t\t\t\t\t<\/div>\n\t\t<\/div>\n\t\t\t\t\t<\/div>\n\t\t<\/section>\n\t\t\t\t<section class=\"elementor-section elementor-top-section elementor-element elementor-element-d66e4b9 elementor-section-boxed elementor-section-height-default elementor-section-height-default\" data-id=\"d66e4b9\" data-element_type=\"section\">\n\t\t\t\t\t\t<div class=\"elementor-container elementor-column-gap-default\">\n\t\t\t\t\t<div class=\"elementor-column elementor-col-100 elementor-top-column elementor-element elementor-element-57e748d\" data-id=\"57e748d\" data-element_type=\"column\">\n\t\t\t<div class=\"elementor-widget-wrap elementor-element-populated\">\n\t\t\t\t\t\t<div class=\"elementor-element elementor-element-9599eb8 elementor-widget elementor-widget-image\" data-id=\"9599eb8\" data-element_type=\"widget\" data-widget_type=\"image.default\">\n\t\t\t\t<div class=\"elementor-widget-container\">\n\t\t\t\t\t\t\t\t\t\t\t\t\t\t\t<img loading=\"lazy\" decoding=\"async\" width=\"300\" height=\"164\" src=\"https:\/\/easyfairsassets.com\/sites\/201\/2022\/11\/EASYGO_25_HR-1-300x164.png\" class=\"attachment-medium size-medium wp-image-113094\" alt=\"logo EasyGo\" srcset=\"https:\/\/easyfairsassets.com\/sites\/201\/2022\/11\/EASYGO_25_HR-1-300x164.png 300w, https:\/\/easyfairsassets.com\/sites\/201\/2022\/11\/EASYGO_25_HR-1-1024x560.png 1024w, https:\/\/easyfairsassets.com\/sites\/201\/2022\/11\/EASYGO_25_HR-1-768x420.png 768w, https:\/\/easyfairsassets.com\/sites\/201\/2022\/11\/EASYGO_25_HR-1-1536x840.png 1536w, https:\/\/easyfairsassets.com\/sites\/201\/2022\/11\/EASYGO_25_HR-1.png 1920w\" sizes=\"(max-width: 300px) 100vw, 300px\" \/>\t\t\t\t\t\t\t\t\t\t\t\t\t\t\t<\/div>\n\t\t\t\t<\/div>\n\t\t\t\t\t<\/div>\n\t\t<\/div>\n\t\t\t\t\t<\/div>\n\t\t<\/section>\n\t\t\t\t<\/div>\n\t\t","protected":false},"excerpt":{"rendered":"<p>Holen Sie das Maximum aus Ihrem Badgeleser heraus Verwandeln Sie Ihre Besucher in wertvolle Leads WAS MACHT IHR BADGELESER? Die Badgeleser, die Sie als Aussteller w\u00e4hrend Ihrer Teilnahme erhalten, verbessern das Besuchererlebnis erheblich. Mit diesen Leseger\u00e4ten k\u00f6nnen Besucher ganz einfach Informationen \u00fcber Ihr Unternehmen, Ihre Produkte und gegebenenfalls Ihre Stellenangebote sammeln. Die Anzahl der Badgeleser, [&hellip;]<\/p>\n","protected":false},"author":376,"featured_media":7689,"parent":121964,"menu_order":0,"comment_status":"closed","ping_status":"closed","template":"","meta":{"_seopress_robots_primary_cat":"","_seopress_titles_title":"Smart Badge | Recreatie Vakbeurs","_seopress_titles_desc":"Bei der Recreatie Vakbeurs erhalten alle Besucherinnen und Besucher beim Eintritt ein Smart Badge. Mit diesem Badge k\u00f6nnen Sie interessante Aussteller scannen.","_seopress_robots_index":"","footnotes":""},"class_list":["post-121704","page","type-page","status-publish","has-post-thumbnail","hentry"],"_links":{"self":[{"href":"https:\/\/www.recreatie-vakbeurs.nl\/de\/wp-json\/wp\/v2\/pages\/121704","targetHints":{"allow":["GET"]}}],"collection":[{"href":"https:\/\/www.recreatie-vakbeurs.nl\/de\/wp-json\/wp\/v2\/pages"}],"about":[{"href":"https:\/\/www.recreatie-vakbeurs.nl\/de\/wp-json\/wp\/v2\/types\/page"}],"author":[{"embeddable":true,"href":"https:\/\/www.recreatie-vakbeurs.nl\/de\/wp-json\/wp\/v2\/users\/376"}],"replies":[{"embeddable":true,"href":"https:\/\/www.recreatie-vakbeurs.nl\/de\/wp-json\/wp\/v2\/comments?post=121704"}],"version-history":[{"count":5,"href":"https:\/\/www.recreatie-vakbeurs.nl\/de\/wp-json\/wp\/v2\/pages\/121704\/revisions"}],"predecessor-version":[{"id":166551,"href":"https:\/\/www.recreatie-vakbeurs.nl\/de\/wp-json\/wp\/v2\/pages\/121704\/revisions\/166551"}],"up":[{"embeddable":true,"href":"https:\/\/www.recreatie-vakbeurs.nl\/de\/wp-json\/wp\/v2\/pages\/121964"}],"wp:featuredmedia":[{"embeddable":true,"href":"https:\/\/www.recreatie-vakbeurs.nl\/de\/wp-json\/wp\/v2\/media\/7689"}],"wp:attachment":[{"href":"https:\/\/www.recreatie-vakbeurs.nl\/de\/wp-json\/wp\/v2\/media?parent=121704"}],"curies":[{"name":"wp","href":"https:\/\/api.w.org\/{rel}","templated":true}]}}