{"id":121364,"date":"2025-05-21T11:17:57","date_gmt":"2025-05-21T09:17:57","guid":{"rendered":"https:\/\/www.recreatie-vakbeurs.nl\/praktische-informationen\/"},"modified":"2025-07-23T12:23:38","modified_gmt":"2025-07-23T10:23:38","slug":"praktische-informationen","status":"publish","type":"page","link":"https:\/\/www.recreatie-vakbeurs.nl\/de\/teilnehmer\/ich-bin-aussteller\/praktische-informationen\/","title":{"rendered":"Praktische Informationen"},"content":{"rendered":"\t\t<div data-elementor-type=\"wp-post\" data-elementor-id=\"121364\" class=\"elementor elementor-121364 elementor-486\" data-elementor-post-type=\"page\">\n\t\t\t\t\t\t<section class=\"elementor-section elementor-top-section elementor-element elementor-element-691b982 elementor-section-boxed elementor-section-height-default elementor-section-height-default\" data-id=\"691b982\" data-element_type=\"section\">\n\t\t\t\t\t\t<div class=\"elementor-container elementor-column-gap-default\">\n\t\t\t\t\t<div class=\"elementor-column elementor-col-66 elementor-top-column elementor-element elementor-element-931555e\" data-id=\"931555e\" data-element_type=\"column\">\n\t\t\t<div class=\"elementor-widget-wrap elementor-element-populated\">\n\t\t\t\t\t\t<div class=\"elementor-element elementor-element-e8aebf0 elementor-widget elementor-widget-heading\" data-id=\"e8aebf0\" data-element_type=\"widget\" data-widget_type=\"heading.default\">\n\t\t\t\t<div class=\"elementor-widget-container\">\n\t\t\t\t\t<h2 class=\"elementor-heading-title elementor-size-default\">My Easyfairs<\/h2>\t\t\t\t<\/div>\n\t\t\t\t<\/div>\n\t\t\t\t<div class=\"elementor-element elementor-element-96968cb elementor-widget elementor-widget-text-editor\" data-id=\"96968cb\" data-element_type=\"widget\" data-widget_type=\"text-editor.default\">\n\t\t\t\t<div class=\"elementor-widget-container\">\n\t\t\t\t\t\t\t\t\t<p>Nach Ihrer Anmeldung als Aussteller der Recreatie Vakbeurs erhalten Sie Ihre Zugangsdaten f\u00fcr <a href=\"https:\/\/my.easyfairs.com\/\" target=\"_blank\" rel=\"noopener\">My Easyfairs<\/a>. Dort k\u00f6nnen Sie zus\u00e4tzliche Bestellungen t\u00e4tigen, wie zum Beispiel Strom oder M\u00f6bel. Au\u00dferdem sehen Sie in My Easyfairs Ihre Standnummer und haben die M\u00f6glichkeit, Informationen f\u00fcr Ihre Unternehmensseite bereitzustellen.<\/p>\n\t\t\t\t\t\t\t\t<\/div>\n\t\t\t\t<\/div>\n\t\t\t\t<div class=\"elementor-element elementor-element-23a9b60 elementor-align-left elementor-mobile-align-center elementor-widget elementor-widget-button\" data-id=\"23a9b60\" data-element_type=\"widget\" data-widget_type=\"button.default\">\n\t\t\t\t<div class=\"elementor-widget-container\">\n\t\t\t\t\t\t\t\t\t<div class=\"elementor-button-wrapper\">\n\t\t\t\t\t<a class=\"elementor-button elementor-button-link elementor-size-sm\" href=\"https:\/\/www.recreatie-vakbeurs.nl\/de\/teilnehmer\/ich-bin-aussteller\/my-easyfairs\/\">\n\t\t\t\t\t\t<span class=\"elementor-button-content-wrapper\">\n\t\t\t\t\t\t<span class=\"elementor-button-icon\">\n\t\t\t\t<i aria-hidden=\"true\" class=\"fas fa-info-circle\"><\/i>\t\t\t<\/span>\n\t\t\t\t\t\t\t\t\t<span class=\"elementor-button-text\">Mehr Information<\/span>\n\t\t\t\t\t<\/span>\n\t\t\t\t\t<\/a>\n\t\t\t\t<\/div>\n\t\t\t\t\t\t\t\t<\/div>\n\t\t\t\t<\/div>\n\t\t\t\t<div class=\"elementor-element elementor-element-09f75eb elementor-widget elementor-widget-spacer\" data-id=\"09f75eb\" data-element_type=\"widget\" data-widget_type=\"spacer.default\">\n\t\t\t\t<div class=\"elementor-widget-container\">\n\t\t\t\t\t\t\t<div class=\"elementor-spacer\">\n\t\t\t<div class=\"elementor-spacer-inner\"><\/div>\n\t\t<\/div>\n\t\t\t\t\t\t<\/div>\n\t\t\t\t<\/div>\n\t\t\t\t<div class=\"elementor-element elementor-element-379c72f elementor-widget elementor-widget-heading\" data-id=\"379c72f\" data-element_type=\"widget\" data-widget_type=\"heading.default\">\n\t\t\t\t<div class=\"elementor-widget-container\">\n\t\t\t\t\t<h2 class=\"elementor-heading-title elementor-size-default\">Teilnehmer Restaurant<\/h2>\t\t\t\t<\/div>\n\t\t\t\t<\/div>\n\t\t\t\t<div class=\"elementor-element elementor-element-c32821b elementor-widget elementor-widget-text-editor\" data-id=\"c32821b\" data-element_type=\"widget\" data-widget_type=\"text-editor.default\">\n\t\t\t\t<div class=\"elementor-widget-container\">\n\t\t\t\t\t\t\t\t\t<p>W\u00e4hrend der Messe k\u00f6nnen Sie im Ausstellerrestaurant zu Mittag essen. Ihre Teilnahme beinhaltet 2 Lunchgutscheine. Ben\u00f6tigen Sie zus\u00e4tzliche Lunchgutscheine? Diese k\u00f6nnen Sie im Webshop von My Easyfairs bestellen oder w\u00e4hrend der Messe an der Messe-Rezeption in der Galerie kaufen<\/p>\n\t\t\t\t\t\t\t\t<\/div>\n\t\t\t\t<\/div>\n\t\t\t\t<div class=\"elementor-element elementor-element-a722b5c elementor-widget elementor-widget-heading\" data-id=\"a722b5c\" data-element_type=\"widget\" data-widget_type=\"heading.default\">\n\t\t\t\t<div class=\"elementor-widget-container\">\n\t\t\t\t\t<h2 class=\"elementor-heading-title elementor-size-default\">Aussteller-Badges<\/h2>\t\t\t\t<\/div>\n\t\t\t\t<\/div>\n\t\t\t\t<div class=\"elementor-element elementor-element-6433014 elementor-widget elementor-widget-text-editor\" data-id=\"6433014\" data-element_type=\"widget\" data-widget_type=\"text-editor.default\">\n\t\t\t\t<div class=\"elementor-widget-container\">\n\t\t\t\t\t\t\t\t\t<p>\u00dcber <a href=\"https:\/\/my.easyfairs.com\/\" target=\"_blank\" rel=\"noopener\">My Easyfairs<\/a> k\u00f6nnen Sie Ihr Standpersonal anmelden. Dies ist etwa 4 Wochen vor Messebeginn m\u00f6glich. Das Standpersonal erh\u00e4lt anschlie\u00dfend eine Best\u00e4tigung, mit der es Zugang zur Messehalle erh\u00e4lt. M\u00f6chten sie auch im Ausstellerrestaurant essen? Ihr Stand beinhaltet 2 Lunchgutscheine f\u00fcr 3 Tage, die Sie an der Rezeption abholen k\u00f6nnen. Zus\u00e4tzliche Lunchgutscheine bestellen Sie im Webshop von My Easyfairs.<\/p>\n\t\t\t\t\t\t\t\t<\/div>\n\t\t\t\t<\/div>\n\t\t\t\t<div class=\"elementor-element elementor-element-58d1756 elementor-widget elementor-widget-heading\" data-id=\"58d1756\" data-element_type=\"widget\" data-widget_type=\"heading.default\">\n\t\t\t\t<div class=\"elementor-widget-container\">\n\t\t\t\t\t<h2 class=\"elementor-heading-title elementor-size-default\">Ein- und Ausfahrtsplan f\u00fcr Gro\u00dfmaterial<\/h2>\t\t\t\t<\/div>\n\t\t\t\t<\/div>\n\t\t\t\t<div class=\"elementor-element elementor-element-f845962 elementor-widget elementor-widget-text-editor\" data-id=\"f845962\" data-element_type=\"widget\" data-widget_type=\"text-editor.default\">\n\t\t\t\t<div class=\"elementor-widget-container\">\n\t\t\t\t\t\t\t\t\t<p>Das Ein- und Ausfahren von Chalets, Tiny Houses, Schwimmb\u00e4dern (gro\u00dfe Ger\u00e4te) erfolgt nach einem Ein- und Ausfahrtsplan. Nur zu den festgelegten Zeiten d\u00fcrfen diese auf dem Stand platziert werden. Bitte melden Sie sich daf\u00fcr bei <a href=\"mailto: nancy.vandoorenmalen@easyfairs.com\">Nancy van Doorenmalen<\/a> an.<\/p>\n\t\t\t\t\t\t\t\t<\/div>\n\t\t\t\t<\/div>\n\t\t\t\t\t<\/div>\n\t\t<\/div>\n\t\t\t\t<div class=\"elementor-column elementor-col-33 elementor-top-column elementor-element elementor-element-ef9ab25\" data-id=\"ef9ab25\" data-element_type=\"column\" data-settings=\"{&quot;background_background&quot;:&quot;classic&quot;}\">\n\t\t\t<div class=\"elementor-widget-wrap elementor-element-populated\">\n\t\t\t\t\t\t<div class=\"elementor-element elementor-element-d4deaae elementor-widget elementor-widget-heading\" data-id=\"d4deaae\" data-element_type=\"widget\" data-widget_type=\"heading.default\">\n\t\t\t\t<div class=\"elementor-widget-container\">\n\t\t\t\t\t<h2 class=\"elementor-heading-title elementor-size-default\">HANDBUCH<\/h2>\t\t\t\t<\/div>\n\t\t\t\t<\/div>\n\t\t\t\t<div class=\"elementor-element elementor-element-eca95b6 elementor-widget elementor-widget-text-editor\" data-id=\"eca95b6\" data-element_type=\"widget\" data-widget_type=\"text-editor.default\">\n\t\t\t\t<div class=\"elementor-widget-container\">\n\t\t\t\t\t\t\t\t\t<p>Demn\u00e4chst folgt das Ausstellerhandbuch mit allen Fristen und n\u00fctzlichen Tipps f\u00fcr Ihre Teilnahme.<\/p>\n\t\t\t\t\t\t\t\t<\/div>\n\t\t\t\t<\/div>\n\t\t\t\t<div class=\"elementor-element elementor-element-cf8fc9e elementor-widget elementor-widget-spacer\" data-id=\"cf8fc9e\" data-element_type=\"widget\" data-widget_type=\"spacer.default\">\n\t\t\t\t<div class=\"elementor-widget-container\">\n\t\t\t\t\t\t\t<div class=\"elementor-spacer\">\n\t\t\t<div class=\"elementor-spacer-inner\"><\/div>\n\t\t<\/div>\n\t\t\t\t\t\t<\/div>\n\t\t\t\t<\/div>\n\t\t\t\t<div class=\"elementor-element elementor-element-2abf984 elementor-widget elementor-widget-heading\" data-id=\"2abf984\" data-element_type=\"widget\" data-widget_type=\"heading.default\">\n\t\t\t\t<div class=\"elementor-widget-container\">\n\t\t\t\t\t<h2 class=\"elementor-heading-title elementor-size-default\">\u00d6ffnungszeiten<\/h2>\t\t\t\t<\/div>\n\t\t\t\t<\/div>\n\t\t\t\t<section class=\"elementor-section elementor-inner-section elementor-element elementor-element-92a649e elementor-section-boxed elementor-section-height-default elementor-section-height-default\" data-id=\"92a649e\" data-element_type=\"section\">\n\t\t\t\t\t\t<div class=\"elementor-container elementor-column-gap-default\">\n\t\t\t\t\t<div class=\"elementor-column elementor-col-100 elementor-inner-column elementor-element elementor-element-a12d9e9\" data-id=\"a12d9e9\" data-element_type=\"column\">\n\t\t\t<div class=\"elementor-widget-wrap elementor-element-populated\">\n\t\t\t\t\t\t<div class=\"elementor-element elementor-element-651ee9b elementor-widget elementor-widget-text-editor\" data-id=\"651ee9b\" data-element_type=\"widget\" data-widget_type=\"text-editor.default\">\n\t\t\t\t<div class=\"elementor-widget-container\">\n\t\t\t\t\t\t\t\t\t<p>Dienstag, 11. November 2025\u200310:00 \u2013 18:00 Uhr<br \/>Mittwoch, 12. November 2025\u200310:00 \u2013 18:00 Uhr<br \/>Donnerstag, 13. November 2025\u200310:00 \u2013 18:00 Uhr<\/p>\n\t\t\t\t\t\t\t\t<\/div>\n\t\t\t\t<\/div>\n\t\t\t\t\t<\/div>\n\t\t<\/div>\n\t\t\t\t\t<\/div>\n\t\t<\/section>\n\t\t\t\t<div class=\"elementor-element elementor-element-ab68058 elementor-widget elementor-widget-heading\" data-id=\"ab68058\" data-element_type=\"widget\" data-widget_type=\"heading.default\">\n\t\t\t\t<div class=\"elementor-widget-container\">\n\t\t\t\t\t<h2 class=\"elementor-heading-title elementor-size-default\">AUFBAU<\/h2>\t\t\t\t<\/div>\n\t\t\t\t<\/div>\n\t\t\t\t<div class=\"elementor-element elementor-element-6eb1ca2 elementor-widget elementor-widget-text-editor\" data-id=\"6eb1ca2\" data-element_type=\"widget\" data-widget_type=\"text-editor.default\">\n\t\t\t\t<div class=\"elementor-widget-container\">\n\t\t\t\t\t\t\t\t\t<p>Die Auf- und Abbauzeiten werden hier in K\u00fcrze bekanntgegeben.<\/p>\n\t\t\t\t\t\t\t\t<\/div>\n\t\t\t\t<\/div>\n\t\t\t\t<div class=\"elementor-element elementor-element-a85ab83 elementor-widget elementor-widget-heading\" data-id=\"a85ab83\" data-element_type=\"widget\" data-widget_type=\"heading.default\">\n\t\t\t\t<div class=\"elementor-widget-container\">\n\t\t\t\t\t<h2 class=\"elementor-heading-title elementor-size-default\">ABBAU<\/h2>\t\t\t\t<\/div>\n\t\t\t\t<\/div>\n\t\t\t\t\t<\/div>\n\t\t<\/div>\n\t\t\t\t\t<\/div>\n\t\t<\/section>\n\t\t\t\t<section class=\"elementor-section elementor-top-section elementor-element elementor-element-6ee4439 elementor-section-boxed elementor-section-height-default elementor-section-height-default\" data-id=\"6ee4439\" data-element_type=\"section\">\n\t\t\t\t\t\t<div class=\"elementor-container elementor-column-gap-default\">\n\t\t\t\t\t<div class=\"elementor-column elementor-col-100 elementor-top-column elementor-element elementor-element-72c6efd\" data-id=\"72c6efd\" data-element_type=\"column\">\n\t\t\t<div class=\"elementor-widget-wrap elementor-element-populated\">\n\t\t\t\t\t\t<div class=\"elementor-element elementor-element-a7efc77 elementor-countdown--label-block elementor-widget elementor-widget-countdown\" data-id=\"a7efc77\" data-element_type=\"widget\" data-widget_type=\"countdown.default\">\n\t\t\t\t<div class=\"elementor-widget-container\">\n\t\t\t\t\t\t\t<div class=\"elementor-countdown-wrapper\" data-date=\"1762851600\">\n\t\t\t<div class=\"elementor-countdown-item\"><span class=\"elementor-countdown-digits elementor-countdown-days\"><\/span> <span class=\"elementor-countdown-label\">Days<\/span><\/div><div class=\"elementor-countdown-item\"><span class=\"elementor-countdown-digits elementor-countdown-hours\"><\/span> <span class=\"elementor-countdown-label\">Hours<\/span><\/div><div class=\"elementor-countdown-item\"><span class=\"elementor-countdown-digits elementor-countdown-minutes\"><\/span> <span class=\"elementor-countdown-label\">Minutes<\/span><\/div><div class=\"elementor-countdown-item\"><span class=\"elementor-countdown-digits elementor-countdown-seconds\"><\/span> <span class=\"elementor-countdown-label\">Seconds<\/span><\/div>\t\t<\/div>\n\t\t\t\t\t\t<\/div>\n\t\t\t\t<\/div>\n\t\t\t\t\t<\/div>\n\t\t<\/div>\n\t\t\t\t\t<\/div>\n\t\t<\/section>\n\t\t\t\t<section class=\"elementor-section elementor-top-section elementor-element elementor-element-9cc56c6 elementor-section-boxed elementor-section-height-default elementor-section-height-default\" data-id=\"9cc56c6\" data-element_type=\"section\">\n\t\t\t\t\t\t<div class=\"elementor-container elementor-column-gap-default\">\n\t\t\t\t\t<div class=\"elementor-column elementor-col-25 elementor-top-column elementor-element elementor-element-9c5b215\" data-id=\"9c5b215\" data-element_type=\"column\">\n\t\t\t<div class=\"elementor-widget-wrap elementor-element-populated\">\n\t\t\t\t\t\t<div class=\"elementor-element elementor-element-db4f80b elementor-widget elementor-widget-image\" data-id=\"db4f80b\" data-element_type=\"widget\" data-widget_type=\"image.default\">\n\t\t\t\t<div class=\"elementor-widget-container\">\n\t\t\t\t\t\t\t\t\t\t\t\t\t\t\t<img fetchpriority=\"high\" decoding=\"async\" width=\"800\" height=\"534\" src=\"https:\/\/easyfairsassets.com\/sites\/201\/2025\/04\/20241113-EASYFAIRS-RECREATIE-VAKBEURS-LR-527-1024x683.jpg\" class=\"attachment-large size-large wp-image-121049\" alt=\"sfeer impressie\" srcset=\"https:\/\/easyfairsassets.com\/sites\/201\/2025\/04\/20241113-EASYFAIRS-RECREATIE-VAKBEURS-LR-527-1024x683.jpg 1024w, https:\/\/easyfairsassets.com\/sites\/201\/2025\/04\/20241113-EASYFAIRS-RECREATIE-VAKBEURS-LR-527-300x200.jpg 300w, https:\/\/easyfairsassets.com\/sites\/201\/2025\/04\/20241113-EASYFAIRS-RECREATIE-VAKBEURS-LR-527-768x512.jpg 768w, https:\/\/easyfairsassets.com\/sites\/201\/2025\/04\/20241113-EASYFAIRS-RECREATIE-VAKBEURS-LR-527.jpg 1200w\" sizes=\"(max-width: 800px) 100vw, 800px\" \/>\t\t\t\t\t\t\t\t\t\t\t\t\t\t\t<\/div>\n\t\t\t\t<\/div>\n\t\t\t\t\t<\/div>\n\t\t<\/div>\n\t\t\t\t<div class=\"elementor-column elementor-col-25 elementor-top-column elementor-element elementor-element-3d55087\" data-id=\"3d55087\" data-element_type=\"column\">\n\t\t\t<div class=\"elementor-widget-wrap elementor-element-populated\">\n\t\t\t\t\t\t<div class=\"elementor-element elementor-element-2c8764c elementor-widget elementor-widget-image\" data-id=\"2c8764c\" data-element_type=\"widget\" data-widget_type=\"image.default\">\n\t\t\t\t<div class=\"elementor-widget-container\">\n\t\t\t\t\t\t\t\t\t\t\t\t\t\t\t<img decoding=\"async\" width=\"800\" height=\"534\" src=\"https:\/\/easyfairsassets.com\/sites\/201\/2025\/04\/20241113-EASYFAIRS-RECREATIE-VAKBEURS-LR-189-1024x683.jpg\" class=\"attachment-large size-large wp-image-121048\" alt=\"beurs stand\" srcset=\"https:\/\/easyfairsassets.com\/sites\/201\/2025\/04\/20241113-EASYFAIRS-RECREATIE-VAKBEURS-LR-189-1024x683.jpg 1024w, https:\/\/easyfairsassets.com\/sites\/201\/2025\/04\/20241113-EASYFAIRS-RECREATIE-VAKBEURS-LR-189-300x200.jpg 300w, https:\/\/easyfairsassets.com\/sites\/201\/2025\/04\/20241113-EASYFAIRS-RECREATIE-VAKBEURS-LR-189-768x512.jpg 768w, https:\/\/easyfairsassets.com\/sites\/201\/2025\/04\/20241113-EASYFAIRS-RECREATIE-VAKBEURS-LR-189.jpg 1200w\" sizes=\"(max-width: 800px) 100vw, 800px\" \/>\t\t\t\t\t\t\t\t\t\t\t\t\t\t\t<\/div>\n\t\t\t\t<\/div>\n\t\t\t\t\t<\/div>\n\t\t<\/div>\n\t\t\t\t<div class=\"elementor-column elementor-col-25 elementor-top-column elementor-element elementor-element-ff18b6b\" data-id=\"ff18b6b\" data-element_type=\"column\">\n\t\t\t<div class=\"elementor-widget-wrap elementor-element-populated\">\n\t\t\t\t\t\t<div class=\"elementor-element elementor-element-bc5c68e elementor-widget elementor-widget-image\" data-id=\"bc5c68e\" data-element_type=\"widget\" data-widget_type=\"image.default\">\n\t\t\t\t<div class=\"elementor-widget-container\">\n\t\t\t\t\t\t\t\t\t\t\t\t\t\t\t<img decoding=\"async\" width=\"800\" height=\"534\" src=\"https:\/\/easyfairsassets.com\/sites\/201\/2025\/04\/20241113-EASYFAIRS-RECREATIE-VAKBEURS-LR-550-1024x683.jpg\" class=\"attachment-large size-large wp-image-121053\" alt=\"sauna op de beurs\" srcset=\"https:\/\/easyfairsassets.com\/sites\/201\/2025\/04\/20241113-EASYFAIRS-RECREATIE-VAKBEURS-LR-550-1024x683.jpg 1024w, https:\/\/easyfairsassets.com\/sites\/201\/2025\/04\/20241113-EASYFAIRS-RECREATIE-VAKBEURS-LR-550-300x200.jpg 300w, https:\/\/easyfairsassets.com\/sites\/201\/2025\/04\/20241113-EASYFAIRS-RECREATIE-VAKBEURS-LR-550-768x512.jpg 768w, https:\/\/easyfairsassets.com\/sites\/201\/2025\/04\/20241113-EASYFAIRS-RECREATIE-VAKBEURS-LR-550.jpg 1200w\" sizes=\"(max-width: 800px) 100vw, 800px\" \/>\t\t\t\t\t\t\t\t\t\t\t\t\t\t\t<\/div>\n\t\t\t\t<\/div>\n\t\t\t\t\t<\/div>\n\t\t<\/div>\n\t\t\t\t<div class=\"elementor-column elementor-col-25 elementor-top-column elementor-element elementor-element-8a12f49\" data-id=\"8a12f49\" data-element_type=\"column\">\n\t\t\t<div class=\"elementor-widget-wrap elementor-element-populated\">\n\t\t\t\t\t\t<div class=\"elementor-element elementor-element-5806118 elementor-widget elementor-widget-image\" data-id=\"5806118\" data-element_type=\"widget\" data-widget_type=\"image.default\">\n\t\t\t\t<div class=\"elementor-widget-container\">\n\t\t\t\t\t\t\t\t\t\t\t\t\t\t\t<img loading=\"lazy\" decoding=\"async\" width=\"800\" height=\"534\" src=\"https:\/\/easyfairsassets.com\/sites\/201\/2023\/11\/20231114-EASYFAIRS-RECREATIEVAKBEURS23-HR-105-1024x683.jpg\" class=\"attachment-large size-large wp-image-115475\" alt=\"entree recreatie vakbeurs\" srcset=\"https:\/\/easyfairsassets.com\/sites\/201\/2023\/11\/20231114-EASYFAIRS-RECREATIEVAKBEURS23-HR-105-1024x683.jpg 1024w, https:\/\/easyfairsassets.com\/sites\/201\/2023\/11\/20231114-EASYFAIRS-RECREATIEVAKBEURS23-HR-105-300x200.jpg 300w, https:\/\/easyfairsassets.com\/sites\/201\/2023\/11\/20231114-EASYFAIRS-RECREATIEVAKBEURS23-HR-105-768x512.jpg 768w, https:\/\/easyfairsassets.com\/sites\/201\/2023\/11\/20231114-EASYFAIRS-RECREATIEVAKBEURS23-HR-105-1536x1024.jpg 1536w, https:\/\/easyfairsassets.com\/sites\/201\/2023\/11\/20231114-EASYFAIRS-RECREATIEVAKBEURS23-HR-105.jpg 1920w\" sizes=\"(max-width: 800px) 100vw, 800px\" \/>\t\t\t\t\t\t\t\t\t\t\t\t\t\t\t<\/div>\n\t\t\t\t<\/div>\n\t\t\t\t\t<\/div>\n\t\t<\/div>\n\t\t\t\t\t<\/div>\n\t\t<\/section>\n\t\t\t\t<\/div>\n\t\t","protected":false},"excerpt":{"rendered":"<p>My Easyfairs Nach Ihrer Anmeldung als Aussteller der Recreatie Vakbeurs erhalten Sie Ihre Zugangsdaten f\u00fcr My Easyfairs. Dort k\u00f6nnen Sie zus\u00e4tzliche Bestellungen t\u00e4tigen, wie zum Beispiel Strom oder M\u00f6bel. Au\u00dferdem sehen Sie in My Easyfairs Ihre Standnummer und haben die M\u00f6glichkeit, Informationen f\u00fcr Ihre Unternehmensseite bereitzustellen. Mehr Information Teilnehmer Restaurant W\u00e4hrend der Messe k\u00f6nnen Sie [&hellip;]<\/p>\n","protected":false},"author":376,"featured_media":113029,"parent":121964,"menu_order":0,"comment_status":"closed","ping_status":"closed","template":"","meta":{"_seopress_robots_primary_cat":"","_seopress_titles_title":"Praktische Informationen | Recreatie Vakbeurs","_seopress_titles_desc":"M\u00f6chten Sie mehr \u00fcber die Adresse, die Anfahrt, Parkm\u00f6glichkeiten oder weitere Einrichtungen bei der Recreatie Vakbeurs erfahren? Hier finden Sie alle praktischen Informationen.","_seopress_robots_index":"","footnotes":""},"class_list":["post-121364","page","type-page","status-publish","has-post-thumbnail","hentry"],"_links":{"self":[{"href":"https:\/\/www.recreatie-vakbeurs.nl\/de\/wp-json\/wp\/v2\/pages\/121364","targetHints":{"allow":["GET"]}}],"collection":[{"href":"https:\/\/www.recreatie-vakbeurs.nl\/de\/wp-json\/wp\/v2\/pages"}],"about":[{"href":"https:\/\/www.recreatie-vakbeurs.nl\/de\/wp-json\/wp\/v2\/types\/page"}],"author":[{"embeddable":true,"href":"https:\/\/www.recreatie-vakbeurs.nl\/de\/wp-json\/wp\/v2\/users\/376"}],"replies":[{"embeddable":true,"href":"https:\/\/www.recreatie-vakbeurs.nl\/de\/wp-json\/wp\/v2\/comments?post=121364"}],"version-history":[{"count":2,"href":"https:\/\/www.recreatie-vakbeurs.nl\/de\/wp-json\/wp\/v2\/pages\/121364\/revisions"}],"predecessor-version":[{"id":129024,"href":"https:\/\/www.recreatie-vakbeurs.nl\/de\/wp-json\/wp\/v2\/pages\/121364\/revisions\/129024"}],"up":[{"embeddable":true,"href":"https:\/\/www.recreatie-vakbeurs.nl\/de\/wp-json\/wp\/v2\/pages\/121964"}],"wp:featuredmedia":[{"embeddable":true,"href":"https:\/\/www.recreatie-vakbeurs.nl\/de\/wp-json\/wp\/v2\/media\/113029"}],"wp:attachment":[{"href":"https:\/\/www.recreatie-vakbeurs.nl\/de\/wp-json\/wp\/v2\/media?parent=121364"}],"curies":[{"name":"wp","href":"https:\/\/api.w.org\/{rel}","templated":true}]}}